{"id":2503,"date":"2025-05-14T09:55:36","date_gmt":"2025-05-14T09:55:36","guid":{"rendered":"https:\/\/www.valicon.net\/?page_id=2503"},"modified":"2025-09-16T08:25:58","modified_gmt":"2025-09-16T08:25:58","slug":"privacy-data-collection","status":"publish","type":"page","link":"https:\/\/www.valicon.net\/sr\/privacy-data-collection\/","title":{"rendered":"Privacy &#8211; Data collection"},"content":{"rendered":"<p>[et_pb_section fb_built=&#8221;1&#8243; _builder_version=&#8221;4.24.2&#8243; _module_preset=&#8221;default&#8221; global_colors_info=&#8221;{}&#8221;][et_pb_row _builder_version=&#8221;4.24.2&#8243; _module_preset=&#8221;default&#8221; global_colors_info=&#8221;{}&#8221;][et_pb_column type=&#8221;4_4&#8243; _builder_version=&#8221;4.24.2&#8243; _module_preset=&#8221;default&#8221; global_colors_info=&#8221;{}&#8221;][et_pb_text _builder_version=&#8221;4.24.2&#8243; _module_preset=&#8221;default&#8221; global_colors_info=&#8221;{}&#8221;]<\/p>\n<p>&nbsp;<\/p>\n<p>&nbsp;<\/p>\n<p>&nbsp;<\/p>\n<h2 style=\"text-align: center;\">Politika privatnosti za sprovo\u0111enje projekata prikupljanja podataka<\/h2>\n<p>&nbsp;<\/p>\n<p>Ova Politika privatnosti opisuje kako Valicon, marketin\u0161ko savetovanje i istra\u017eivanje tr\u017ei\u0161ta d.o.o., Kneza Milo\u0161a 68, 11000 Beograd (u daljem tekstu: Valicon), prikuplja, pohranjuje i koristi li\u010dne podatke dobijene u okviru istra\u017eiva\u010dkih aktivnosti koje sprovodi kao deo svog poslovanja.\n\nIzuzetak su istra\u017eivanja koja se sprovode u okviru online panela Opinia.Club, gde se anketiranje i obrada podataka vr\u0161e na druga\u010diji na\u010din. Za opis tog procesa, molimo posetite web stranicu: <a href=\"http:\/\/www.opinia.club\">www.opinia.club<\/a>.<\/p>\n<p>Molimo Vas da pa\u017eljivo pro\u010ditate ovu Politiku privatnosti.<\/p>\n<ol>\n<li><strong>O nama<\/strong><\/li>\n<\/ol>\n<p>Za obradu podataka odgovorna je kompanija VALICON d.o.o., sa sedi\u0161tem na adresi: Kneza Milo\u0161a 68, 11000 Beograd, Srbija.<\/p>\n<p class=\"translation-block\">Ukoliko imate bilo kakvih pitanja, molimo vas da nas kontaktirate na e-mail: <\/span><\/a><a href=\"mailto:varstvo.podatkov@valicon.net\" target=\"_self\">varstvo.podatkov@valicon.net<\/a>.<\/p>\n<p>Slu\u017ebenik za za\u0161titu li\u010dnih podataka (DPO) za kompaniju VALICON d.o.o. je preduze\u0107e \u201cInfo hi\u0161a\u201d, sa sedi\u0161tem na adresi Likozarjeva ul. 14, 1000 Ljubljana.\n\nMo\u017eete ih kontaktirati putem e-maila: dpo.valicon@info-hisa.si.<\/p>\n<ol start=\"2\">\n<li><strong>Kako prikupljamo Va\u0161e li\u010dne podatke<\/strong><\/li>\n<\/ol>\n<p>Prikupljamo Va\u0161e li\u010dne podatke u sklopu razli\u010ditih projekata prikupljanja podataka (npr. terenskih, telefonskih, kvalitativnih, online i drugih istra\u017eivanja).\n\nVa\u0161i li\u010dni podaci se mogu prikupljati i obra\u0111ivati na osnovu:\n(i) Va\u0161e izri\u010dite pismene ili elektronske saglasnosti (\u010dlan 6(1)(a) Op\u0161te uredbe o za\u0161titi podataka (GDPR)); ili\n(ii) u slu\u010daju terenskih i telefonskih anketa, na osnovu izvr\u0161enja ugovora, konkretno Va\u0161eg dobrovoljnog u\u010de\u0161\u0107a u anketi (\u010dlan 6(1)(b) GDPR).<\/p>\n<ol start=\"3\">\n<li><strong>Svrhe obrade i Pravni osnov<\/strong><br \/>a) Sprovo\u0111enje anketa i istra\u017eivanja<\/li>\n<\/ol>\n<p>U vezi sa Va\u0161im u\u010de\u0161\u0107em u projektima prikupljanja podataka za na\u0161e klijente ili za upotrebu u na\u0161im vlastitim istra\u017eivanjima, obra\u0111ujemo Va\u0161e li\u010dne podatke, uklju\u010duju\u0107i Va\u0161e ime i prezime, kontakt podatke (broj telefona, e-mail adresu i po\u0161tansku adresu), odgovore iz anketa dobijene tokom istra\u017eivanja, uklju\u010duju\u0107i i posebne kategorije li\u010dnih podataka, kao i sve audio, video ili druge elektronske snimke neophodne u svrhu kvalitativnog istra\u017eivanja.\n\nLi\u010dni podaci se obra\u0111uju u svrhu sprovo\u0111enja istra\u017eivanja, \u0161to uklju\u010duje kreiranje uzorka, regrutovanje ispitanika, sprovo\u0111enje ankete i analizu rezultata. U slu\u010dajevima kada se u\u010desnici nagra\u0111uju za svoje u\u010de\u0161\u0107e putem nov\u010dane uplate, tako\u0111e se obra\u0111uju i podaci neophodni za izvr\u0161enje takve uplate (kao \u0161to su broj bankovnog ra\u010duna, podaci o banci, itd.).<\/p>\n<p>Pravni osnov za obradu je Va\u0161a saglasnost za u\u010de\u0161\u0107e u anketi.<\/p>\n<p>Posebne kategorije li\u010dnih podataka<\/p>\n<p>U odre\u0111enim istra\u017eiva\u010dkim projektima mo\u017eemo obra\u0111ivati i posebne kategorije li\u010dnih podataka. To uklju\u010duje podatke koji otkrivaju rasno ili etni\u010dko poreklo, politi\u010dka mi\u0161ljenja, verska ili filozofska uverenja ili \u010dlanstvo u sindikatu, kao i genetske podatke, biometrijske podatke, podatke o zdravlju, ili podatke koji se odnose na seksualni \u017eivot ili seksualnu orijentaciju pojedinca.\n\nTakvi podaci se obra\u0111uju isklju\u010divo u svrhe formiranja uzorka, regrutovanja ispitanika, sprovo\u0111enja ankete i obrade rezultata. Sva obrada ovih posebnih kategorija li\u010dnih podataka vr\u0161i se isklju\u010divo na osnovu saglasnosti pojedinca (\u010dlan 6(1) (a) Op\u0161te uredbe o za\u0161titi podataka).<\/p>\n<p>Ukoliko obra\u0111ujemo Va\u0161e li\u010dne podatke na osnovu Va\u0161e saglasnosti (\u010dlan 6(1)(a) GDPR), imate pravo da povu\u010dete svoju saglasnost u bilo kojem trenutku slanjem e-maila na: varstvo.podatkov@valicon.net. Imajte u vidu da je ova e-mail adresa za\u0161ti\u0107ena od nepo\u017eeljne po\u0161te (spam). Da biste je videli, molimo omogu\u0107ite JavaScript.\n\nDatum stupanja na snagu takvog povla\u010denja saglasnosti je 30 radnih dana od datuma prijema Va\u0161eg zahteva.<\/p>\n<p><span style=\"font-size: 14px;\">b) Prevencija zloupotrebe<\/span><\/p>\n<p>U svrhu za\u0161tite na\u0161eg poslovanja i legitimnih interesa, uklju\u010duju\u0107i spre\u010davanje prevara i falsifikovanja podataka, tako\u0111e obra\u0111ujemo i podatke koji se odnose na Va\u0161 online identifikator i karakteristike Va\u0161eg web preglednika.\n\nOva obrada je neophodna za za\u0161titu na\u0161ih legitimnih interesa, kao \u0161to su spre\u010davanje prevara i za\u0161tita na\u0161eg poslovanja. Pravni osnov za ovu obradu je legitimni interes kontrolora (\u010dlan 6(1)(f) GDPR).<\/p>\n<p><span style=\"font-size: 14px;\">c) Statisti\u010dke i istra\u017eiva\u010dke svrhe<\/span><\/p>\n<p>Kada nije mogu\u0107e koristiti anonimizirane podatke iz rezultata istra\u017eivanja, koristi\u0107emo pseudonimizirane podatke u istra\u017eiva\u010dke svrhe, kao \u0161to je prou\u010davanje stopa odaziva na pozive za anketiranje, ovisno o metodologiji istra\u017eivanja i kanalu putem kojeg su u\u010desnici regrutovani.\n\nPravni osnov za ovu vrstu obrade je na\u0161 legitimni interes (\u010dlan 6(1) (f) Op\u0161te uredbe o za\u0161titi podataka).<\/p>\n<p><span style=\"font-size: 14px;\">d) Kola\u010di\u0107i<\/span><\/p>\n<p class=\"translation-block\">Kada posetite na\u0161u web stranicu, u Va\u0161 preglednik se instaliraju kola\u010di\u0107i i sli\u010dne tehnologije za pra\u0107enje. Za detaljne informacije o takvoj obradi, molimo Vas da pogledate na\u0161u <a href=\"https:\/\/www.valicon.net\/sr\/cookie-policy\/\" target=\"_self\">Politiku o kola\u010di\u0107ima<\/a>.<\/p>\n<ol start=\"4\">\n<li><strong>Obrada li\u010dnih podataka dece<\/strong><\/li>\n<\/ol>\n<p>Ne\u0107emo prikupljati niti obra\u0111ivati li\u010dne podatke dece mla\u0111e od 15 godina, osim ako smo dobili roditeljsku saglasnost u skladu s va\u017ee\u0107im zakonom. Ako saznamo da smo nenamerno prikupili podatke koji se odnose na dete, takve podatke \u0107emo odmah izbrisati.<\/p>\n<ol start=\"5\">\n<li><strong>\u010cuvanje li\u010dnih podataka i period obrade<\/strong><\/li>\n<\/ol>\n<p>Va\u0161i li\u010dni podaci su sa\u010duvani na vlastitim serverima kompanije Valicon. \u010cuvamo Va\u0161e li\u010dne podatke u periodu do 200 dana nakon zavr\u0161etka projekta prikupljanja podataka. Nakon ovog perioda, svi li\u010dni podaci se anonimiziraju.<\/p>\n<p>Ukoliko su Vam potrebne dodatne informacije o tome gdje i koliko dugo se \u010duvaju Va\u0161i li\u010dni podaci, ili o Va\u0161im pravima na brisanje i prenosivost podataka, molimo da nas kontaktirate na: <a href=\"mailto:varstvo.podatkov@valicon.net\">varstvo.podatkov@valicon.net.<\/a><\/p>\n<ol start=\"6\">\n<li><strong>Prenos li\u010dnih podataka<\/strong><\/li>\n<\/ol>\n<p>Tokom obrade li\u010dnih podataka, odre\u0111ene aktivnosti obrade ili njihovi delovi mogu se poveriti ugovornim obra\u0111iva\u010dima s kojima imamo sklopljen ugovor o obradi podataka. Ovi obra\u0111iva\u010di mogu obra\u0111ivati poverene podatke isklju\u010divo u na\u0161e ime, u okviru ovla\u0161\u0107enja utvr\u0111enih pisanim ugovorom ili drugim pravnim aktom, te u skladu sa svrhama definisanim u ovoj Politici privatnosti.\n\nSara\u0111ujemo sa ugovornim obra\u0111iva\u010dima iz slede\u0107ih podru\u010dja: pru\u017eaoci usluga e-po\u0161te, pru\u017eaoci usluga web hostinga i pru\u017eaoci razli\u010ditih IT usluga. Va\u0161i li\u010dni podaci su sa\u010duvani na vlastitim serverima kompanije VALICON.<\/p>\n<p>Za odre\u0111ene usluge, tako\u0111e mo\u017eemo otkriti Va\u0161e li\u010dne podatke potencijalnim projektnim partnerima, nadzornim organima ili na osnovu zahteva pravosudnih organa.\n\nNi pod kojim okolnostima ne\u0107emo otkrivati Va\u0161e li\u010dne podatke neovla\u0161\u0107enim tre\u0107im stranama.<\/p>\n<p>Ukoliko prenosimo Va\u0161e li\u010dne podatke izvan Evropskog ekonomskog prostora (EEP), to \u0107emo u\u010diniti samo nakon pa\u017eljive provere odgovaraju\u0107ih pravnih osnova i za\u0161titnih mera, kao \u0161to su:<\/p>\n<ul>\n<li>Standardne ugovorne klauzule koje je usvojila Evropska komisija ili nadle\u017eni nadzorni organ, a odobrila Evropska komisija u skladu s va\u017ee\u0107im zakonom;<\/li>\n<li>kodeks ili kodeksi pona\u0161anja koje je pripremilo udru\u017eenje ili drugo telo, a odobrio nadle\u017eni nadzorni organ;<\/li>\n<li>drugi pravni osnovi predvi\u0111eni Op\u0161tom uredbom o za\u0161titi podataka (GDPR).<\/li>\n<\/ul>\n<ol start=\"7\">\n<li><strong>Kako \u0161titimo Va\u0161e li\u010dne podatke<\/strong><\/li>\n<\/ol>\n<p>Implementirali smo odgovaraju\u0107e tehni\u010dke i organizacione mere kako bismo osigurali i za\u0161titili Va\u0161e li\u010dne podatke od neovla\u0161\u0107ene ili nezakonite upotrebe ili obrade, te od slu\u010dajnog gubitka, uni\u0161tenja ili o\u0161te\u0107enja, uklju\u010duju\u0107i, ali ne ograni\u010davaju\u0107i se na:<\/p>\n<ul>\n<li>na\u010delo minimizacije podataka i obradu na pseudonimiziranoj osnovi, gde god je to mogu\u0107e;<\/li>\n<li>obuku na\u0161ih zaposlenika o va\u017enosti poverljivosti i odr\u017eavanju privatnosti i sigurnosti Va\u0161ih podataka;<\/li>\n<li>posve\u0107enost primeni odgovaraju\u0107ih disciplinskih mera s ciljem sprovo\u0111enja odgovornosti zaposlenih u pogledu privatnosti;<\/li>\n<li>kontinuirano i sveobuhvatno a\u017euriranje i testiranje na\u0161ih sigurnosnih tehnologija;<\/li>\n<li>pa\u017eljiv i odgovoran izbor na\u0161ih pod-obra\u0111iva\u010da;<\/li>\n<li>upotreba sigurnih servera za \u010duvanje Va\u0161ih li\u010dnih podataka;<\/li>\n<li>imenovanje Slu\u017ebenika za za\u0161titu li\u010dnih podataka;<\/li>\n<li>zahtevanje dokaza o identitetu od svakog pojedinca koji tra\u017ei pristup li\u010dnim podacima;\n<p>&nbsp;<\/p>\n<p>Ovim vas putem obave\u0161tavamo o slede\u0107im pravima koja se ti\u010du va\u0161ih li\u010dnih podataka, a koja mo\u017eete ostvariti slanjem e-maila na adresu: <a href=\"mailto:varstvo.podatkov@valicon.net\" style=\"font-size: 14px;\">varstvo.podatkov@valicon.net <\/a><span style=\"font-size: 14px;\">i<\/span><span style=\"font-size: 14px;\">\u00a0<\/span><\/p>\n<\/li>\n<\/ul>\n<ul>\n<li>zahtevati pristup svojim li\u010dnim podacima i informacijama o njihovoj upotrebi i obradi;<\/li>\n<li>zahtevati ispravku ili brisanje svojih li\u010dnih podataka;<\/li>\n<li>zahtevati ograni\u010denje obrade svojih li\u010dnih podataka;<\/li>\n<li>zahtevati da od nas dobijete svoje li\u010dne podatke koje ste nam dostavili u strukturiranom i ma\u0161inski \u010ditljivom formatu (na primer, u Excel tabeli), i pravo da te podatke prenesete drugom kontroloru podataka;<\/li>\n<li>ulo\u017eiti prigovor na obradu svojih li\u010dnih podataka u odre\u0111ene svrhe;<\/li>\n<li>povu\u0107i svoju saglasnost za na\u0161u upotrebu Va\u0161ih li\u010dnih podataka kada se obrada zasniva na Va\u0161oj saglasnosti. Ako povu\u010dete svoju saglasnost, to ne\u0107e uticati na zakonitost na\u0161e upotrebe i obrade Va\u0161ih li\u010dnih podataka koja se zasnivala na Va\u0161oj saglasnosti pre dana njenog povla\u010denja. Zbog tehni\u010dkih ograni\u010denja, povla\u010denje saglasnosti \u0107e biti evidentirano u na\u0161im sistemima u roku od najvi\u0161e 5 radnih dana od prijema zahteva.<\/li>\n<\/ul>\n<p>Tako\u0111e imate pravo da podnesete \u017ealbu nadzornom organu, a to je Poverenik za informacije Republike Slovenije, \u010dije kontakt podatke mo\u017eete prona\u0107i <a href=\"https:\/\/www.ip-rs.si\/o-poobla\u0161\u010dencu\/\">ovde<\/a>.<\/p>\n<p>Molimo vas da nas obavestite o svim promenama va\u0161ih li\u010dnih podataka, kako bismo osigurali da su informacije koje o vama \u010duvamo uvek ta\u010dne i a\u017eurne.<\/p>\n<ol start=\"8\">\n<li><strong>Izmene na\u0161e Politike privatnosti<\/strong><\/li>\n<\/ol>\n<p>S vremena na vreme, mo\u017eemo a\u017eurirati na\u0161u Politiku privatnosti. Sve izmene ove Politike privatnosti stupaju na snagu danom njihove objave na web stranici www.valicon.net.<\/p>\n<p>Poslednji put a\u017eurirano: 10. jun 2025.<\/p>\n<p>&nbsp;<\/p>\n<p>&nbsp;<\/p>\n<p>[\/et_pb_text][\/et_pb_column][\/et_pb_row][et_pb_row column_structure=&#8221;1_5,1_5,1_5,1_5,1_5&#8243; use_custom_gutter=&#8221;on&#8221; gutter_width=&#8221;2&#8243; module_id=&#8221;footer-links&#8221; _builder_version=&#8221;4.24.2&#8243; _module_preset=&#8221;default&#8221; width_tablet=&#8221;&#8221; width_phone=&#8221;70%&#8221; width_last_edited=&#8221;on|phone&#8221; module_alignment=&#8221;center&#8221; custom_margin=&#8221;0px|auto|0px|auto|false|false&#8221; custom_padding=&#8221;44px||0px||false|false&#8221; global_module=&#8221;1924&#8243; saved_tabs=&#8221;all&#8221; global_colors_info=&#8221;{}&#8221;][et_pb_column type=&#8221;1_5&#8243; _builder_version=&#8221;4.24.2&#8243; _module_preset=&#8221;default&#8221; custom_padding_tablet=&#8221;&#8221; custom_padding_phone=&#8221;||0px||false|false&#8221; custom_padding_last_edited=&#8221;on|phone&#8221; global_colors_info=&#8221;{}&#8221;][et_pb_code admin_label=&#8221;Code&#8221; _builder_version=&#8221;4.24.2&#8243; _module_preset=&#8221;default&#8221; global_colors_info=&#8221;{}&#8221;]<pee class=\"our-services-link\">\u00a9 Valicon 2026<\/pee>[\/et_pb_code][\/et_pb_column][et_pb_column type=&#8221;1_5&#8243; _builder_version=&#8221;4.24.2&#8243; _module_preset=&#8221;default&#8221; custom_padding_tablet=&#8221;&#8221; custom_padding_phone=&#8221;0px||0px||false|false&#8221; custom_padding_last_edited=&#8221;on|phone&#8221; global_colors_info=&#8221;{}&#8221;][et_pb_text disabled_on=&#8221;off|off|off&#8221; _builder_version=&#8221;4.24.2&#8243; _module_preset=&#8221;default&#8221; text_font=&#8221;Outfit|300|||||||&#8221; text_text_color=&#8221;#0C71C3&#8243; text_font_size=&#8221;15px&#8221; text_letter_spacing=&#8221;4px&#8221; custom_margin=&#8221;||15px||false|false&#8221; custom_padding=&#8221;5px||5px||false|false&#8221; locked=&#8221;off&#8221; global_colors_info=&#8221;{}&#8221;]<\/p>\n<p class=\"our-services-link\"><a href=\"\/sr\/terms\/\">Uslovi i odredbe<\/a><\/p>\n<p>[\/et_pb_text][\/et_pb_column][et_pb_column type=&#8221;1_5&#8243; _builder_version=&#8221;4.24.2&#8243; _module_preset=&#8221;default&#8221; global_colors_info=&#8221;{}&#8221;][et_pb_text disabled_on=&#8221;off|off|off&#8221; _builder_version=&#8221;4.24.2&#8243; _module_preset=&#8221;default&#8221; text_font=&#8221;Outfit|300|||||||&#8221; text_text_color=&#8221;#0C71C3&#8243; text_font_size=&#8221;15px&#8221; text_letter_spacing=&#8221;4px&#8221; custom_margin=&#8221;||15px||false|false&#8221; custom_padding=&#8221;5px||5px||false|false&#8221; locked=&#8221;off&#8221; global_colors_info=&#8221;{}&#8221;]<\/p>\n<p class=\"our-services-link\"><a href=\"https:\/\/www.valicon.net\/sr\/privacy-policy-b2b\/\">Privacy &#8211; B2B<\/a><\/p>\n<p>[\/et_pb_text][\/et_pb_column][et_pb_column type=&#8221;1_5&#8243; _builder_version=&#8221;4.24.2&#8243; _module_preset=&#8221;default&#8221; global_colors_info=&#8221;{}&#8221;][et_pb_text disabled_on=&#8221;off|off|off&#8221; _builder_version=&#8221;4.24.2&#8243; _module_preset=&#8221;default&#8221; text_font=&#8221;Outfit|300|||||||&#8221; text_text_color=&#8221;#0C71C3&#8243; text_font_size=&#8221;15px&#8221; text_letter_spacing=&#8221;4px&#8221; custom_margin=&#8221;||15px||false|false&#8221; custom_padding=&#8221;5px||5px||false|false&#8221; locked=&#8221;off&#8221; global_colors_info=&#8221;{}&#8221;]<\/p>\n<p class=\"our-services-link\"><a href=\"https:\/\/www.valicon.net\/sr\/privacy-data-collection\/\">Privacy &#8211; Data collection<\/a><\/p>\n<p>[\/et_pb_text][\/et_pb_column][et_pb_column type=&#8221;1_5&#8243; _builder_version=&#8221;4.24.2&#8243; _module_preset=&#8221;default&#8221; global_colors_info=&#8221;{}&#8221;][et_pb_text disabled_on=&#8221;off|off|off&#8221; _builder_version=&#8221;4.24.2&#8243; _module_preset=&#8221;default&#8221; text_font=&#8221;Outfit|300|||||||&#8221; text_text_color=&#8221;#0C71C3&#8243; text_font_size=&#8221;15px&#8221; text_letter_spacing=&#8221;4px&#8221; custom_margin=&#8221;||15px||false|false&#8221; custom_padding=&#8221;5px||5px||false|false&#8221; locked=&#8221;off&#8221; global_colors_info=&#8221;{}&#8221;]<\/p>\n<p class=\"our-services-link\"><a href=\"\/sr\/cookie-policy\/\">Politika o kola\u010di\u0107ima<\/a><\/p>\n<p>[\/et_pb_text][\/et_pb_column][\/et_pb_row][\/et_pb_section]<\/p>","protected":false},"excerpt":{"rendered":"<p>&nbsp; &nbsp; &nbsp; Privacy policy for the implementation of data collection projects &nbsp; This Privacy Policy sets out how Valicon, tr\u017eenjsko svetovanje in raziskave d.o.o., Kopitarjeva ulica 2, 1000 Ljubljana (hereinafter: Valicon) collects, stores and uses personal data obtained within the scope of research activities that it conducts as part of its operations, except for [&hellip;]<\/p>","protected":false},"author":4,"featured_media":0,"parent":0,"menu_order":0,"comment_status":"closed","ping_status":"closed","template":"","meta":{"_et_pb_use_builder":"on","_et_pb_old_content":"","_et_gb_content_width":"","footnotes":""},"class_list":["post-2503","page","type-page","status-publish","hentry"],"_links":{"self":[{"href":"https:\/\/www.valicon.net\/sr\/wp-json\/wp\/v2\/pages\/2503","targetHints":{"allow":["GET"]}}],"collection":[{"href":"https:\/\/www.valicon.net\/sr\/wp-json\/wp\/v2\/pages"}],"about":[{"href":"https:\/\/www.valicon.net\/sr\/wp-json\/wp\/v2\/types\/page"}],"author":[{"embeddable":true,"href":"https:\/\/www.valicon.net\/sr\/wp-json\/wp\/v2\/users\/4"}],"replies":[{"embeddable":true,"href":"https:\/\/www.valicon.net\/sr\/wp-json\/wp\/v2\/comments?post=2503"}],"version-history":[{"count":0,"href":"https:\/\/www.valicon.net\/sr\/wp-json\/wp\/v2\/pages\/2503\/revisions"}],"wp:attachment":[{"href":"https:\/\/www.valicon.net\/sr\/wp-json\/wp\/v2\/media?parent=2503"}],"curies":[{"name":"wp","href":"https:\/\/api.w.org\/{rel}","templated":true}]}}