{"id":1912,"date":"2024-07-23T12:30:45","date_gmt":"2024-07-23T12:30:45","guid":{"rendered":"https:\/\/valiconweb.sys.valicon.net\/?page_id=1912"},"modified":"2024-07-23T12:40:23","modified_gmt":"2024-07-23T12:40:23","slug":"terms","status":"publish","type":"page","link":"https:\/\/www.valicon.net\/sr\/terms\/","title":{"rendered":"Terms"},"content":{"rendered":"<p>[et_pb_section fb_built=&#8221;1&#8243; _builder_version=&#8221;4.24.2&#8243; _module_preset=&#8221;default&#8221; global_colors_info=&#8221;{}&#8221;][et_pb_row _builder_version=&#8221;4.24.2&#8243; _module_preset=&#8221;default&#8221; global_colors_info=&#8221;{}&#8221;][et_pb_column type=&#8221;4_4&#8243; _builder_version=&#8221;4.24.2&#8243; _module_preset=&#8221;default&#8221; global_colors_info=&#8221;{}&#8221;][et_pb_text _builder_version=&#8221;4.24.2&#8243; _module_preset=&#8221;default&#8221; global_colors_info=&#8221;{}&#8221;]<\/p>\n<h2 style=\"text-align: center;\"><strong>Uslovi kori\u0161\u0107enja<\/strong><\/h2>\n<p>Valicon pru\u017ea svoj sadr\u017eaj na stranici Valicon.com (u daljem tekstu: \"Stranica\") u skladu sa slede\u0107im odredbama i uslovima (u daljem tekstu: \"Uslovi\"). Uslove mo\u017eemo povremeno menjati, zato vas molimo da ih s vremena na vreme ponovo proverite.<\/p>\n<p><strong>Autorska prava<\/strong><\/p>\n<p>Celokupan sadr\u017eaj i sve funkcionalnosti na Stranici, uklju\u010duju\u0107i tekst, grafiku, logotipe, ikone i slike, kao i njihov odabir i raspored, isklju\u010divo su vlasni\u0161tvo kompanije Valicon ili njenih davalaca licence i za\u0161ti\u0107eni su me\u0111unarodnim zakonima o autorskim pravima. Sva prava koja nisu izri\u010dito dodeljena, zadr\u017eana su.<\/p>\n<p><strong>Za\u0161titni znakovi<\/strong><\/p>\n<p>Za\u0161titni znakovi, uslu\u017eni znakovi, dizajni i logotipi (zajedno: \"Za\u0161titni znakovi\") prikazani na Stranici su registrovani i neregistrovani Za\u0161titni znakovi kompanije Valicon i njenih davalaca licence.\n\nSaglasni ste da ne\u0107ete spominjati niti pripisivati bilo kakve informacije kompaniji Valicon ili njenim davaocima licence u bilo kojem javnom mediju (npr. saop\u0161tenje za javnost, web stranice) u svrhe ogla\u0161avanja ili promocije, ili u svrhu informisanja ili uticaja na bilo koju tre\u0107u stranu. Takodje ste saglasni da ne\u0107ete koristiti ili reprodukovati bilo koji Za\u0161titni znak, niti implicirati bilo kakvo odobrenje ili vezu sa kompanijom Valicon ili njenim davaocima licence.<\/p>\n<p><strong>Kori\u0161\u0107enje sadr\u017eaja stranice<\/strong><\/p>\n<p>Valicon vam ovim putem dodeljuje neisklju\u010divu, neprenosivu licencu za vreme trajanja ovih Uslova, da pristupite i preuzmete, prika\u017eete i od\u0161tampate jednu kopiju sadr\u017eaja i funkcionalnosti prikazanih na Stranici (u daljem tekstu: \"\"Sadr\u017eaj stranice\"\") na bilo kojem pojedina\u010dnom ra\u010dunaru, isklju\u010divo za va\u0161u internu, poslovnu upotrebu, pod uslovom da ni na koji na\u010din ne menjate Sadr\u017eaj stranice i da zadr\u017eite sva obave\u0161tenja o autorskim pravima i druga vlasni\u010dka obave\u0161tenja prikazana na Sadr\u017eaju stranice.\n\nNe smete na bilo koji drugi na\u010din reprodukovati, menjati, distribuirati, prenositi, objavljivati ili otkrivati Sadr\u017eaj stranice bez prethodne pismene saglasnosti kompanije Valicon.<\/p>\n<p><strong>Odricanje od odgovornosti<\/strong><\/p>\n<p>Sadr\u017eaj i funkcionalnosti na Stranici pru\u017eaju se podrazumevaju\u0107i da se Valicon ovim putem ne bavi pru\u017eanjem profesionalnih saveta i usluga vama. Celokupan sadr\u017eaj i sve funkcionalnosti na Stranici pru\u017eaju se \"\"takvi kakvi jesu\"\", bez garancije bilo koje vrste, bilo izri\u010dite ili podrazumevane, uklju\u010duju\u0107i, bez ograni\u010denja, podrazumevane garancije o utr\u017eivosti i prikladnosti za odre\u0111enu svrhu.\n\nValicon i tre\u0107e strane kao pru\u017eaoci sadr\u017eaja ne daju nikakve garancije, izri\u010dite ili podrazumevane, u pogledu vlasni\u0161tva, ta\u010dnosti ili adekvatnosti sadr\u017eaja Stranice. Valicon ne\u0107e snositi nikakvu odgovornost za bilo koju informaciju objavljenu na povezanim web stranicama, sadr\u017eanu u bilo kojim korisni\u010dkim podnescima objavljenim na Stranici, ili koju su pru\u017eile tre\u0107e strane.\n\nNi Valicon ni tre\u0107e strane kao pru\u017eaoci sadr\u017eaja ne\u0107e biti odgovorni za bilo kakvu indirektnu, slu\u010dajnu, posledi\u010dnu ili kaznenu \u0161tetu, niti za izgubljene prihode ili dobit, bez obzira na to da li su bili obave\u0161teni o mogu\u0107nosti takve \u0161tete ili gubitaka i bez obzira na teoriju odgovornosti.<\/p>\n<p><strong>Web stranice tre\u0107ih strana<\/strong><\/p>\n<p>Mo\u017eemo pru\u017eiti linkove ka web stranicama tre\u0107ih strana, a deo sadr\u017eaja za koji se \u010dini da se nalazi na ovoj Stranici ustvari dostavljaju tre\u0107e strane, na primer, u slu\u010dajevima uokviravanja (framing) web stranica tre\u0107ih strana ili ugradnje sadr\u017eaja putem setova okvira (framesets) koje dostavljaju serveri tre\u0107ih strana.\n\nValicon ne snosi odgovornost za ove web stranice tre\u0107ih strana, koje su regulisane Uslovima kori\u0161\u0107enja i politikama privatnosti (ukoliko postoje) od strane primenjivih tre\u0107ih lica kao pru\u017ealaca sadr\u017eaja.<\/p>\n<p>[\/et_pb_text][\/et_pb_column][\/et_pb_row][et_pb_row column_structure=&#8221;1_3,1_3,1_3&#8243; use_custom_gutter=&#8221;on&#8221; gutter_width=&#8221;2&#8243; _builder_version=&#8221;4.24.2&#8243; _module_preset=&#8221;default&#8221; width_tablet=&#8221;&#8221; width_phone=&#8221;70%&#8221; width_last_edited=&#8221;on|phone&#8221; module_alignment=&#8221;center&#8221; custom_margin=&#8221;0px|auto|0px|auto|false|false&#8221; custom_padding=&#8221;44px||0px||false|false&#8221; global_colors_info=&#8221;{}&#8221; global_module=&#8221;1924&#8243; theme_builder_area=&#8221;post_content&#8221;][et_pb_column type=&#8221;1_3&#8243; _builder_version=&#8221;4.24.2&#8243; _module_preset=&#8221;default&#8221; custom_padding_tablet=&#8221;&#8221; custom_padding_phone=&#8221;||0px||false|false&#8221; custom_padding_last_edited=&#8221;on|phone&#8221; global_colors_info=&#8221;{}&#8221; theme_builder_area=&#8221;post_content&#8221;][et_pb_text _builder_version=&#8221;4.24.2&#8243; text_font=&#8221;Outfit|300|||||||&#8221; text_text_color=&#8221;#333333&#8243; text_font_size=&#8221;15px&#8221; text_letter_spacing=&#8221;2px&#8221; text_line_height=&#8221;1.9em&#8221; header_font=&#8221;||||||||&#8221; header_2_font=&#8221;Glegoo||||||||&#8221; header_2_text_color=&#8221;#000000&#8243; header_2_font_size=&#8221;40px&#8221; header_2_line_height=&#8221;1.4em&#8221; header_4_font=&#8221;Glegoo|700|||||||&#8221; header_4_text_color=&#8221;#000000&#8243; header_4_font_size=&#8221;22px&#8221; header_4_line_height=&#8221;1.5em&#8221; background_enable_color=&#8221;off&#8221; module_alignment=&#8221;center&#8221; custom_margin=&#8221;0px||10px||false|false&#8221; custom_margin_tablet=&#8221;0px||10px||false|false&#8221; custom_margin_phone=&#8221;0px||0px||false|false&#8221; custom_margin_last_edited=&#8221;on|phone&#8221; custom_padding=&#8221;10px|20px|10px|20px|true|true&#8221; custom_padding_tablet=&#8221;10px|20px|10px|20px|true|true&#8221; custom_padding_phone=&#8221;5px|20px|5px|20px|true|true&#8221; custom_padding_last_edited=&#8221;on|phone&#8221; scroll_horizontal_motion_enable=&#8221;off&#8221; scroll_horizontal_motion=&#8221;0|50|50|100|0.3|0|0&#8243; text_letter_spacing_last_edited=&#8221;off|desktop&#8221; header_2_font_size_tablet=&#8221;30px&#8221; header_2_font_size_phone=&#8221;22px&#8221; header_2_font_size_last_edited=&#8221;on|phone&#8221; header_4_font_size_tablet=&#8221;&#8221; header_4_font_size_phone=&#8221;16px&#8221; header_4_font_size_last_edited=&#8221;on|tablet&#8221; sticky_position_tablet=&#8221;&#8221; sticky_position_phone=&#8221;&#8221; sticky_position_last_edited=&#8221;on|desktop&#8221; locked=&#8221;off&#8221; global_colors_info=&#8221;{}&#8221; header_3_font_size__hover=&#8221;22px&#8221; header_3_font_size__hover_enabled=&#8221;22px&#8221; header_3_letter_spacing__hover=&#8221;0px&#8221; header_3_letter_spacing__hover_enabled=&#8221;0px&#8221; header_3_line_height__hover=&#8221;1em&#8221; header_3_line_height__hover_enabled=&#8221;1em&#8221; header_3_text_shadow_style__hover=&#8221;none&#8221; header_3_text_shadow_style__hover_enabled=&#8221;none&#8221; header_3_text_shadow_color__hover=&#8221;rgba(0,0,0,0.4)&#8221; header_3_text_shadow_color__hover_enabled=&#8221;rgba(0,0,0,0.4)&#8221; background__hover_enabled=&#8221;off|desktop&#8221; background_enable_color__hover=&#8221;off&#8221; text_letter_spacing__hover_enabled=&#8221;off|desktop&#8221; text_letter_spacing__hover=&#8221;1px&#8221; content__hover_enabled=&#8221;on|hover&#8221; content__hover=&#8221;<\/p>\n<p style=\"%22text-align:\" center;%22><strong>\u00a9 Valicon 2024<\/strong><\/p>\n<p>&#8221; theme_builder_area=&#8221;post_content&#8221;]<\/p>\n<p style=\"text-align: center;\">\u00a9 Valicon 2024<\/p>\n<p>[\/et_pb_text][\/et_pb_column][et_pb_column type=&#8221;1_3&#8243; _builder_version=&#8221;4.24.2&#8243; _module_preset=&#8221;default&#8221; custom_padding_tablet=&#8221;&#8221; custom_padding_phone=&#8221;0px||0px||false|false&#8221; custom_padding_last_edited=&#8221;on|phone&#8221; global_colors_info=&#8221;{}&#8221; theme_builder_area=&#8221;post_content&#8221;][et_pb_text _builder_version=&#8221;4.24.2&#8243; text_font=&#8221;Outfit|300|||||||&#8221; text_text_color=&#8221;#333333&#8243; text_font_size=&#8221;15px&#8221; text_letter_spacing=&#8221;2px&#8221; text_line_height=&#8221;1.9em&#8221; header_font=&#8221;||||||||&#8221; header_2_font=&#8221;Glegoo||||||||&#8221; header_2_text_color=&#8221;#000000&#8243; header_2_font_size=&#8221;40px&#8221; header_2_line_height=&#8221;1.4em&#8221; header_4_font=&#8221;Glegoo|700|||||||&#8221; header_4_text_color=&#8221;#000000&#8243; header_4_font_size=&#8221;22px&#8221; header_4_line_height=&#8221;1.5em&#8221; background_enable_color=&#8221;off&#8221; module_alignment=&#8221;center&#8221; custom_margin=&#8221;0px||10px||false|false&#8221; custom_margin_tablet=&#8221;0px||10px||false|false&#8221; custom_margin_phone=&#8221;||0px||false|false&#8221; custom_margin_last_edited=&#8221;on|phone&#8221; custom_padding=&#8221;10px|20px|10px|20px|true|true&#8221; custom_padding_tablet=&#8221;10px|20px|10px|20px|true|true&#8221; custom_padding_phone=&#8221;5px|20px|5px|20px|true|true&#8221; custom_padding_last_edited=&#8221;on|phone&#8221; link_option_url=&#8221;\/terms&#8221; scroll_horizontal_motion_enable=&#8221;off&#8221; scroll_horizontal_motion=&#8221;0|50|50|100|0.3|0|0&#8243; text_letter_spacing_last_edited=&#8221;off|desktop&#8221; header_2_font_size_tablet=&#8221;30px&#8221; header_2_font_size_phone=&#8221;22px&#8221; header_2_font_size_last_edited=&#8221;on|phone&#8221; header_4_font_size_tablet=&#8221;&#8221; header_4_font_size_phone=&#8221;16px&#8221; header_4_font_size_last_edited=&#8221;on|tablet&#8221; sticky_position_tablet=&#8221;&#8221; sticky_position_phone=&#8221;&#8221; sticky_position_last_edited=&#8221;on|desktop&#8221; locked=&#8221;off&#8221; global_colors_info=&#8221;{}&#8221; header_3_font_size__hover=&#8221;22px&#8221; header_3_font_size__hover_enabled=&#8221;22px&#8221; header_3_letter_spacing__hover=&#8221;0px&#8221; header_3_letter_spacing__hover_enabled=&#8221;0px&#8221; header_3_line_height__hover=&#8221;1em&#8221; header_3_line_height__hover_enabled=&#8221;1em&#8221; header_3_text_shadow_style__hover=&#8221;none&#8221; header_3_text_shadow_style__hover_enabled=&#8221;none&#8221; header_3_text_shadow_color__hover=&#8221;rgba(0,0,0,0.4)&#8221; header_3_text_shadow_color__hover_enabled=&#8221;rgba(0,0,0,0.4)&#8221; background__hover_enabled=&#8221;off|desktop&#8221; background_enable_color__hover=&#8221;off&#8221; text_letter_spacing__hover_enabled=&#8221;off|desktop&#8221; text_letter_spacing__hover=&#8221;1px&#8221; content__hover_enabled=&#8221;on|hover&#8221; content__hover=&#8221;<\/p>\n<p style=\"%22text-align:\" center;%22><strong>Uslovi i odredbe<\/strong><\/p>\n<p>&#8221; theme_builder_area=&#8221;post_content&#8221;]<\/p>\n<p style=\"text-align: center;\">Uslovi i odredbe<\/p>\n<p>[\/et_pb_text][\/et_pb_column][et_pb_column type=&#8221;1_3&#8243; _builder_version=&#8221;4.24.2&#8243; _module_preset=&#8221;default&#8221; global_colors_info=&#8221;{}&#8221; theme_builder_area=&#8221;post_content&#8221;][et_pb_text _builder_version=&#8221;4.24.2&#8243; text_font=&#8221;Outfit|300|||||||&#8221; text_text_color=&#8221;#333333&#8243; text_font_size=&#8221;15px&#8221; text_letter_spacing=&#8221;2px&#8221; text_line_height=&#8221;1.9em&#8221; header_font=&#8221;||||||||&#8221; header_2_font=&#8221;Glegoo||||||||&#8221; header_2_text_color=&#8221;#000000&#8243; header_2_font_size=&#8221;40px&#8221; header_2_line_height=&#8221;1.4em&#8221; header_4_font=&#8221;Glegoo|700|||||||&#8221; header_4_text_color=&#8221;#000000&#8243; header_4_font_size=&#8221;22px&#8221; header_4_line_height=&#8221;1.5em&#8221; background_enable_color=&#8221;off&#8221; module_alignment=&#8221;center&#8221; custom_margin=&#8221;0px||10px||false|false&#8221; custom_margin_tablet=&#8221;0px||10px||false|false&#8221; custom_margin_phone=&#8221;0px||0px||false|false&#8221; custom_margin_last_edited=&#8221;on|phone&#8221; custom_padding=&#8221;10px|20px|10px|20px|true|true&#8221; custom_padding_tablet=&#8221;10px|20px|10px|20px|true|true&#8221; custom_padding_phone=&#8221;5px|20px|5px|20px|true|true&#8221; custom_padding_last_edited=&#8221;on|phone&#8221; link_option_url=&#8221;\/cookie-policy&#8221; scroll_horizontal_motion_enable=&#8221;off&#8221; scroll_horizontal_motion=&#8221;0|50|50|100|0.3|0|0&#8243; text_letter_spacing_last_edited=&#8221;off|desktop&#8221; header_2_font_size_tablet=&#8221;30px&#8221; header_2_font_size_phone=&#8221;22px&#8221; header_2_font_size_last_edited=&#8221;on|phone&#8221; header_4_font_size_tablet=&#8221;&#8221; header_4_font_size_phone=&#8221;16px&#8221; header_4_font_size_last_edited=&#8221;on|tablet&#8221; sticky_position_tablet=&#8221;&#8221; sticky_position_phone=&#8221;&#8221; sticky_position_last_edited=&#8221;on|desktop&#8221; locked=&#8221;off&#8221; global_colors_info=&#8221;{}&#8221; header_3_font_size__hover=&#8221;22px&#8221; header_3_font_size__hover_enabled=&#8221;22px&#8221; header_3_letter_spacing__hover=&#8221;0px&#8221; header_3_letter_spacing__hover_enabled=&#8221;0px&#8221; header_3_line_height__hover=&#8221;1em&#8221; header_3_line_height__hover_enabled=&#8221;1em&#8221; header_3_text_shadow_style__hover=&#8221;none&#8221; header_3_text_shadow_style__hover_enabled=&#8221;none&#8221; header_3_text_shadow_color__hover=&#8221;rgba(0,0,0,0.4)&#8221; header_3_text_shadow_color__hover_enabled=&#8221;rgba(0,0,0,0.4)&#8221; background__hover_enabled=&#8221;off|desktop&#8221; background_enable_color__hover=&#8221;off&#8221; text_letter_spacing__hover_enabled=&#8221;off|desktop&#8221; text_letter_spacing__hover=&#8221;1px&#8221; content__hover_enabled=&#8221;on|hover&#8221; content__hover=&#8221;<\/p>\n<p style=\"%22text-align:\" center;%22><strong>Politika privatnosti i kola\u010di\u0107a<\/strong><\/p>\n<p>&#8221; theme_builder_area=&#8221;post_content&#8221;]<\/p>\n<p style=\"text-align: center;\">Politika privatnosti i kola\u010di\u0107a<\/p>\n<p>[\/et_pb_text][\/et_pb_column][\/et_pb_row][\/et_pb_section]<\/p>","protected":false},"excerpt":{"rendered":"<p>Terms of use Valicon provides its content on Valicon.com (the \u201cSite\u201d) subject to the following terms and conditions (the \u201cTerms\u201d). We may periodically change the Terms, so please check back from time to time. Copyrights All content and functionality on the Site, including text, graphics, logos, icons, and images and the selection and arrangement thereof, [&hellip;]<\/p>","protected":false},"author":1,"featured_media":0,"parent":0,"menu_order":0,"comment_status":"closed","ping_status":"closed","template":"","meta":{"_et_pb_use_builder":"on","_et_pb_old_content":"","_et_gb_content_width":"","footnotes":""},"class_list":["post-1912","page","type-page","status-publish","hentry"],"_links":{"self":[{"href":"https:\/\/www.valicon.net\/sr\/wp-json\/wp\/v2\/pages\/1912","targetHints":{"allow":["GET"]}}],"collection":[{"href":"https:\/\/www.valicon.net\/sr\/wp-json\/wp\/v2\/pages"}],"about":[{"href":"https:\/\/www.valicon.net\/sr\/wp-json\/wp\/v2\/types\/page"}],"author":[{"embeddable":true,"href":"https:\/\/www.valicon.net\/sr\/wp-json\/wp\/v2\/users\/1"}],"replies":[{"embeddable":true,"href":"https:\/\/www.valicon.net\/sr\/wp-json\/wp\/v2\/comments?post=1912"}],"version-history":[{"count":0,"href":"https:\/\/www.valicon.net\/sr\/wp-json\/wp\/v2\/pages\/1912\/revisions"}],"wp:attachment":[{"href":"https:\/\/www.valicon.net\/sr\/wp-json\/wp\/v2\/media?parent=1912"}],"curies":[{"name":"wp","href":"https:\/\/api.w.org\/{rel}","templated":true}]}}