{"id":2642,"date":"2025-05-23T09:57:36","date_gmt":"2025-05-23T09:57:36","guid":{"rendered":"https:\/\/www.valicon.net\/?page_id=2642"},"modified":"2025-10-14T11:28:31","modified_gmt":"2025-10-14T11:28:31","slug":"privacy-policy-b2b","status":"publish","type":"page","link":"https:\/\/www.valicon.net\/sq\/privacy-policy-b2b\/","title":{"rendered":"Politika e privat\u00ebsis\u00eb \u2013 B2B"},"content":{"rendered":"<p>[et_pb_section fb_built=&#8221;1&#8243; _builder_version=&#8221;4.24.2&#8243; _module_preset=&#8221;default&#8221; global_colors_info=&#8221;{}&#8221;][et_pb_row _builder_version=&#8221;4.24.2&#8243; _module_preset=&#8221;default&#8221; global_colors_info=&#8221;{}&#8221;][et_pb_column type=&#8221;4_4&#8243; _builder_version=&#8221;4.24.2&#8243; _module_preset=&#8221;default&#8221; global_colors_info=&#8221;{}&#8221;][et_pb_text _builder_version=&#8221;4.24.2&#8243; _module_preset=&#8221;default&#8221; hover_enabled=&#8221;0&#8243; global_colors_info=&#8221;{}&#8221; sticky_enabled=&#8221;0&#8243;]<\/p>\n<h2 style=\"text-align: center;\">Politika e privat\u00ebsis\u00eb \u2013 B2B<\/h2>\n<p>&nbsp;<\/p>\n<p><span>Kjo Politik\u00eb e Privat\u00ebsis\u00eb p\u00ebrcakton m\u00ebnyr\u00ebn <\/span><span>se si VALICON Sh.P.K. p\u00ebrpunon t\u00eb dh\u00ebnat personale. <\/span><\/p>\n<p><span>Kjo Politik\u00eb e Privat\u00ebsis\u00eb zbatohet p\u00ebr: (i) faqen ton\u00eb t\u00eb internetit <a href=\"https:\/\/www.valicon.net\/sq\/\">https:\/\/www.valicon.net\/<\/a>(ii) organizimin e eventeve t\u00eb VALICON dhe regjistrimet p\u00ebr k\u00ebto evente;\n(iii) komunikimet lidhur me ve\u00e7orit\u00eb e reja dhe sh\u00ebrbimet tona;\n(iv) pyetjet p\u00ebr sh\u00ebrbimet tona p\u00ebrmes emailit, telefonit dhe formular\u00ebve n\u00eb faqet tona t\u00eb internetit;\n(v) kanalet n\u00eb rrjete sociale dhe aplikacionet tona;\n(vi) shkarkimin e dokumenteve t\u00eb disponueshme n\u00eb faqet tona t\u00eb internetit; dhe\n(vii) p\u00ebrdorimin nga ana juaj t\u00eb \u00e7do sh\u00ebrbimi tjet\u00ebr ekzistues ose t\u00eb ardhsh\u00ebm, online ose offline, t\u00eb VALICON, mb\u00ebshtetjes teknike ose ofert\u00ebs (n\u00eb vijim (i) \u2013 (vii) referuar s\u00eb bashku si: Sh\u00ebrbimet).<\/span><\/p>\n<p class=\"translation-block\">Kjo Politik\u00eb e Privat\u00ebsis\u00eb nuk zbatohet p\u00ebr t\u00eb dh\u00ebnat personale t\u00eb mbledhura n\u00eb kuad\u00ebr t\u00eb hulumtimeve t\u00eb kryera nga Valicon si pjes\u00eb e aktiviteteve t\u00eb saj dhe n\u00eb kuad\u00ebr t\u00eb panelit online Opinia.Club. P\u00ebr kushtet q\u00eb rregullojn\u00eb p\u00ebrpunimin e t\u00eb dh\u00ebnave personale n\u00eb kuad\u00ebr t\u00eb hulumtimeve, ju lutemi referojuni kushteve t\u00eb publikuara <a href=\"https:\/\/www.valicon.net\/sq\/privacy-data-collection\/\" target=\"_blank\">k\u00ebtu<\/a> , nd\u00ebrsa p\u00ebr pjes\u00ebmarrjen n\u00eb panelin Opinia.Club, ju lutemi referojuni <a href=\"https:\/\/www.opinia.club\/xk-sqi\/terms\" target=\"_blank\">k\u00ebtyre <\/a> kushteve.<\/p>\n<p>Ju ftojm\u00eb q\u00eb ta lexoni me kujdes Politik\u00ebn ton\u00eb t\u00eb Privat\u00ebsis\u00eb. Ju rekomandojm\u00eb q\u00eb ta printoni ose ta ruani n\u00eb m\u00ebnyr\u00eb t\u00eb p\u00ebrshtatshme nj\u00eb kopje t\u00eb k\u00ebsaj Politike t\u00eb Privat\u00ebsis\u00eb dhe t\u00eb gjitha versioneve t\u00eb ardhshme, si pjes\u00eb e regjistrave tuaj mbi p\u00eblqimet q\u00eb na keni dh\u00ebn\u00eb.<\/p>\n<ol>\n<li>Kontrolluesi i t\u00eb dh\u00ebnave \u00ebsht\u00eb VALICON d.o.o., me seli t\u00eb regjistruar n\u00eb Valicon, Dukagjini Rezidenc, Hyrja B, nr.38,10000 Pri\u0161tina, Kosovo.<\/li>\n<\/ol>\n<p class=\"translation-block\">N\u00ebse keni ndonj\u00eb pyetje, mund t\u00eb na kontaktoni p\u00ebrmes emailit n\u00eb: <a href=\"mailto:varstvo.podatkov@valicon.net\" target=\"_self\">varstvo.podatkov@valicon.net<\/a><\/p>\n<p><span>Zyrtari p\u00ebr Mbrojtjen e t\u00eb Dh\u00ebnave (DPO) p\u00ebr VALICON d.o.o. Ljubljana \u00ebsht\u00eb \u201cInfo hi\u0161a\u201d, Likozarjeva ul. 14, 1000 Ljubljana, q\u00eb mund t\u00eb kontaktohet n\u00eb: dpo.valicon@info-hisa.si.<\/span><\/p>\n<ol start=\"2\">\n<li><span>Ne i mbledhim t\u00eb dh\u00ebnat tuaja personale kur ju na i ofroni ato, p\u00ebr shembull, gjat\u00eb p\u00ebrdorimit t\u00eb faqes son\u00eb t\u00eb internetit dhe ve\u00e7orive t\u00eb saj, kur na kontaktoni drejtp\u00ebrdrejt p\u00ebrmes emailit, telefonit, me shkrim ose p\u00ebrmes rrjeteve sociale, kur porositni sh\u00ebrbimet tona, ose n\u00eb \u00e7do m\u00ebnyr\u00eb tjet\u00ebr p\u00ebrmes s\u00eb cil\u00ebs ju na ofroni t\u00eb dh\u00ebna personale.<\/span><\/li>\n<\/ol>\n<p><span>Ne mund t\u00eb mbledhim gjithashtu t\u00eb dh\u00ebnat tuaja personale nga disa burime publikisht t\u00eb disponueshme, duke p\u00ebrfshir\u00eb (por pa u kufizuar n\u00eb) bazat e t\u00eb dh\u00ebnave online publike, katalog\u00ebt e bizneseve, publikimet n\u00eb media, platformat e rrjeteve sociale, faqet e internetit dhe burime t\u00eb tjera publikisht t\u00eb qasshme.<\/span><\/p>\n<p><span>T\u00eb dh\u00ebnat q\u00eb mbledhim rreth jush mund t\u00eb p\u00ebrfshijn\u00eb, por nuk kufizohen vet\u00ebm n\u00eb:<\/span><\/p>\n<ul>\n<li><span>emrin dhe mbiemrin tuaj;<\/span><\/li>\n<li><span>adres\u00ebn tuaj t\u00eb emailit;<\/span><\/li>\n<li><span>kompanin\u00eb ku punoni aktualisht ose keni punuar m\u00eb par\u00eb;<\/span><\/li>\n<li><span>pozicionin tuaj n\u00eb kompanin\u00eb p\u00ebrkat\u00ebse;<\/span><\/li>\n<li><span>numrin tuaj t\u00eb telefonit.<\/span><\/li>\n<\/ul>\n<ol start=\"3\">\n<li><span>Purposes of Personal Data Processing:<\/span>\n<ol>\n<li><span>P\u00ebrgatitja e Ofertave dhe N\u00ebnshkrimi dhe Zbatimi i Kontratave. Baza ligjore p\u00ebr p\u00ebrpunimin \u00ebsht\u00eb nj\u00eb kontrat\u00eb. N\u00ebse nuk na ofroni t\u00eb dh\u00ebnat tuaja personale kur \u00ebsht\u00eb e nevojshme p\u00ebr k\u00ebt\u00eb q\u00ebllim, ne nuk do t\u00eb jemi n\u00eb gjendje t\u00eb n\u00ebnshkruajm\u00eb ose t\u00eb zbatojm\u00eb nj\u00eb kontrat\u00eb me ju ose t\u00eb ju ofrojm\u00eb produktet ose sh\u00ebrbimet q\u00eb keni k\u00ebrkuar.<\/span><\/li>\n<li><span>Menaxhimi i Marr\u00ebdh\u00ebnieve t\u00eb VALICON me Klient\u00ebt Aktual\u00eb dhe t\u00eb Mundsh\u00ebm. Ne p\u00ebrpunojm\u00eb t\u00eb dh\u00ebna q\u00eb lidhen me historikun e marr\u00ebdh\u00ebnieve tona me klient\u00ebt p\u00ebr t\u00eb p\u00ebrmir\u00ebsuar marr\u00ebdh\u00ebniet biznesore me ta, me fokus n\u00eb ruajtjen e klient\u00ebve dhe, n\u00eb fund, rritjen e shitjeve. Kjo \u00ebsht\u00eb e nevojshme p\u00ebr interesat tona legjitime n\u00eb kuptimin m\u00eb t\u00eb mir\u00eb t\u00eb nevojave t\u00eb klient\u00ebve tan\u00eb dhe menaxhimin efektiv t\u00eb biznesit ton\u00eb.<\/span><\/li>\n<li><span>Ne gjithashtu mund t\u00eb p\u00ebrdorim t\u00eb dh\u00ebnat tuaja t\u00eb kontaktit p\u00ebr q\u00ebllime marketingu n\u00ebse i kemi marr\u00eb ato gjat\u00eb k\u00ebrkes\u00ebs p\u00ebr nj\u00eb ofert\u00eb ose pas n\u00ebnshkrimit t\u00eb nj\u00eb kontrate, ose n\u00ebse jeni abonuar n\u00eb buletinet tona elektronike dhe keni dh\u00ebn\u00eb p\u00eblqimin tuaj p\u00ebr q\u00ebllime e-marketingu, ose n\u00ebse t\u00eb dh\u00ebnat tuaja i kemi marr\u00eb nga burime publikisht t\u00eb disponueshme. Baza ligjore p\u00ebr k\u00ebt\u00eb q\u00ebllim \u00ebsht\u00eb ose p\u00ebrjashtimi sipas Nenit 226 t\u00eb Ligjit Slloven p\u00ebr Komunikimet Elektronike (ZEKom-2), ose p\u00eblqimi juaj (pasi keni b\u00ebr\u00eb abonimin n\u00eb buletin).<\/span><\/li>\n<li><span>N\u00eb ngjarjet e organizuara nga Valicon, mund t\u00eb b\u00ebhen fotografi dhe incizime video, si dhe transmetime online t\u00eb p\u00ebrmbajtjes. Fotot dhe incizimet mund t\u00eb publikohen p\u00ebr q\u00ebllime promovimi t\u00eb ngjarjes. P\u00ebr k\u00ebt\u00eb do t\u00eb informoheni paraprakisht, ose n\u00eb ftes\u00eb ose n\u00eb njoftimin p\u00ebr ngjarjen. Fotografia realizohet n\u00eb m\u00ebnyr\u00eb profesionale dhe n\u00eb m\u00ebnyr\u00eb q\u00eb nuk cenon privat\u00ebsin\u00eb e individit. P\u00ebrpunimi i t\u00eb dh\u00ebnave personale bazohet n\u00eb interesin ton\u00eb legjitim. N\u00ebse nuk d\u00ebshironi q\u00eb fotot ose incizimet ku shfaqeni t\u00eb publikohen, ju lutemi na njoftoni n\u00eb: <a href=\"mailto:varstvo.podatkov@valicon.net\">varstvo.podatkov@valicon.net. <\/a>.<\/span><\/li>\n<li><span>Mbrojtja e Biznesit dhe Interesave Tan\u00eb Legjitime. Kjo p\u00ebrfshin q\u00ebllime si verifikimi i kredive dhe p\u00ebrvojave t\u00eb kaluara, parandalimi i mashtrimit dhe mbledhja e borxheve. Ky p\u00ebrpunim \u00ebsht\u00eb i nevojsh\u00ebm p\u00ebr t\u00eb mbrojtur interesat tona legjitime n\u00eb parandalimin e veprimtarive kriminale si mashtrimi ose pastrimi i parave, p\u00ebr t\u00eb siguruar q\u00eb faqja jon\u00eb e internetit dhe Sh\u00ebrbimet t\u00eb mos keqp\u00ebrdoren, si dhe p\u00ebr t\u00eb mbrojtur funksionimin e biznesit ton\u00eb. K\u00ebto kontrolle do t\u00eb kryhen vet\u00ebm aty ku lejohet me ligj.<\/span><\/li>\n<li><span>Sigurimi i Siguris\u00eb dhe Integritetit Fizik, t\u00eb Rrjetit dhe t\u00eb Informacionit. Kjo \u00ebsht\u00eb e nevojshme p\u00ebr interesin ton\u00eb legjitim n\u00eb ruajtjen e nj\u00eb sistemi IT dhe rrjetesh t\u00eb sigurta e pa kompromentime, duke p\u00ebrfshir\u00eb rezerv\u00eb dhe arkivim, parandalimin e malware, viruseve, gabimeve ose kodeve t\u00eb tjera keqdash\u00ebse, parandalimin e qasjes s\u00eb paautorizuar n\u00eb sistemet tona, si dhe mbrojtjen nga t\u00eb gjitha format e sulmeve ose d\u00ebmtimeve ndaj sistemeve dhe rrjeteve tona IT.<\/span><\/li>\n<li class=\"translation-block\">Ne gjithashtu mbledhim t\u00eb dh\u00ebna mbi p\u00ebrdorimin tuaj t\u00eb faqes son\u00eb t\u00eb internetit p\u00ebrmes cookies dhe teknologjive t\u00eb ngjashme. Politika jon\u00eb p\u00ebr Cookies \u00ebsht\u00eb e disponueshme k\u00ebtu.<\/li>\n<\/ol>\n<\/li>\n<li><span>VALICON do t\u2019i p\u00ebrpunoj\u00eb t\u00eb dh\u00ebnat tuaja personale vet\u00ebm n\u00eb mas\u00ebn q\u00eb jan\u00eb t\u00eb r\u00ebnd\u00ebsishme dhe t\u00eb kufizuara n\u00eb at\u00eb q\u00eb \u00ebsht\u00eb e nevojshme p\u00ebr q\u00ebllimet p\u00ebr t\u00eb cilat t\u00eb dh\u00ebnat p\u00ebrpunohen. K\u00ebto q\u00ebllime p\u00ebrfshijn\u00eb, p\u00ebr shembull, n\u00ebse \u00ebsht\u00eb e nevojshme t\u00eb vazhdohet mbajtja e k\u00ebtyre t\u00eb dh\u00ebnave p\u00ebr t\u00eb p\u00ebrmbushur detyrimet tona kontraktuale ndaj jush ose p\u00ebr interesat tona legjitime; n\u00ebse kemi ndonj\u00eb detyrim ligjor p\u00ebr t\u00eb vazhduar p\u00ebrpunimin e t\u00eb dh\u00ebnave tuaja, si k\u00ebrkesat p\u00ebr mbajtjen e regjistrave sipas ligjit p\u00ebrkat\u00ebs; dhe n\u00ebse kemi nj\u00eb baz\u00eb ligjore p\u00ebr t\u00eb vazhduar p\u00ebrpunimin e t\u00eb dh\u00ebnave tuaja personale, si\u00e7 \u00ebsht\u00eb p\u00eblqimi juaj.<\/span><\/li>\n<li><span>Gjat\u00eb p\u00ebrpunimit t\u00eb t\u00eb dh\u00ebnave personale, disa aktivitete t\u00eb p\u00ebrpunimit ose pjes\u00eb t\u00eb tyre mund t\u2019u besohen p\u00ebrpunuesve kontraktual\u00eb me t\u00eb cil\u00ebt kemi lidhur nj\u00eb marr\u00ebveshje p\u00ebr p\u00ebrpunimin e t\u00eb dh\u00ebnave. K\u00ebta p\u00ebrpunues mund t\u00eb p\u00ebrpunojn\u00eb t\u00eb dh\u00ebnat e besuara vet\u00ebm n\u00eb emrin ton\u00eb, brenda fush\u00ebveprimit t\u00eb autorizimeve t\u00eb p\u00ebrcaktuara n\u00eb nj\u00eb kontrat\u00eb t\u00eb shkruar ose akt tjet\u00ebr ligjor, dhe n\u00eb p\u00ebrputhje me q\u00ebllimet e p\u00ebrcaktuara n\u00eb k\u00ebt\u00eb Politik\u00eb Privat\u00ebsie. Ne bashk\u00ebpunojm\u00eb me p\u00ebrpunues kontraktual\u00eb nga fushat e m\u00ebposhtme: ofruesit e sh\u00ebrbimeve t\u00eb email-it, ofruesit e hostimit t\u00eb faqeve t\u00eb internetit dhe ofrues t\u00eb sh\u00ebrbimeve t\u00eb ndryshme IT. T\u00eb dh\u00ebnat tuaja personale ruhen nga VALICON n\u00eb server\u00ebt e vet.<\/span><\/li>\n<\/ol>\n<p>P\u00ebr disa sh\u00ebrbime, ne mund t\u2019i zbulojm\u00eb t\u00eb dh\u00ebnat tuaja personale edhe partner\u00ebve potencial\u00eb t\u00eb projekteve, autoriteteve mbik\u00ebqyr\u00ebse, ose sipas nj\u00eb k\u00ebrkese t\u00eb gjyq\u00ebsorit. N\u00eb asnj\u00eb rast nuk do t\u2019i zbulojm\u00eb t\u00eb dh\u00ebnat tuaja personale pal\u00ebve t\u00eb treta t\u00eb paautorizuara.<\/p>\n<p><span>Klauzolat Standarde Kontraktuale t\u00eb miratuara nga Komisioni Evropian ose nga Komisioneri i Informacionit dhe t\u00eb miratuara nga Komisioni Evropian n\u00eb p\u00ebrputhje me ligjin n\u00eb fuqi;<\/span><\/p>\n<ul>\n<li><span>Klauzolat Standarde Kontraktuale t\u00eb miratuara nga Komisioni Evropian ose nga Komisioneri p\u00ebr Informacion dhe t\u00eb aprovuara nga Komisioni Evropian sipas ligjit p\u00ebrkat\u00ebs;<\/span><\/li>\n<li><span>kodi ose kodet e sjelljes t\u00eb p\u00ebrgatitura nga nj\u00eb shoqat\u00eb ose organ tjet\u00ebr i miratuar nga Komisioneri i Informacionit;<\/span><\/li>\n<li><span>baza t\u00eb tjera ligjore t\u00eb parashikuara nga Rregullorja e P\u00ebrgjithshme p\u00ebr Mbrojtjen e t\u00eb Dh\u00ebnave.<\/span><\/li>\n<\/ul>\n<ol start=\"6\">\n<li><span>K\u00ebtu ju informoheni p\u00ebr t\u00eb drejtat e m\u00ebposhtme lidhur me t\u00eb dh\u00ebnat tuaja personale, t\u00eb cilat mund t\u2019i ushtroni duke d\u00ebrguar nj\u00eb email n\u00eb: <a href=\"mailto:varstvo.podatkov@valicon.net\">varstvo.podatkov@valicon.net.<\/a><\/span><\/li>\n<\/ol>\n<ul>\n<li><span>t\u00eb k\u00ebrkoni qasje n\u00eb t\u00eb dh\u00ebnat tuaja personale dhe informacione mbi p\u00ebrdorimin dhe p\u00ebrpunimin e tyre;<\/span><\/li>\n<li><span>t\u00eb k\u00ebrkoni korrigjimin ose fshirjen e t\u00eb dh\u00ebnave tuaja personale;<\/span><\/li>\n<li><span>t\u00eb k\u00ebrkoni kufizimin e p\u00ebrpunimit t\u00eb t\u00eb dh\u00ebnave tuaja personale;<\/span><\/li>\n<li><span>t\u00eb k\u00ebrkoni marrjen nga ne t\u00eb t\u00eb dh\u00ebnave tuaja personale q\u00eb na i keni ofruar n\u00eb nj\u00eb format t\u00eb strukturuar dhe t\u00eb lexuesh\u00ebm nga makina (p.sh., nj\u00eb tabel\u00eb Excel), si dhe t\u00eb drejt\u00ebn p\u00ebr t\u2019i transmetuar k\u00ebto t\u00eb dh\u00ebna tek nj\u00eb kontrollues tjet\u00ebr t\u00eb dh\u00ebnash;<\/span><\/li>\n<li><span>t\u00eb kund\u00ebrshtoni p\u00ebrpunimin e t\u00eb dh\u00ebnave tuaja personale p\u00ebr disa q\u00ebllime, si marketingu i drejtp\u00ebrdrejt\u00eb, duke klikuar lidhjen p\u00ebr \u00e7abonim n\u00eb fund t\u00eb \u00e7do email-i marketingu q\u00eb ju kemi d\u00ebrguar, ose duke d\u00ebrguar nj\u00eb email n\u00eb: <a href=\"mailto:varstvo.podatkov@valicon.net\">varstvo.podatkov@valicon.net.<\/a> N\u00ebse kund\u00ebrshtoni marketingun e drejtp\u00ebrdrejt\u00eb p\u00ebrmes nj\u00eb m\u00ebnyre tjet\u00ebr komunikimi nga ajo n\u00eb t\u00eb cil\u00ebn keni marr\u00eb mesazhe prej nesh, duhet t\u00eb na siguroni emrin tuaj dhe informacion t\u00eb mjaftuesh\u00ebm q\u00eb na mund\u00ebson t\u00eb identifikojm\u00eb lidhjen tuaj me mesazhet q\u00eb keni marr\u00eb (p.sh., n\u00ebse keni marr\u00eb nj\u00eb SMS nga ne dhe d\u00ebshironi t\u00eb \u00e7abonoheni p\u00ebrmes email-it, mund t\u00eb jet\u00eb e nevojshme t\u00eb na d\u00ebrgoni numrin tuaj t\u00eb telefonit n\u00eb at\u00eb email);<\/span><\/li>\n<li><span>t\u00eb t\u00ebrhiqni p\u00eblqimin tuaj p\u00ebr p\u00ebrdorimin e t\u00eb dh\u00ebnave tuaja personale kur p\u00ebrpunimi bazohet n\u00eb p\u00eblqimin tuaj. N\u00ebse e t\u00ebrhiqni p\u00eblqimin, kjo nuk ndikon n\u00eb ligjshm\u00ebrin\u00eb e p\u00ebrdorimit dhe p\u00ebrpunimit t\u00eb t\u00eb dh\u00ebnave tuaja personale t\u00eb bazuar n\u00eb p\u00eblqimin tuaj p\u00ebrpara dit\u00ebs s\u00eb t\u00ebrheqjes. P\u00ebr shkak t\u00eb kufizimeve teknike, t\u00ebrheqja e p\u00eblqimit do t\u00eb reflektohet n\u00eb sistemet tona brenda maksimum 5 dit\u00ebve pune nga marrja e k\u00ebrkes\u00ebs.<\/span><\/li>\n<\/ul>\n<p><span>Ju gjithashtu keni t\u00eb drejt\u00eb t\u00eb paraqisni nj\u00eb ankes\u00eb pran\u00eb autoritetit mbik\u00ebqyr\u00ebs, i cili \u00ebsht\u00eb Komisioneri i Informacionit p\u00ebr Republik\u00ebn e Sllovenis\u00eb dhe t\u00eb dh\u00ebnat e kontaktit t\u00eb t\u00eb cilit jan\u00eb t\u00eb disponueshme <a href=\"https:\/\/www.ip-rs.si\/o-poobla\u0161\u010dencu\/\">k\u00ebtu<\/a>.<\/span><\/p>\n<p><span>\u00a0<\/span><\/p>\n<p><span>Ju lutemi na informoni p\u00ebr \u00e7do ndryshim n\u00eb t\u00eb dh\u00ebnat tuaja personale q\u00eb mbajm\u00eb p\u00ebr ju, n\u00eb m\u00ebnyr\u00eb q\u00eb t\u00eb dh\u00ebnat q\u00eb mbajm\u00eb p\u00ebr ju t\u00eb mund t\u00eb mbahen t\u00eb sakta dhe t\u00eb p\u00ebrdit\u00ebsuara.<\/span><\/p>\n<p><span>\u00a0<\/span><\/p>\n<p><span>P\u00ebrdit\u00ebsimi i fundit: 4 qershor 2025<\/span><\/p>\n<p>&nbsp;<\/p>\n<p>&nbsp;<\/p>\n<p>&nbsp;<\/p>\n<p>&nbsp;<\/p>\n<p>[\/et_pb_text][\/et_pb_column][\/et_pb_row][et_pb_row column_structure=&#8221;1_5,1_5,1_5,1_5,1_5&#8243; use_custom_gutter=&#8221;on&#8221; gutter_width=&#8221;2&#8243; module_id=&#8221;footer-links&#8221; _builder_version=&#8221;4.24.2&#8243; _module_preset=&#8221;default&#8221; width_tablet=&#8221;&#8221; width_phone=&#8221;70%&#8221; width_last_edited=&#8221;on|phone&#8221; module_alignment=&#8221;center&#8221; custom_margin=&#8221;0px|auto|0px|auto|false|false&#8221; custom_padding=&#8221;44px||0px||false|false&#8221; global_module=&#8221;1924&#8243; saved_tabs=&#8221;all&#8221; global_colors_info=&#8221;{}&#8221;][et_pb_column type=&#8221;1_5&#8243; _builder_version=&#8221;4.24.2&#8243; _module_preset=&#8221;default&#8221; custom_padding_tablet=&#8221;&#8221; custom_padding_phone=&#8221;||0px||false|false&#8221; custom_padding_last_edited=&#8221;on|phone&#8221; global_colors_info=&#8221;{}&#8221;][et_pb_code admin_label=&#8221;Code&#8221; _builder_version=&#8221;4.24.2&#8243; _module_preset=&#8221;default&#8221; global_colors_info=&#8221;{}&#8221;]<pee class=\"our-services-link\">\u00a9 Valicon 2026<\/pee>[\/et_pb_code][\/et_pb_column][et_pb_column type=&#8221;1_5&#8243; _builder_version=&#8221;4.24.2&#8243; _module_preset=&#8221;default&#8221; custom_padding_tablet=&#8221;&#8221; custom_padding_phone=&#8221;0px||0px||false|false&#8221; custom_padding_last_edited=&#8221;on|phone&#8221; global_colors_info=&#8221;{}&#8221;][et_pb_text disabled_on=&#8221;off|off|off&#8221; _builder_version=&#8221;4.24.2&#8243; _module_preset=&#8221;default&#8221; text_font=&#8221;Outfit|300|||||||&#8221; text_text_color=&#8221;#0C71C3&#8243; text_font_size=&#8221;15px&#8221; text_letter_spacing=&#8221;4px&#8221; custom_margin=&#8221;||15px||false|false&#8221; custom_padding=&#8221;5px||5px||false|false&#8221; locked=&#8221;off&#8221; global_colors_info=&#8221;{}&#8221;]<\/p>\n<p class=\"our-services-link\"><a href=\"\/sq\/terms\/\">Termat dhe kushtet<\/a><\/p>\n<p>[\/et_pb_text][\/et_pb_column][et_pb_column type=&#8221;1_5&#8243; _builder_version=&#8221;4.24.2&#8243; _module_preset=&#8221;default&#8221; global_colors_info=&#8221;{}&#8221;][et_pb_text disabled_on=&#8221;off|off|off&#8221; _builder_version=&#8221;4.24.2&#8243; _module_preset=&#8221;default&#8221; text_font=&#8221;Outfit|300|||||||&#8221; text_text_color=&#8221;#0C71C3&#8243; text_font_size=&#8221;15px&#8221; text_letter_spacing=&#8221;4px&#8221; custom_margin=&#8221;||15px||false|false&#8221; custom_padding=&#8221;5px||5px||false|false&#8221; locked=&#8221;off&#8221; global_colors_info=&#8221;{}&#8221;]<\/p>\n<p class=\"our-services-link\"><a href=\"https:\/\/www.valicon.net\/sq\/privacy-policy-b2b\/\">Privacy &#8211; B2B<\/a><\/p>\n<p>[\/et_pb_text][\/et_pb_column][et_pb_column type=&#8221;1_5&#8243; _builder_version=&#8221;4.24.2&#8243; _module_preset=&#8221;default&#8221; global_colors_info=&#8221;{}&#8221;][et_pb_text disabled_on=&#8221;off|off|off&#8221; _builder_version=&#8221;4.24.2&#8243; _module_preset=&#8221;default&#8221; text_font=&#8221;Outfit|300|||||||&#8221; text_text_color=&#8221;#0C71C3&#8243; text_font_size=&#8221;15px&#8221; text_letter_spacing=&#8221;4px&#8221; custom_margin=&#8221;||15px||false|false&#8221; custom_padding=&#8221;5px||5px||false|false&#8221; locked=&#8221;off&#8221; global_colors_info=&#8221;{}&#8221;]<\/p>\n<p class=\"our-services-link\"><a href=\"https:\/\/www.valicon.net\/sq\/privacy-data-collection\/\">Privacy &#8211; Data collection<\/a><\/p>\n<p>[\/et_pb_text][\/et_pb_column][et_pb_column type=&#8221;1_5&#8243; _builder_version=&#8221;4.24.2&#8243; _module_preset=&#8221;default&#8221; global_colors_info=&#8221;{}&#8221;][et_pb_text disabled_on=&#8221;off|off|off&#8221; _builder_version=&#8221;4.24.2&#8243; _module_preset=&#8221;default&#8221; text_font=&#8221;Outfit|300|||||||&#8221; text_text_color=&#8221;#0C71C3&#8243; text_font_size=&#8221;15px&#8221; text_letter_spacing=&#8221;4px&#8221; custom_margin=&#8221;||15px||false|false&#8221; custom_padding=&#8221;5px||5px||false|false&#8221; locked=&#8221;off&#8221; global_colors_info=&#8221;{}&#8221;]<\/p>\n<p class=\"our-services-link\"><a href=\"\/sq\/cookie-policy\/\">Politika e Cookie<\/a><\/p>\n<p>[\/et_pb_text][\/et_pb_column][\/et_pb_row][\/et_pb_section]<\/p>","protected":false},"excerpt":{"rendered":"<p>Privacy policy &#8211; B2B &nbsp; This Privacy Policy sets out how VALICON Ltd. processes personal data. This Privacy Policy applies to: (i) our website https:\/\/www.valicon.net\/; (ii) the implementation of VALICON events and registrations for such events; (iii) communications regarding new features and our service offerings; (iv) enquiries about our services via email, telephone and forms [&hellip;]<\/p>","protected":false},"author":4,"featured_media":0,"parent":0,"menu_order":0,"comment_status":"closed","ping_status":"closed","template":"","meta":{"_et_pb_use_builder":"on","_et_pb_old_content":"","_et_gb_content_width":"","footnotes":""},"class_list":["post-2642","page","type-page","status-publish","hentry"],"_links":{"self":[{"href":"https:\/\/www.valicon.net\/sq\/wp-json\/wp\/v2\/pages\/2642","targetHints":{"allow":["GET"]}}],"collection":[{"href":"https:\/\/www.valicon.net\/sq\/wp-json\/wp\/v2\/pages"}],"about":[{"href":"https:\/\/www.valicon.net\/sq\/wp-json\/wp\/v2\/types\/page"}],"author":[{"embeddable":true,"href":"https:\/\/www.valicon.net\/sq\/wp-json\/wp\/v2\/users\/4"}],"replies":[{"embeddable":true,"href":"https:\/\/www.valicon.net\/sq\/wp-json\/wp\/v2\/comments?post=2642"}],"version-history":[{"count":0,"href":"https:\/\/www.valicon.net\/sq\/wp-json\/wp\/v2\/pages\/2642\/revisions"}],"wp:attachment":[{"href":"https:\/\/www.valicon.net\/sq\/wp-json\/wp\/v2\/media?parent=2642"}],"curies":[{"name":"wp","href":"https:\/\/api.w.org\/{rel}","templated":true}]}}