{"id":1912,"date":"2024-07-23T12:30:45","date_gmt":"2024-07-23T12:30:45","guid":{"rendered":"https:\/\/valiconweb.sys.valicon.net\/?page_id=1912"},"modified":"2024-07-23T12:40:23","modified_gmt":"2024-07-23T12:40:23","slug":"terms","status":"publish","type":"page","link":"https:\/\/www.valicon.net\/sq\/terms\/","title":{"rendered":"Terms"},"content":{"rendered":"<p>[et_pb_section fb_built=&#8221;1&#8243; _builder_version=&#8221;4.24.2&#8243; _module_preset=&#8221;default&#8221; global_colors_info=&#8221;{}&#8221;][et_pb_row _builder_version=&#8221;4.24.2&#8243; _module_preset=&#8221;default&#8221; global_colors_info=&#8221;{}&#8221;][et_pb_column type=&#8221;4_4&#8243; _builder_version=&#8221;4.24.2&#8243; _module_preset=&#8221;default&#8221; global_colors_info=&#8221;{}&#8221;][et_pb_text _builder_version=&#8221;4.24.2&#8243; _module_preset=&#8221;default&#8221; global_colors_info=&#8221;{}&#8221;]<\/p>\n<h2 style=\"text-align: center;\"><strong>Kushtet e P\u00ebrdorimit<\/strong><\/h2>\n<p>Valicon ofron p\u00ebrmbajtjen e saj n\u00eb Valicon.com (\u201cFaqja\u201d) n\u00eb p\u00ebrputhje me kushtet dhe rregullat e m\u00ebposhtme (\u201cKushtet\u201d). Ne mund t\u2019i ndryshojm\u00eb her\u00eb pas here Kushtet, prandaj ju lutemi t\u2019i kontrolloni ato periodikisht.<\/p>\n<p><strong>T\u00eb Drejtat e Autorit<\/strong><\/p>\n<p>E gjith\u00eb p\u00ebrmbajtja dhe funksionaliteti n\u00eb Faqe, p\u00ebrfshir\u00eb tekstin, grafikat, logot, ikonat dhe imazhet, si dhe p\u00ebrzgjedhja dhe renditja e tyre, \u00ebsht\u00eb pron\u00eb ekskluzive e Valicon ose e licencuesve t\u00eb saj dhe mbrohet nga ligjet nd\u00ebrkomb\u00ebtare p\u00ebr t\u00eb drejtat e autorit. T\u00eb gjitha t\u00eb drejtat q\u00eb nuk jan\u00eb dh\u00ebn\u00eb shprehimisht, mbeten t\u00eb rezervuara.<\/p>\n<p><strong>Markat Tregtare<\/strong><\/p>\n<p>Markat tregtare, shenjat e sh\u00ebrbimit, dizajnet dhe logot (n\u00eb t\u00ebr\u00ebsi, \u201cMarkat Tregtare\u201d) t\u00eb shfaqura n\u00eb Faqe jan\u00eb marka t\u00eb regjistruara dhe t\u00eb paregjistruara t\u00eb Valicon dhe licencuesve t\u00eb saj. Ju pranoni q\u00eb nuk do t\u2019i referoheni ose atribuoni asnj\u00eb informacion Valicon-it ose licencuesve t\u00eb saj n\u00eb asnj\u00eb medium publik (p.sh., komunikata p\u00ebr shtyp, faqe interneti) p\u00ebr q\u00ebllime reklamuese ose promovuese, apo p\u00ebr t\u00eb informuar ose ndikuar ndonj\u00eb pal\u00eb t\u00eb tret\u00eb, dhe se nuk do t\u00eb p\u00ebrdorni apo riprodhoni asnj\u00eb Mark\u00eb Tregtare t\u00eb Valicon-it ose licencuesve t\u00eb saj, dhe nuk do t\u00eb n\u00ebnkuptoni asnj\u00eb mb\u00ebshtetje apo marr\u00ebdh\u00ebnie me ta.<\/p>\n<p><strong>P\u00ebrdorimi i P\u00ebrmbajtjes s\u00eb Faqes<\/strong><\/p>\n<p>Valicon ju jep nj\u00eb licenc\u00eb jo-ekskluzive, t\u00eb patransferueshme p\u00ebr koh\u00ebzgjatjen e k\u00ebtyre Kushteve, p\u00ebr t\u00eb hyr\u00eb dhe shkarkuar, shfaqur dhe printuar nj\u00eb kopje t\u00eb p\u00ebrmbajtjes dhe funksionalitetit t\u00eb shfaqur n\u00eb Faqe (\u201cP\u00ebrmbajtja e Faqes\u201d) n\u00eb \u00e7do kompjuter individual, vet\u00ebm p\u00ebr p\u00ebrdorim t\u00eb brendsh\u00ebm dhe biznesor, me kusht q\u00eb t\u00eb mos e ndryshoni P\u00ebrmbajtjen e Faqes n\u00eb asnj\u00eb m\u00ebnyr\u00eb dhe t\u00eb ruani t\u00eb gjitha njoftimet p\u00ebr t\u00eb drejtat e autorit dhe njoftimet e tjera pron\u00ebsore t\u00eb shfaqura n\u00eb P\u00ebrmbajtjen e Faqes. Ju nuk mund, n\u00eb asnj\u00eb m\u00ebnyr\u00eb tjet\u00ebr, t\u00eb riprodhoni, modifikoni, shp\u00ebrndani, transmetoni, publikoni ose zbuloni P\u00ebrmbajtjen e Faqes pa p\u00eblqimin paraprak me shkrim t\u00eb Valicon.<\/p>\n<p><strong>Mohimet<\/strong><\/p>\n<p>P\u00ebrmbajtja dhe funksionaliteti n\u00eb Faqe ofrohen me kuptimin se Valicon nuk ofron k\u00ebshilla ose sh\u00ebrbime profesionale p\u00ebr ju. E gjith\u00eb p\u00ebrmbajtja dhe funksionaliteti n\u00eb Faqe ofrohet \u201csi\u00e7 \u00ebsht\u00eb,\u201d pa asnj\u00eb garanci t\u00eb \u00e7far\u00ebdolloji, t\u00eb shprehur ose t\u00eb n\u00ebnkuptuar, p\u00ebrfshir\u00eb, pa kufizim, garancit\u00eb e n\u00ebnkuptuara p\u00ebr tregtueshm\u00ebri dhe p\u00ebrshtatshm\u00ebri p\u00ebr nj\u00eb q\u00ebllim t\u00eb caktuar. Valicon dhe ofruesit e saj t\u00eb p\u00ebrmbajtjes nga pal\u00eb t\u00eb treta nuk japin asnj\u00eb garanci, t\u00eb shprehur ose t\u00eb n\u00ebnkuptuar, p\u00ebr pron\u00ebsin\u00eb, sakt\u00ebsin\u00eb ose mjaftueshm\u00ebrin\u00eb e P\u00ebrmbajtjes s\u00eb Faqes. Valicon nuk do t\u00eb ket\u00eb asnj\u00eb p\u00ebrgjegj\u00ebsi p\u00ebr ndonj\u00eb informacion t\u00eb publikuar n\u00eb faqet e lidhura, t\u00eb p\u00ebrfshira n\u00eb ndonj\u00eb publikim t\u00eb p\u00ebrdoruesve n\u00eb Faqe, ose t\u00eb ofruara nga pal\u00eb t\u00eb treta. As Valicon dhe as ofruesit e saj t\u00eb p\u00ebrmbajtjes nga pal\u00eb t\u00eb treta nuk do t\u00eb jen\u00eb p\u00ebrgjegj\u00ebs p\u00ebr d\u00ebme indirekte, t\u00eb rast\u00ebsishme, pasuese, nd\u00ebshkuese ose p\u00ebr humbje t\u00eb t\u00eb ardhurave apo fitimeve, qoft\u00eb ose jo t\u00eb njoftuar p\u00ebr mund\u00ebsin\u00eb e k\u00ebtyre d\u00ebmeve apo humbjeve dhe pavar\u00ebsisht teoris\u00eb s\u00eb p\u00ebrgjegj\u00ebsis\u00eb.<\/p>\n<p><strong>Uebfaqe t\u00eb pal\u00ebve t\u00eb treta<\/strong><\/p>\n<p>Ne mund t\u00eb ofrojm\u00eb lidhje (link) drejt uebfaqeve t\u00eb pal\u00ebve t\u00eb treta, dhe nj\u00eb pjes\u00eb e p\u00ebrmbajtjes q\u00eb shfaqet n\u00eb k\u00ebt\u00eb faqe n\u00eb fakt ofrohet nga pal\u00eb t\u00eb treta, p\u00ebr shembull n\u00eb rastet kur p\u00ebrdoret p\u00ebrmbajtje nga faqe t\u00eb tjera p\u00ebrmes \u201cframing\u201d ose kur p\u00ebrfshihet p\u00ebrmbajtje nga server\u00ebt e tyre. Valicon nuk mban asnj\u00eb p\u00ebrgjegj\u00ebsi p\u00ebr k\u00ebto faqe t\u00eb pal\u00ebve t\u00eb treta, t\u00eb cilat rregullohen nga Kushtet e P\u00ebrdorimit dhe politikat e privat\u00ebsis\u00eb (n\u00ebse ka) t\u00eb ofruesve p\u00ebrkat\u00ebs t\u00eb p\u00ebrmbajtjes.<\/p>\n<p>[\/et_pb_text][\/et_pb_column][\/et_pb_row][et_pb_row column_structure=&#8221;1_3,1_3,1_3&#8243; use_custom_gutter=&#8221;on&#8221; gutter_width=&#8221;2&#8243; _builder_version=&#8221;4.24.2&#8243; _module_preset=&#8221;default&#8221; width_tablet=&#8221;&#8221; width_phone=&#8221;70%&#8221; width_last_edited=&#8221;on|phone&#8221; module_alignment=&#8221;center&#8221; custom_margin=&#8221;0px|auto|0px|auto|false|false&#8221; custom_padding=&#8221;44px||0px||false|false&#8221; global_colors_info=&#8221;{}&#8221; global_module=&#8221;1924&#8243; theme_builder_area=&#8221;post_content&#8221;][et_pb_column type=&#8221;1_3&#8243; _builder_version=&#8221;4.24.2&#8243; _module_preset=&#8221;default&#8221; custom_padding_tablet=&#8221;&#8221; custom_padding_phone=&#8221;||0px||false|false&#8221; custom_padding_last_edited=&#8221;on|phone&#8221; global_colors_info=&#8221;{}&#8221; theme_builder_area=&#8221;post_content&#8221;][et_pb_text _builder_version=&#8221;4.24.2&#8243; text_font=&#8221;Outfit|300|||||||&#8221; text_text_color=&#8221;#333333&#8243; text_font_size=&#8221;15px&#8221; text_letter_spacing=&#8221;2px&#8221; text_line_height=&#8221;1.9em&#8221; header_font=&#8221;||||||||&#8221; header_2_font=&#8221;Glegoo||||||||&#8221; header_2_text_color=&#8221;#000000&#8243; header_2_font_size=&#8221;40px&#8221; header_2_line_height=&#8221;1.4em&#8221; header_4_font=&#8221;Glegoo|700|||||||&#8221; header_4_text_color=&#8221;#000000&#8243; header_4_font_size=&#8221;22px&#8221; header_4_line_height=&#8221;1.5em&#8221; background_enable_color=&#8221;off&#8221; module_alignment=&#8221;center&#8221; custom_margin=&#8221;0px||10px||false|false&#8221; custom_margin_tablet=&#8221;0px||10px||false|false&#8221; custom_margin_phone=&#8221;0px||0px||false|false&#8221; custom_margin_last_edited=&#8221;on|phone&#8221; custom_padding=&#8221;10px|20px|10px|20px|true|true&#8221; custom_padding_tablet=&#8221;10px|20px|10px|20px|true|true&#8221; custom_padding_phone=&#8221;5px|20px|5px|20px|true|true&#8221; custom_padding_last_edited=&#8221;on|phone&#8221; scroll_horizontal_motion_enable=&#8221;off&#8221; scroll_horizontal_motion=&#8221;0|50|50|100|0.3|0|0&#8243; text_letter_spacing_last_edited=&#8221;off|desktop&#8221; header_2_font_size_tablet=&#8221;30px&#8221; header_2_font_size_phone=&#8221;22px&#8221; header_2_font_size_last_edited=&#8221;on|phone&#8221; header_4_font_size_tablet=&#8221;&#8221; header_4_font_size_phone=&#8221;16px&#8221; header_4_font_size_last_edited=&#8221;on|tablet&#8221; sticky_position_tablet=&#8221;&#8221; sticky_position_phone=&#8221;&#8221; sticky_position_last_edited=&#8221;on|desktop&#8221; locked=&#8221;off&#8221; global_colors_info=&#8221;{}&#8221; header_3_font_size__hover=&#8221;22px&#8221; header_3_font_size__hover_enabled=&#8221;22px&#8221; header_3_letter_spacing__hover=&#8221;0px&#8221; header_3_letter_spacing__hover_enabled=&#8221;0px&#8221; header_3_line_height__hover=&#8221;1em&#8221; header_3_line_height__hover_enabled=&#8221;1em&#8221; header_3_text_shadow_style__hover=&#8221;none&#8221; header_3_text_shadow_style__hover_enabled=&#8221;none&#8221; header_3_text_shadow_color__hover=&#8221;rgba(0,0,0,0.4)&#8221; header_3_text_shadow_color__hover_enabled=&#8221;rgba(0,0,0,0.4)&#8221; background__hover_enabled=&#8221;off|desktop&#8221; background_enable_color__hover=&#8221;off&#8221; text_letter_spacing__hover_enabled=&#8221;off|desktop&#8221; text_letter_spacing__hover=&#8221;1px&#8221; content__hover_enabled=&#8221;on|hover&#8221; content__hover=&#8221;<\/p>\n<p style=\"%22text-align:\" center;%22><strong>\u00a9 Valicon 2024<\/strong><\/p>\n<p>&#8221; theme_builder_area=&#8221;post_content&#8221;]<\/p>\n<p style=\"text-align: center;\">\u00a9 Valicon 2024<\/p>\n<p>[\/et_pb_text][\/et_pb_column][et_pb_column type=&#8221;1_3&#8243; _builder_version=&#8221;4.24.2&#8243; _module_preset=&#8221;default&#8221; custom_padding_tablet=&#8221;&#8221; custom_padding_phone=&#8221;0px||0px||false|false&#8221; custom_padding_last_edited=&#8221;on|phone&#8221; global_colors_info=&#8221;{}&#8221; theme_builder_area=&#8221;post_content&#8221;][et_pb_text _builder_version=&#8221;4.24.2&#8243; text_font=&#8221;Outfit|300|||||||&#8221; text_text_color=&#8221;#333333&#8243; text_font_size=&#8221;15px&#8221; text_letter_spacing=&#8221;2px&#8221; text_line_height=&#8221;1.9em&#8221; header_font=&#8221;||||||||&#8221; header_2_font=&#8221;Glegoo||||||||&#8221; header_2_text_color=&#8221;#000000&#8243; header_2_font_size=&#8221;40px&#8221; header_2_line_height=&#8221;1.4em&#8221; header_4_font=&#8221;Glegoo|700|||||||&#8221; header_4_text_color=&#8221;#000000&#8243; header_4_font_size=&#8221;22px&#8221; header_4_line_height=&#8221;1.5em&#8221; background_enable_color=&#8221;off&#8221; module_alignment=&#8221;center&#8221; custom_margin=&#8221;0px||10px||false|false&#8221; custom_margin_tablet=&#8221;0px||10px||false|false&#8221; custom_margin_phone=&#8221;||0px||false|false&#8221; custom_margin_last_edited=&#8221;on|phone&#8221; custom_padding=&#8221;10px|20px|10px|20px|true|true&#8221; custom_padding_tablet=&#8221;10px|20px|10px|20px|true|true&#8221; custom_padding_phone=&#8221;5px|20px|5px|20px|true|true&#8221; custom_padding_last_edited=&#8221;on|phone&#8221; link_option_url=&#8221;\/terms&#8221; scroll_horizontal_motion_enable=&#8221;off&#8221; scroll_horizontal_motion=&#8221;0|50|50|100|0.3|0|0&#8243; text_letter_spacing_last_edited=&#8221;off|desktop&#8221; header_2_font_size_tablet=&#8221;30px&#8221; header_2_font_size_phone=&#8221;22px&#8221; header_2_font_size_last_edited=&#8221;on|phone&#8221; header_4_font_size_tablet=&#8221;&#8221; header_4_font_size_phone=&#8221;16px&#8221; header_4_font_size_last_edited=&#8221;on|tablet&#8221; sticky_position_tablet=&#8221;&#8221; sticky_position_phone=&#8221;&#8221; sticky_position_last_edited=&#8221;on|desktop&#8221; locked=&#8221;off&#8221; global_colors_info=&#8221;{}&#8221; header_3_font_size__hover=&#8221;22px&#8221; header_3_font_size__hover_enabled=&#8221;22px&#8221; header_3_letter_spacing__hover=&#8221;0px&#8221; header_3_letter_spacing__hover_enabled=&#8221;0px&#8221; header_3_line_height__hover=&#8221;1em&#8221; header_3_line_height__hover_enabled=&#8221;1em&#8221; header_3_text_shadow_style__hover=&#8221;none&#8221; header_3_text_shadow_style__hover_enabled=&#8221;none&#8221; header_3_text_shadow_color__hover=&#8221;rgba(0,0,0,0.4)&#8221; header_3_text_shadow_color__hover_enabled=&#8221;rgba(0,0,0,0.4)&#8221; background__hover_enabled=&#8221;off|desktop&#8221; background_enable_color__hover=&#8221;off&#8221; text_letter_spacing__hover_enabled=&#8221;off|desktop&#8221; text_letter_spacing__hover=&#8221;1px&#8221; content__hover_enabled=&#8221;on|hover&#8221; content__hover=&#8221;<\/p>\n<p style=\"%22text-align:\" center;%22><strong>Termat dhe kushtet<\/strong><\/p>\n<p>&#8221; theme_builder_area=&#8221;post_content&#8221;]<\/p>\n<p style=\"text-align: center;\">Termat dhe kushtet<\/p>\n<p>[\/et_pb_text][\/et_pb_column][et_pb_column type=&#8221;1_3&#8243; _builder_version=&#8221;4.24.2&#8243; _module_preset=&#8221;default&#8221; global_colors_info=&#8221;{}&#8221; theme_builder_area=&#8221;post_content&#8221;][et_pb_text _builder_version=&#8221;4.24.2&#8243; text_font=&#8221;Outfit|300|||||||&#8221; text_text_color=&#8221;#333333&#8243; text_font_size=&#8221;15px&#8221; text_letter_spacing=&#8221;2px&#8221; text_line_height=&#8221;1.9em&#8221; header_font=&#8221;||||||||&#8221; header_2_font=&#8221;Glegoo||||||||&#8221; header_2_text_color=&#8221;#000000&#8243; header_2_font_size=&#8221;40px&#8221; header_2_line_height=&#8221;1.4em&#8221; header_4_font=&#8221;Glegoo|700|||||||&#8221; header_4_text_color=&#8221;#000000&#8243; header_4_font_size=&#8221;22px&#8221; header_4_line_height=&#8221;1.5em&#8221; background_enable_color=&#8221;off&#8221; module_alignment=&#8221;center&#8221; custom_margin=&#8221;0px||10px||false|false&#8221; custom_margin_tablet=&#8221;0px||10px||false|false&#8221; custom_margin_phone=&#8221;0px||0px||false|false&#8221; custom_margin_last_edited=&#8221;on|phone&#8221; custom_padding=&#8221;10px|20px|10px|20px|true|true&#8221; custom_padding_tablet=&#8221;10px|20px|10px|20px|true|true&#8221; custom_padding_phone=&#8221;5px|20px|5px|20px|true|true&#8221; custom_padding_last_edited=&#8221;on|phone&#8221; link_option_url=&#8221;\/cookie-policy&#8221; scroll_horizontal_motion_enable=&#8221;off&#8221; scroll_horizontal_motion=&#8221;0|50|50|100|0.3|0|0&#8243; text_letter_spacing_last_edited=&#8221;off|desktop&#8221; header_2_font_size_tablet=&#8221;30px&#8221; header_2_font_size_phone=&#8221;22px&#8221; header_2_font_size_last_edited=&#8221;on|phone&#8221; header_4_font_size_tablet=&#8221;&#8221; header_4_font_size_phone=&#8221;16px&#8221; header_4_font_size_last_edited=&#8221;on|tablet&#8221; sticky_position_tablet=&#8221;&#8221; sticky_position_phone=&#8221;&#8221; sticky_position_last_edited=&#8221;on|desktop&#8221; locked=&#8221;off&#8221; global_colors_info=&#8221;{}&#8221; header_3_font_size__hover=&#8221;22px&#8221; header_3_font_size__hover_enabled=&#8221;22px&#8221; header_3_letter_spacing__hover=&#8221;0px&#8221; header_3_letter_spacing__hover_enabled=&#8221;0px&#8221; header_3_line_height__hover=&#8221;1em&#8221; header_3_line_height__hover_enabled=&#8221;1em&#8221; header_3_text_shadow_style__hover=&#8221;none&#8221; header_3_text_shadow_style__hover_enabled=&#8221;none&#8221; header_3_text_shadow_color__hover=&#8221;rgba(0,0,0,0.4)&#8221; header_3_text_shadow_color__hover_enabled=&#8221;rgba(0,0,0,0.4)&#8221; background__hover_enabled=&#8221;off|desktop&#8221; background_enable_color__hover=&#8221;off&#8221; text_letter_spacing__hover_enabled=&#8221;off|desktop&#8221; text_letter_spacing__hover=&#8221;1px&#8221; content__hover_enabled=&#8221;on|hover&#8221; content__hover=&#8221;<\/p>\n<p style=\"%22text-align:\" center;%22><strong>Politika e cookies dhe privat\u00ebsis\u00eb<\/strong><\/p>\n<p>&#8221; theme_builder_area=&#8221;post_content&#8221;]<\/p>\n<p style=\"text-align: center;\">Politika e cookies dhe privat\u00ebsis\u00eb<\/p>\n<p>[\/et_pb_text][\/et_pb_column][\/et_pb_row][\/et_pb_section]<\/p>","protected":false},"excerpt":{"rendered":"<p>Terms of use Valicon provides its content on Valicon.com (the \u201cSite\u201d) subject to the following terms and conditions (the \u201cTerms\u201d). We may periodically change the Terms, so please check back from time to time. Copyrights All content and functionality on the Site, including text, graphics, logos, icons, and images and the selection and arrangement thereof, [&hellip;]<\/p>","protected":false},"author":1,"featured_media":0,"parent":0,"menu_order":0,"comment_status":"closed","ping_status":"closed","template":"","meta":{"_et_pb_use_builder":"on","_et_pb_old_content":"","_et_gb_content_width":"","footnotes":""},"class_list":["post-1912","page","type-page","status-publish","hentry"],"_links":{"self":[{"href":"https:\/\/www.valicon.net\/sq\/wp-json\/wp\/v2\/pages\/1912","targetHints":{"allow":["GET"]}}],"collection":[{"href":"https:\/\/www.valicon.net\/sq\/wp-json\/wp\/v2\/pages"}],"about":[{"href":"https:\/\/www.valicon.net\/sq\/wp-json\/wp\/v2\/types\/page"}],"author":[{"embeddable":true,"href":"https:\/\/www.valicon.net\/sq\/wp-json\/wp\/v2\/users\/1"}],"replies":[{"embeddable":true,"href":"https:\/\/www.valicon.net\/sq\/wp-json\/wp\/v2\/comments?post=1912"}],"version-history":[{"count":0,"href":"https:\/\/www.valicon.net\/sq\/wp-json\/wp\/v2\/pages\/1912\/revisions"}],"wp:attachment":[{"href":"https:\/\/www.valicon.net\/sq\/wp-json\/wp\/v2\/media?parent=1912"}],"curies":[{"name":"wp","href":"https:\/\/api.w.org\/{rel}","templated":true}]}}