{"id":1164,"date":"2024-06-12T11:50:06","date_gmt":"2024-06-12T11:50:06","guid":{"rendered":"https:\/\/valiconweb.sys.valicon.net\/?page_id=1164"},"modified":"2025-06-23T13:11:51","modified_gmt":"2025-06-23T13:11:51","slug":"cookie-policy","status":"publish","type":"page","link":"https:\/\/www.valicon.net\/sq\/cookie-policy\/","title":{"rendered":"Cookie Policy"},"content":{"rendered":"<p>[et_pb_section fb_built=&#8221;1&#8243; _builder_version=&#8221;4.24.2&#8243; _module_preset=&#8221;default&#8221; global_colors_info=&#8221;{}&#8221;][et_pb_row _builder_version=&#8221;4.24.2&#8243; _module_preset=&#8221;default&#8221; global_colors_info=&#8221;{}&#8221;][et_pb_column type=&#8221;4_4&#8243; _builder_version=&#8221;4.24.2&#8243; _module_preset=&#8221;default&#8221; global_colors_info=&#8221;{}&#8221;][et_pb_text admin_label=&#8221;Text&#8221; _builder_version=&#8221;4.24.2&#8243; _module_preset=&#8221;default&#8221; global_colors_info=&#8221;{}&#8221;]<\/p>\n<p>&nbsp;<\/p>\n<h2 style=\"text-align: center;\"><strong>Cookies dhe P\u00ebrdorimi i Tyre<\/strong><\/h2>\n<p>N\u00eb Politik\u00ebn ton\u00eb t\u00eb Cookie-ve, do t\u00eb gjeni informacione se si i p\u00ebrdorim cookie-t n\u00eb faqen ton\u00eb t\u00eb internetit.<\/p>\n<p><strong>\u00c7far\u00eb jan\u00eb cookie-t dhe si funksionojn\u00eb?<\/strong><\/p>\n<p>Cookie-t jan\u00eb skedar\u00eb t\u00eb vegj\u00ebl teksti q\u00eb nj\u00eb faqe interneti i d\u00ebrgon dhe i ruan n\u00eb pajisjen tuaj. Cookie-t ruhen n\u00eb dosjen e shfletuesit tuaj t\u00eb internetit. Gjat\u00eb vizit\u00ebs tjet\u00ebr n\u00eb t\u00eb nj\u00ebjt\u00ebn faqe, shfletuesi lexon cookie-n dhe d\u00ebrgon informacionin p\u00ebrkat\u00ebs te faqja e internetit ose te sh\u00ebrbimi q\u00eb e ka vendosur cookie-n.\nN\u00ebse d\u00ebshironi t\u00eb m\u00ebsoni m\u00eb shum\u00eb rreth k\u00ebtyre teknologjive dhe m\u00ebnyr\u00ebs se si funksionojn\u00eb, mund t\u00eb vizitoni nj\u00eb faqe t\u00eb specializuar, si p.sh.(<a href=\"http:\/\/allaboutcookies.org\/\">http:\/\/allaboutcookies.org\/<\/a>)<\/p>\n<p><strong>Pse i p\u00ebrdorim cookie-t?<\/strong><\/p>\n<p>Cookie-t n\u00eb faqen ton\u00eb p\u00ebrdoren p\u00ebr t\u00eb ofruar nj\u00eb p\u00ebrvoj\u00eb optimale gjat\u00eb vizit\u00ebs suaj. Ato p\u00ebrdoren gjithashtu p\u00ebr t\u00eb p\u00ebrmir\u00ebsuar m\u00eb tej faqen ton\u00eb t\u00eb internetit.<\/p>\n<p>P\u00ebrdoren llojet e m\u00ebposhtme t\u00eb cookie-ve:<\/p>\n<ul>\n<li>Cookie q\u00eb num\u00ebrojn\u00eb numrin e vizitor\u00ebve dhe interesat e tyre;<\/li>\n<li>Cookie q\u00eb monitorojn\u00eb m\u00ebnyr\u00ebn se si vizitor\u00ebt navigojn\u00eb n\u00eb faqe dhe sa koh\u00eb q\u00ebndrojn\u00eb n\u00eb secil\u00ebn faqe, p\u00ebr t\u00eb p\u00ebrcaktuar vendosjen m\u00eb t\u00eb p\u00ebrshtatshme t\u00eb p\u00ebrmbajtjes;<\/li>\n<li>Cookie q\u00eb jan\u00eb t\u00eb nevojshme p\u00ebr funksionimin e faqes s\u00eb internetit.<\/li>\n<\/ul>\n<p>Cookie-t specifike q\u00eb p\u00ebrdorim jan\u00eb listuar m\u00eb posht\u00eb:<\/p>\n<p>&nbsp;<\/p>\n<p>[\/et_pb_text][et_pb_text module_id=&#8221;policy-table&#8221; _builder_version=&#8221;4.24.2&#8243; _module_preset=&#8221;default&#8221; hover_enabled=&#8221;0&#8243; custom_css_free_form=&#8221;@media(max-width:1280px){||  #policy-table{||   overflow-x:scroll !important;||}||}||||&#8221; global_colors_info=&#8221;{}&#8221; sticky_enabled=&#8221;0&#8243;]<\/p>\n<table style=\"width: 100%; border-collapse: collapse;\" border=\"1\" cellpadding=\"5px\">\n<tbody>\n<tr>\n<td style=\"width: 20%;\">Emri i cookie-t<\/td>\n<td style=\"width: 20%;\">Servis<\/td>\n<td style=\"width: 20%;\">Koh\u00ebzgjatja<\/td>\n<td style=\"width: 40%;\">P\u00ebrshkrimi<\/td>\n<\/tr>\n<tr>\n<td style=\"width: 20%;\"><span>moove_gdpr_popup\u00a0<\/span><\/td>\n<td style=\"width: 20%;\">Valicon.net<\/td>\n<td style=\"width: 20%;\">1 vit<\/td>\n<td style=\"width: 40%;\">E nevojshme \u2013 p\u00ebrdoret p\u00ebr t\u00eb mbajtur mend parap\u00eblqimet e p\u00ebrdoruesve n\u00eb lidhje me p\u00eblqimin e cookie-ve, n\u00eb m\u00ebnyr\u00eb q\u00eb ato t\u00eb respektohen gjat\u00eb vizitave t\u00eb ardhshme n\u00eb k\u00ebt\u00eb faqe. Nuk mbledh ose ruan asnj\u00eb informacion personal p\u00ebr vizitor\u00ebt e faqes.<\/td>\n<\/tr>\n<\/tbody>\n<\/table>\n<p>[\/et_pb_text][et_pb_text _builder_version=&#8221;4.24.2&#8243; _module_preset=&#8221;default&#8221; global_colors_info=&#8221;{}&#8221;]<\/p>\n<p><strong>Si mund t\u2019i menaxhoj cookie-t?<\/strong><br \/>N\u00ebse nuk pajtoheni me p\u00ebrdorimin e cookie-ve n\u00eb faqen ton\u00eb, mund ta zgjidhni k\u00ebt\u00eb opsion brenda njoftimit p\u00ebr cookie-t. Nj\u00eb m\u00ebnyr\u00eb tjet\u00ebr p\u00ebr menaxhimin e cookie-ve \u00ebsht\u00eb p\u00ebrmes cil\u00ebsimeve t\u00eb shfletuesit tuaj t\u00eb internetit.\nShfletuesit p\u00ebrdorin metoda t\u00eb ndryshme p\u00ebr t\u00eb kufizuar p\u00ebrdorimin e cookie-ve. Zakonisht, k\u00ebto opsione mund t\u2019i gjeni n\u00eb menun\u00eb Tools ose Options. Mund t\u00eb lexoni gjithashtu seksionin Help t\u00eb shfletuesit tuaj.\nMund t\u00eb lexoni m\u00eb shum\u00eb rreth m\u00ebnyrave t\u00eb menaxhimit t\u00eb cookie-ve n\u00eb shfletues t\u00eb ndrysh\u00ebm k\u00ebtu: (<a href=\"http:\/\/www.allaboutcookies.org\/manage-cookies\/index.html\">http:\/\/www.allaboutcookies.org\/manage-cookies\/index.html<\/a>)<\/p>\n<p><strong>Sa koh\u00eb ruhen t\u00eb dh\u00ebnat e cookie?<\/strong><br \/>Kjo varet nga lloji i cookie-t. Cookie-t e sesionit skadojn\u00eb sapo t\u00eb mbyllni dritaren ose shfletuesin tuaj. Cookie-t e q\u00ebndrueshme skadojn\u00eb pas disa muajsh ose edhe disa vitesh. Ju mund t\u2019i fshini cookie-t n\u00eb \u00e7do koh\u00eb p\u00ebrmes cil\u00ebsimeve t\u00eb shfletuesit tuaj t\u00eb internetit.<\/p>\n<p>&nbsp;<\/p>\n<p>&nbsp;<\/p>\n<p>&nbsp;<\/p>\n<p>[\/et_pb_text][\/et_pb_column][\/et_pb_row][et_pb_row column_structure=&#8221;1_5,1_5,1_5,1_5,1_5&#8243; use_custom_gutter=&#8221;on&#8221; gutter_width=&#8221;2&#8243; module_id=&#8221;footer-links&#8221; _builder_version=&#8221;4.24.2&#8243; _module_preset=&#8221;default&#8221; width_tablet=&#8221;&#8221; width_phone=&#8221;70%&#8221; width_last_edited=&#8221;on|phone&#8221; module_alignment=&#8221;center&#8221; custom_margin=&#8221;0px|auto|0px|auto|false|false&#8221; custom_padding=&#8221;44px||0px||false|false&#8221; global_module=&#8221;1924&#8243; saved_tabs=&#8221;all&#8221; global_colors_info=&#8221;{}&#8221;][et_pb_column type=&#8221;1_5&#8243; _builder_version=&#8221;4.24.2&#8243; _module_preset=&#8221;default&#8221; custom_padding_tablet=&#8221;&#8221; custom_padding_phone=&#8221;||0px||false|false&#8221; custom_padding_last_edited=&#8221;on|phone&#8221; global_colors_info=&#8221;{}&#8221;][et_pb_code admin_label=&#8221;Code&#8221; _builder_version=&#8221;4.24.2&#8243; _module_preset=&#8221;default&#8221; global_colors_info=&#8221;{}&#8221;]<pee class=\"our-services-link\">\u00a9 Valicon 2026<\/pee>[\/et_pb_code][\/et_pb_column][et_pb_column type=&#8221;1_5&#8243; _builder_version=&#8221;4.24.2&#8243; _module_preset=&#8221;default&#8221; custom_padding_tablet=&#8221;&#8221; custom_padding_phone=&#8221;0px||0px||false|false&#8221; custom_padding_last_edited=&#8221;on|phone&#8221; global_colors_info=&#8221;{}&#8221;][et_pb_text disabled_on=&#8221;off|off|off&#8221; _builder_version=&#8221;4.24.2&#8243; _module_preset=&#8221;default&#8221; text_font=&#8221;Outfit|300|||||||&#8221; text_text_color=&#8221;#0C71C3&#8243; text_font_size=&#8221;15px&#8221; text_letter_spacing=&#8221;4px&#8221; custom_margin=&#8221;||15px||false|false&#8221; custom_padding=&#8221;5px||5px||false|false&#8221; locked=&#8221;off&#8221; global_colors_info=&#8221;{}&#8221;]<\/p>\n<p class=\"our-services-link\"><a href=\"\/sq\/terms\/\">Termat dhe kushtet<\/a><\/p>\n<p>[\/et_pb_text][\/et_pb_column][et_pb_column type=&#8221;1_5&#8243; _builder_version=&#8221;4.24.2&#8243; _module_preset=&#8221;default&#8221; global_colors_info=&#8221;{}&#8221;][et_pb_text disabled_on=&#8221;off|off|off&#8221; _builder_version=&#8221;4.24.2&#8243; _module_preset=&#8221;default&#8221; text_font=&#8221;Outfit|300|||||||&#8221; text_text_color=&#8221;#0C71C3&#8243; text_font_size=&#8221;15px&#8221; text_letter_spacing=&#8221;4px&#8221; custom_margin=&#8221;||15px||false|false&#8221; custom_padding=&#8221;5px||5px||false|false&#8221; locked=&#8221;off&#8221; global_colors_info=&#8221;{}&#8221;]<\/p>\n<p class=\"our-services-link\"><a href=\"https:\/\/www.valicon.net\/sq\/privacy-policy-b2b\/\">Privacy &#8211; B2B<\/a><\/p>\n<p>[\/et_pb_text][\/et_pb_column][et_pb_column type=&#8221;1_5&#8243; _builder_version=&#8221;4.24.2&#8243; _module_preset=&#8221;default&#8221; global_colors_info=&#8221;{}&#8221;][et_pb_text disabled_on=&#8221;off|off|off&#8221; _builder_version=&#8221;4.24.2&#8243; _module_preset=&#8221;default&#8221; text_font=&#8221;Outfit|300|||||||&#8221; text_text_color=&#8221;#0C71C3&#8243; text_font_size=&#8221;15px&#8221; text_letter_spacing=&#8221;4px&#8221; custom_margin=&#8221;||15px||false|false&#8221; custom_padding=&#8221;5px||5px||false|false&#8221; locked=&#8221;off&#8221; global_colors_info=&#8221;{}&#8221;]<\/p>\n<p class=\"our-services-link\"><a href=\"https:\/\/www.valicon.net\/sq\/privacy-data-collection\/\">Privacy &#8211; Data collection<\/a><\/p>\n<p>[\/et_pb_text][\/et_pb_column][et_pb_column type=&#8221;1_5&#8243; _builder_version=&#8221;4.24.2&#8243; _module_preset=&#8221;default&#8221; global_colors_info=&#8221;{}&#8221;][et_pb_text disabled_on=&#8221;off|off|off&#8221; _builder_version=&#8221;4.24.2&#8243; _module_preset=&#8221;default&#8221; text_font=&#8221;Outfit|300|||||||&#8221; text_text_color=&#8221;#0C71C3&#8243; text_font_size=&#8221;15px&#8221; text_letter_spacing=&#8221;4px&#8221; custom_margin=&#8221;||15px||false|false&#8221; custom_padding=&#8221;5px||5px||false|false&#8221; locked=&#8221;off&#8221; global_colors_info=&#8221;{}&#8221;]<\/p>\n<p class=\"our-services-link\"><a href=\"\/sq\/cookie-policy\/\">Politika e Cookie<\/a><\/p>\n<p>[\/et_pb_text][\/et_pb_column][\/et_pb_row][\/et_pb_section]<\/p>","protected":false},"excerpt":{"rendered":"<p>&nbsp; Cookies and How We Use Them In our Cookie Policy, you&#8217;ll find information on how we use cookies on our website. What are cookies and how do they work? Cookies are small text files that a website sends to and saves on your device. Cookies are saved in the file directory of your web [&hellip;]<\/p>","protected":false},"author":1,"featured_media":0,"parent":0,"menu_order":0,"comment_status":"closed","ping_status":"closed","template":"","meta":{"_et_pb_use_builder":"on","_et_pb_old_content":"","_et_gb_content_width":"","footnotes":""},"class_list":["post-1164","page","type-page","status-publish","hentry"],"_links":{"self":[{"href":"https:\/\/www.valicon.net\/sq\/wp-json\/wp\/v2\/pages\/1164","targetHints":{"allow":["GET"]}}],"collection":[{"href":"https:\/\/www.valicon.net\/sq\/wp-json\/wp\/v2\/pages"}],"about":[{"href":"https:\/\/www.valicon.net\/sq\/wp-json\/wp\/v2\/types\/page"}],"author":[{"embeddable":true,"href":"https:\/\/www.valicon.net\/sq\/wp-json\/wp\/v2\/users\/1"}],"replies":[{"embeddable":true,"href":"https:\/\/www.valicon.net\/sq\/wp-json\/wp\/v2\/comments?post=1164"}],"version-history":[{"count":0,"href":"https:\/\/www.valicon.net\/sq\/wp-json\/wp\/v2\/pages\/1164\/revisions"}],"wp:attachment":[{"href":"https:\/\/www.valicon.net\/sq\/wp-json\/wp\/v2\/media?parent=1164"}],"curies":[{"name":"wp","href":"https:\/\/api.w.org\/{rel}","templated":true}]}}