{"id":1912,"date":"2024-07-23T12:30:45","date_gmt":"2024-07-23T12:30:45","guid":{"rendered":"https:\/\/valiconweb.sys.valicon.net\/?page_id=1912"},"modified":"2024-07-23T12:40:23","modified_gmt":"2024-07-23T12:40:23","slug":"terms","status":"publish","type":"page","link":"https:\/\/www.valicon.net\/sl\/terms\/","title":{"rendered":"Terms"},"content":{"rendered":"<p>[et_pb_section fb_built=&#8221;1&#8243; _builder_version=&#8221;4.24.2&#8243; _module_preset=&#8221;default&#8221; global_colors_info=&#8221;{}&#8221;][et_pb_row _builder_version=&#8221;4.24.2&#8243; _module_preset=&#8221;default&#8221; global_colors_info=&#8221;{}&#8221;][et_pb_column type=&#8221;4_4&#8243; _builder_version=&#8221;4.24.2&#8243; _module_preset=&#8221;default&#8221; global_colors_info=&#8221;{}&#8221;][et_pb_text _builder_version=&#8221;4.24.2&#8243; _module_preset=&#8221;default&#8221; global_colors_info=&#8221;{}&#8221;]<\/p>\n<h2 style=\"text-align: center;\"><strong>Pogoji uporabe<\/strong><\/h2>\n<p>Dru\u017eba Valicon zagotavlja vsebine na svojem spletnem mestu Valicon.com (v nadaljevanju: \u00bbspletno mesto\u00ab) pod naslednjimi pogoji uporabe (v nadaljevanju: \u00bbpogoji\u00ab). Pogoje si pridr\u017eujemo pravico ob\u010dasno spremeniti, zato jih redno preverjajte.<\/p>\n<p><strong>Avtorske pravice<\/strong><\/p>\n<p>Vsa vsebina in funkcionalnost na spletnem mestu, kar vklju\u010duje besedila, grafike, logotipe, ikone in slike ter njihovo izbiro in razporeditev, je izklju\u010dna last dru\u017ebe Valicon ali njenih dajalcev licence in je za\u0161\u010ditena z mednarodnimi zakoni o avtorskih pravicah. Vse pravice, ki niso izrecno podeljene, so pridr\u017eane.<\/p>\n<p><strong>Blagovna znamka<\/strong><\/p>\n<p>Blagovne znamke, storitvene znamke, dizajni in logotipi (v nadaljevanju skupaj: \u00bbblagovne znamke\u00ab), ki so prikazani na spletnem mestu, so registrirane in neregistrirane blagovne znamke dru\u017ebe Valicon in njenih dajalcev licence.\n\nStrinjate se, da se ne boste sklicevali na dru\u017ebo Valicon ali njene dajalce licence niti jim pripisovali informacij v kateremkoli javnem mediju (npr. v sporo\u010dilih za javnost, na spletnih straneh) za namene ogla\u0161evanja ali promocije ali z namenom obve\u0161\u010danja oziroma vplivanja na tretje osebe.\n\nPrav tako se strinjate, da ne boste uporabljali ali reproducirali nobene blagovne znamke v lasti dru\u017ebe Valicon ali njenih dajalcev licence ter da ne boste namigovali na kakr\u0161nokoli podporo z njihove strani ali povezanost z njimi.<\/p>\n<p><strong>Uporaba vsebine spletne strani<\/strong><\/p>\n<p>Dru\u017eba Valicon vam s tem podeljuje neizklju\u010dno, neprenosljivo licenco za \u010das veljavnosti teh pogojev. Ta licenca vam omogo\u010da dostop, prenos, prikaz in tiskanje enega izvoda vsebine, prikazane na spletnem mestu (v nadaljevanju: \u00bbvsebina spletnega mesta\u00ab), na enem samem ra\u010dunalniku in izklju\u010dno za va\u0161o notranjo poslovno uporabo.\n\nLicenca velja pod pogojem, da vsebine spletnega mesta na noben na\u010din ne spreminjate in da ohranite vsa obvestila o avtorskih pravicah ter druga lastni\u0161ka obvestila, ki so prikazana na vsebini.\n\nVsebine spletnega mesta ne smete druga\u010de reproducirati, spreminjati, raz\u0161irjati, prena\u0161ati, objavljati ali razkrivati brez predhodnega pisnega soglasja dru\u017ebe Valicon.<\/p>\n<p><strong>Omejitev odgovornosti<\/strong><\/p>\n<p>Vsebina in funkcionalnost na spletnem mestu sta na voljo ob razumevanju, da vam dru\u017eba Valicon s tem ne nudi strokovnega svetovanja ali storitev. Vsa vsebina in funkcionalnost na spletnem mestu sta zagotovljeni \u00bbtak\u0161ni, kot sta\u00ab, brez kakr\u0161negakoli jamstva, izrecnega ali implicitnega, vklju\u010dno z, a ne omejeno na, implicitnimi jamstvi za prodajo in primernost za dolo\u010den namen.\n\nDru\u017eba Valicon in njeni zunanji ponudniki vsebin ne dajejo nobenih jamstev, izrecnih ali implicitnih, glede lastni\u0161tva, to\u010dnosti ali ustreznosti vsebine spletnega mesta. Dru\u017eba Valicon ne prevzema nobene odgovornosti za informacije, objavljene na povezanih spletnih straneh, vsebovane v prispevkih uporabnikov, objavljenih na spletnem mestu, ali zagotovljene s strani tretjih oseb.\n\nNiti dru\u017eba Valicon niti njeni zunanji ponudniki vsebin niso odgovorni za kakr\u0161nokoli posredno, naklju\u010dno, posledi\u010dno ali kaznovalno \u0161kodo ali za izgubo prihodkov ali dobi\u010dka, ne glede na to, ali so bili seznanjeni z mo\u017enostjo tak\u0161ne \u0161kode ali izgube, in ne glede na teorijo odgovornosti.<\/p>\n<p><strong>Spletne strani tretjih oseb<\/strong><\/p>\n<p>Na\u0161e spletno mesto lahko vsebuje povezave na spletne strani tretjih oseb. Prav tako nekatere vsebine, ki so na videz del tega spletnega mesta, v resnici zagotavljajo tretje osebe \u2013 na primer pri uporabi okvirjev (angl. framing) za prikazovanje spletnih strani tretjih oseb ali pri vklju\u010devanju vsebin s stre\u017enikov tretjih oseb.\n\nDru\u017eba Valicon za te spletne strani tretjih oseb ne prevzema nobene odgovornosti, saj zanje veljajo pogoji uporabe in politike zasebnosti (\u010de obstajajo) ustreznih ponudnikov vsebin.<\/p>\n<p>[\/et_pb_text][\/et_pb_column][\/et_pb_row][et_pb_row column_structure=&#8221;1_3,1_3,1_3&#8243; use_custom_gutter=&#8221;on&#8221; gutter_width=&#8221;2&#8243; _builder_version=&#8221;4.24.2&#8243; _module_preset=&#8221;default&#8221; width_tablet=&#8221;&#8221; width_phone=&#8221;70%&#8221; width_last_edited=&#8221;on|phone&#8221; module_alignment=&#8221;center&#8221; custom_margin=&#8221;0px|auto|0px|auto|false|false&#8221; custom_padding=&#8221;44px||0px||false|false&#8221; global_colors_info=&#8221;{}&#8221; global_module=&#8221;1924&#8243; theme_builder_area=&#8221;post_content&#8221;][et_pb_column type=&#8221;1_3&#8243; _builder_version=&#8221;4.24.2&#8243; _module_preset=&#8221;default&#8221; custom_padding_tablet=&#8221;&#8221; custom_padding_phone=&#8221;||0px||false|false&#8221; custom_padding_last_edited=&#8221;on|phone&#8221; global_colors_info=&#8221;{}&#8221; theme_builder_area=&#8221;post_content&#8221;][et_pb_text _builder_version=&#8221;4.24.2&#8243; text_font=&#8221;Outfit|300|||||||&#8221; text_text_color=&#8221;#333333&#8243; text_font_size=&#8221;15px&#8221; text_letter_spacing=&#8221;2px&#8221; text_line_height=&#8221;1.9em&#8221; header_font=&#8221;||||||||&#8221; header_2_font=&#8221;Glegoo||||||||&#8221; header_2_text_color=&#8221;#000000&#8243; header_2_font_size=&#8221;40px&#8221; header_2_line_height=&#8221;1.4em&#8221; header_4_font=&#8221;Glegoo|700|||||||&#8221; header_4_text_color=&#8221;#000000&#8243; header_4_font_size=&#8221;22px&#8221; header_4_line_height=&#8221;1.5em&#8221; background_enable_color=&#8221;off&#8221; module_alignment=&#8221;center&#8221; custom_margin=&#8221;0px||10px||false|false&#8221; custom_margin_tablet=&#8221;0px||10px||false|false&#8221; custom_margin_phone=&#8221;0px||0px||false|false&#8221; custom_margin_last_edited=&#8221;on|phone&#8221; custom_padding=&#8221;10px|20px|10px|20px|true|true&#8221; custom_padding_tablet=&#8221;10px|20px|10px|20px|true|true&#8221; custom_padding_phone=&#8221;5px|20px|5px|20px|true|true&#8221; custom_padding_last_edited=&#8221;on|phone&#8221; scroll_horizontal_motion_enable=&#8221;off&#8221; scroll_horizontal_motion=&#8221;0|50|50|100|0.3|0|0&#8243; text_letter_spacing_last_edited=&#8221;off|desktop&#8221; header_2_font_size_tablet=&#8221;30px&#8221; header_2_font_size_phone=&#8221;22px&#8221; header_2_font_size_last_edited=&#8221;on|phone&#8221; header_4_font_size_tablet=&#8221;&#8221; header_4_font_size_phone=&#8221;16px&#8221; header_4_font_size_last_edited=&#8221;on|tablet&#8221; sticky_position_tablet=&#8221;&#8221; sticky_position_phone=&#8221;&#8221; sticky_position_last_edited=&#8221;on|desktop&#8221; locked=&#8221;off&#8221; global_colors_info=&#8221;{}&#8221; header_3_font_size__hover=&#8221;22px&#8221; header_3_font_size__hover_enabled=&#8221;22px&#8221; header_3_letter_spacing__hover=&#8221;0px&#8221; header_3_letter_spacing__hover_enabled=&#8221;0px&#8221; header_3_line_height__hover=&#8221;1em&#8221; header_3_line_height__hover_enabled=&#8221;1em&#8221; header_3_text_shadow_style__hover=&#8221;none&#8221; header_3_text_shadow_style__hover_enabled=&#8221;none&#8221; header_3_text_shadow_color__hover=&#8221;rgba(0,0,0,0.4)&#8221; header_3_text_shadow_color__hover_enabled=&#8221;rgba(0,0,0,0.4)&#8221; background__hover_enabled=&#8221;off|desktop&#8221; background_enable_color__hover=&#8221;off&#8221; text_letter_spacing__hover_enabled=&#8221;off|desktop&#8221; text_letter_spacing__hover=&#8221;1px&#8221; content__hover_enabled=&#8221;on|hover&#8221; content__hover=&#8221;<\/p>\n<p style=\"%22text-align:\" center;%22><strong>\u00a9 Valicon 2024<\/strong><\/p>\n<p>&#8221; theme_builder_area=&#8221;post_content&#8221;]<\/p>\n<p style=\"text-align: center;\">\u00a9 Valicon 2024<\/p>\n<p>[\/et_pb_text][\/et_pb_column][et_pb_column type=&#8221;1_3&#8243; _builder_version=&#8221;4.24.2&#8243; _module_preset=&#8221;default&#8221; custom_padding_tablet=&#8221;&#8221; custom_padding_phone=&#8221;0px||0px||false|false&#8221; custom_padding_last_edited=&#8221;on|phone&#8221; global_colors_info=&#8221;{}&#8221; theme_builder_area=&#8221;post_content&#8221;][et_pb_text _builder_version=&#8221;4.24.2&#8243; text_font=&#8221;Outfit|300|||||||&#8221; text_text_color=&#8221;#333333&#8243; text_font_size=&#8221;15px&#8221; text_letter_spacing=&#8221;2px&#8221; text_line_height=&#8221;1.9em&#8221; header_font=&#8221;||||||||&#8221; header_2_font=&#8221;Glegoo||||||||&#8221; header_2_text_color=&#8221;#000000&#8243; header_2_font_size=&#8221;40px&#8221; header_2_line_height=&#8221;1.4em&#8221; header_4_font=&#8221;Glegoo|700|||||||&#8221; header_4_text_color=&#8221;#000000&#8243; header_4_font_size=&#8221;22px&#8221; header_4_line_height=&#8221;1.5em&#8221; background_enable_color=&#8221;off&#8221; module_alignment=&#8221;center&#8221; custom_margin=&#8221;0px||10px||false|false&#8221; custom_margin_tablet=&#8221;0px||10px||false|false&#8221; custom_margin_phone=&#8221;||0px||false|false&#8221; custom_margin_last_edited=&#8221;on|phone&#8221; custom_padding=&#8221;10px|20px|10px|20px|true|true&#8221; custom_padding_tablet=&#8221;10px|20px|10px|20px|true|true&#8221; custom_padding_phone=&#8221;5px|20px|5px|20px|true|true&#8221; custom_padding_last_edited=&#8221;on|phone&#8221; link_option_url=&#8221;\/terms&#8221; scroll_horizontal_motion_enable=&#8221;off&#8221; scroll_horizontal_motion=&#8221;0|50|50|100|0.3|0|0&#8243; text_letter_spacing_last_edited=&#8221;off|desktop&#8221; header_2_font_size_tablet=&#8221;30px&#8221; header_2_font_size_phone=&#8221;22px&#8221; header_2_font_size_last_edited=&#8221;on|phone&#8221; header_4_font_size_tablet=&#8221;&#8221; header_4_font_size_phone=&#8221;16px&#8221; header_4_font_size_last_edited=&#8221;on|tablet&#8221; sticky_position_tablet=&#8221;&#8221; sticky_position_phone=&#8221;&#8221; sticky_position_last_edited=&#8221;on|desktop&#8221; locked=&#8221;off&#8221; global_colors_info=&#8221;{}&#8221; header_3_font_size__hover=&#8221;22px&#8221; header_3_font_size__hover_enabled=&#8221;22px&#8221; header_3_letter_spacing__hover=&#8221;0px&#8221; header_3_letter_spacing__hover_enabled=&#8221;0px&#8221; header_3_line_height__hover=&#8221;1em&#8221; header_3_line_height__hover_enabled=&#8221;1em&#8221; header_3_text_shadow_style__hover=&#8221;none&#8221; header_3_text_shadow_style__hover_enabled=&#8221;none&#8221; header_3_text_shadow_color__hover=&#8221;rgba(0,0,0,0.4)&#8221; header_3_text_shadow_color__hover_enabled=&#8221;rgba(0,0,0,0.4)&#8221; background__hover_enabled=&#8221;off|desktop&#8221; background_enable_color__hover=&#8221;off&#8221; text_letter_spacing__hover_enabled=&#8221;off|desktop&#8221; text_letter_spacing__hover=&#8221;1px&#8221; content__hover_enabled=&#8221;on|hover&#8221; content__hover=&#8221;<\/p>\n<p style=\"%22text-align:\" center;%22><strong>Pogoji poslovanja<\/strong><\/p>\n<p>&#8221; theme_builder_area=&#8221;post_content&#8221;]<\/p>\n<p style=\"text-align: center;\">Pogoji poslovanja<\/p>\n<p>[\/et_pb_text][\/et_pb_column][et_pb_column type=&#8221;1_3&#8243; _builder_version=&#8221;4.24.2&#8243; _module_preset=&#8221;default&#8221; global_colors_info=&#8221;{}&#8221; theme_builder_area=&#8221;post_content&#8221;][et_pb_text _builder_version=&#8221;4.24.2&#8243; text_font=&#8221;Outfit|300|||||||&#8221; text_text_color=&#8221;#333333&#8243; text_font_size=&#8221;15px&#8221; text_letter_spacing=&#8221;2px&#8221; text_line_height=&#8221;1.9em&#8221; header_font=&#8221;||||||||&#8221; header_2_font=&#8221;Glegoo||||||||&#8221; header_2_text_color=&#8221;#000000&#8243; header_2_font_size=&#8221;40px&#8221; header_2_line_height=&#8221;1.4em&#8221; header_4_font=&#8221;Glegoo|700|||||||&#8221; header_4_text_color=&#8221;#000000&#8243; header_4_font_size=&#8221;22px&#8221; header_4_line_height=&#8221;1.5em&#8221; background_enable_color=&#8221;off&#8221; module_alignment=&#8221;center&#8221; custom_margin=&#8221;0px||10px||false|false&#8221; custom_margin_tablet=&#8221;0px||10px||false|false&#8221; custom_margin_phone=&#8221;0px||0px||false|false&#8221; custom_margin_last_edited=&#8221;on|phone&#8221; custom_padding=&#8221;10px|20px|10px|20px|true|true&#8221; custom_padding_tablet=&#8221;10px|20px|10px|20px|true|true&#8221; custom_padding_phone=&#8221;5px|20px|5px|20px|true|true&#8221; custom_padding_last_edited=&#8221;on|phone&#8221; link_option_url=&#8221;\/cookie-policy&#8221; scroll_horizontal_motion_enable=&#8221;off&#8221; scroll_horizontal_motion=&#8221;0|50|50|100|0.3|0|0&#8243; text_letter_spacing_last_edited=&#8221;off|desktop&#8221; header_2_font_size_tablet=&#8221;30px&#8221; header_2_font_size_phone=&#8221;22px&#8221; header_2_font_size_last_edited=&#8221;on|phone&#8221; header_4_font_size_tablet=&#8221;&#8221; header_4_font_size_phone=&#8221;16px&#8221; header_4_font_size_last_edited=&#8221;on|tablet&#8221; sticky_position_tablet=&#8221;&#8221; sticky_position_phone=&#8221;&#8221; sticky_position_last_edited=&#8221;on|desktop&#8221; locked=&#8221;off&#8221; global_colors_info=&#8221;{}&#8221; header_3_font_size__hover=&#8221;22px&#8221; header_3_font_size__hover_enabled=&#8221;22px&#8221; header_3_letter_spacing__hover=&#8221;0px&#8221; header_3_letter_spacing__hover_enabled=&#8221;0px&#8221; header_3_line_height__hover=&#8221;1em&#8221; header_3_line_height__hover_enabled=&#8221;1em&#8221; header_3_text_shadow_style__hover=&#8221;none&#8221; header_3_text_shadow_style__hover_enabled=&#8221;none&#8221; header_3_text_shadow_color__hover=&#8221;rgba(0,0,0,0.4)&#8221; header_3_text_shadow_color__hover_enabled=&#8221;rgba(0,0,0,0.4)&#8221; background__hover_enabled=&#8221;off|desktop&#8221; background_enable_color__hover=&#8221;off&#8221; text_letter_spacing__hover_enabled=&#8221;off|desktop&#8221; text_letter_spacing__hover=&#8221;1px&#8221; content__hover_enabled=&#8221;on|hover&#8221; content__hover=&#8221;<\/p>\n<p style=\"%22text-align:\" center;%22><strong>Pi\u0161kotki in politika zasebnosti<\/strong><\/p>\n<p>&#8221; theme_builder_area=&#8221;post_content&#8221;]<\/p>\n<p style=\"text-align: center;\">Pi\u0161kotki in politika zasebnosti<\/p>\n<p>[\/et_pb_text][\/et_pb_column][\/et_pb_row][\/et_pb_section]<\/p>","protected":false},"excerpt":{"rendered":"<p>Terms of use Valicon provides its content on Valicon.com (the \u201cSite\u201d) subject to the following terms and conditions (the \u201cTerms\u201d). We may periodically change the Terms, so please check back from time to time. Copyrights All content and functionality on the Site, including text, graphics, logos, icons, and images and the selection and arrangement thereof, [&hellip;]<\/p>","protected":false},"author":1,"featured_media":0,"parent":0,"menu_order":0,"comment_status":"closed","ping_status":"closed","template":"","meta":{"_et_pb_use_builder":"on","_et_pb_old_content":"","_et_gb_content_width":"","footnotes":""},"class_list":["post-1912","page","type-page","status-publish","hentry"],"_links":{"self":[{"href":"https:\/\/www.valicon.net\/sl\/wp-json\/wp\/v2\/pages\/1912","targetHints":{"allow":["GET"]}}],"collection":[{"href":"https:\/\/www.valicon.net\/sl\/wp-json\/wp\/v2\/pages"}],"about":[{"href":"https:\/\/www.valicon.net\/sl\/wp-json\/wp\/v2\/types\/page"}],"author":[{"embeddable":true,"href":"https:\/\/www.valicon.net\/sl\/wp-json\/wp\/v2\/users\/1"}],"replies":[{"embeddable":true,"href":"https:\/\/www.valicon.net\/sl\/wp-json\/wp\/v2\/comments?post=1912"}],"version-history":[{"count":0,"href":"https:\/\/www.valicon.net\/sl\/wp-json\/wp\/v2\/pages\/1912\/revisions"}],"wp:attachment":[{"href":"https:\/\/www.valicon.net\/sl\/wp-json\/wp\/v2\/media?parent=1912"}],"curies":[{"name":"wp","href":"https:\/\/api.w.org\/{rel}","templated":true}]}}