{"id":1164,"date":"2024-06-12T11:50:06","date_gmt":"2024-06-12T11:50:06","guid":{"rendered":"https:\/\/valiconweb.sys.valicon.net\/?page_id=1164"},"modified":"2025-06-23T13:11:51","modified_gmt":"2025-06-23T13:11:51","slug":"cookie-policy","status":"publish","type":"page","link":"https:\/\/www.valicon.net\/sl\/cookie-policy\/","title":{"rendered":"politiki pi\u0161kotkov"},"content":{"rendered":"<p>[et_pb_section fb_built=&#8221;1&#8243; _builder_version=&#8221;4.24.2&#8243; _module_preset=&#8221;default&#8221; global_colors_info=&#8221;{}&#8221;][et_pb_row _builder_version=&#8221;4.24.2&#8243; _module_preset=&#8221;default&#8221; global_colors_info=&#8221;{}&#8221;][et_pb_column type=&#8221;4_4&#8243; _builder_version=&#8221;4.24.2&#8243; _module_preset=&#8221;default&#8221; global_colors_info=&#8221;{}&#8221;][et_pb_text admin_label=&#8221;Text&#8221; _builder_version=&#8221;4.24.2&#8243; _module_preset=&#8221;default&#8221; global_colors_info=&#8221;{}&#8221;]<\/p>\n<p>&nbsp;<\/p>\n<h2 style=\"text-align: center;\"><strong>Pi\u0161kotki in kako jih uporabljamo<\/strong><\/h2>\n<p>V Pravilniku o pi\u0161kotkih najdete informacije o tem, kako uporabljamo pi\u0161kotke na na\u0161em spletnem mestu.<\/p>\n<p><strong>Kaj so pi\u0161kotki in kako delujejo?<\/strong><\/p>\n<p>Pi\u0161kotki so majhne datoteke, ki jih obiskana spletna mesta po\u0161ljejo v va\u0161 ra\u010dunalnik in shranijo v njem. Pi\u0161kotki so shranjeni v datote\u010dnem imeniku spletnega brskalnika. Ob naslednjem obisku spletnega mesta brskalnik prebere pi\u0161kotek in posreduje informacije spletnemu mestu ali drugemu elementu, ki je nastavil pi\u0161kotek. \u010ce \u017eelite izvedeti ve\u010d o teh tehnologijah in njihovem delovanju, obi\u0161\u010dite ustrezno spletno mesto, na primer allaboutcookies.org. (<a href=\"http:\/\/allaboutcookies.org\/\">http:\/\/allaboutcookies.org\/<\/a>)<\/p>\n<p><strong>Zakaj uporabljamo pi\u0161kotke?<\/strong><\/p>\n<p>Na na\u0161em spletnem mestu uporabljamo pi\u0161kotke, da vam lahko ponudimo optimalno izku\u0161njo pri obisku in izbolj\u0161amo spletno mesto.<\/p>\n<p>Uporabljamo naslednje pi\u0161kotke:<\/p>\n<ul>\n<li>pi\u0161kotke, s katerimi \u0161tejemo \u0161tevilo obiskovalcev na strani in njihove interese;<\/li>\n<li>pi\u0161kotke, s katerimi raziskujemo, kako se obiskovalci premikajo po strani in koliko \u010dasa se zadr\u017eijo na posamezni strani, da vidimo, kam postaviti vsebine;<\/li>\n<li>pi\u0161kotke, nujne za delovanje spletnih strani.<\/li>\n<\/ul>\n<p>Specifi\u010dni pi\u0161kotki, ki jih uporabljamo, so navedeni spodaj:<\/p>\n<p>&nbsp;<\/p>\n<p>[\/et_pb_text][et_pb_text module_id=&#8221;policy-table&#8221; _builder_version=&#8221;4.24.2&#8243; _module_preset=&#8221;default&#8221; hover_enabled=&#8221;0&#8243; custom_css_free_form=&#8221;@media(max-width:1280px){||  #policy-table{||   overflow-x:scroll !important;||}||}||||&#8221; global_colors_info=&#8221;{}&#8221; sticky_enabled=&#8221;0&#8243;]<\/p>\n<table style=\"width: 100%; border-collapse: collapse;\" border=\"1\" cellpadding=\"5px\">\n<tbody>\n<tr>\n<td style=\"width: 20%;\">Ime pi\u0161kotka<\/td>\n<td style=\"width: 20%;\">Servis<\/td>\n<td style=\"width: 20%;\">Trajanje<\/td>\n<td style=\"width: 40%;\">Namen<\/td>\n<\/tr>\n<tr>\n<td style=\"width: 20%;\"><span>moove_gdpr_popup\u00a0<\/span><\/td>\n<td style=\"width: 20%;\">Valicon.net<\/td>\n<td style=\"width: 20%;\">1 leto<\/td>\n<td style=\"width: 40%;\">Nujni - uporablja se za pomnjenje uporabnikovih preferenc glede soglasja, da se njihove nastavitve upo\u0161tevajo ob naslednjih obiskih tega spletnega mesta. Ne zbira ali shranjuje nobenih osebnih podatkov o obiskovalcih spletnega mesta.<\/td>\n<\/tr>\n<\/tbody>\n<\/table>\n<p>[\/et_pb_text][et_pb_text _builder_version=&#8221;4.24.2&#8243; _module_preset=&#8221;default&#8221; global_colors_info=&#8221;{}&#8221;]<\/p>\n<p><strong>Kako lahko upravljam pi\u0161kotke?<\/strong><br \/>\u010ce se ne strinjate z uporabo pi\u0161kotkov na na\u0161em spletnem mestu, lahko to opcijo izberete znotraj obvestila o pi\u0161kotkih. Odjavite se lahko tudi preko  obrazca za upravljanje pi\u0161kotkov v spletnem brskalniku. Spletni brskalniki za onemogo\u010danje pi\u0161kotkov uporabljajo razli\u010dne na\u010dine, ki jih obi\u010dajno najdete v meniju Orodja ali Mo\u017enosti. Preberete lahko tudi Pomo\u010d v brskalniku. Ve\u010d o mo\u017enostih upravljanja pi\u0161kotkov v posameznih brskalnikih lahko preberete tukaj. (<a href=\"http:\/\/www.allaboutcookies.org\/manage-cookies\/index.html\">http:\/\/www.allaboutcookies.org\/manage-cookies\/index.html<\/a>)<\/p>\n<p><strong>Kako dolgo hranimo informacije?<\/strong><br \/>To je odvisno od vrste pi\u0161kotkov. Pi\u0161kotki seje pote\u010dejo, ko zaprete spletni brskalnik. Trajni pi\u0161kotki lahko pote\u010dejo \u0161ele po nekaj mesecih ali celo nekaj letih. Pi\u0161kotke lahko sami izbri\u0161ete v spletnem brskalniku.<\/p>\n<p>&nbsp;<\/p>\n<p>&nbsp;<\/p>\n<p>&nbsp;<\/p>\n<p>[\/et_pb_text][\/et_pb_column][\/et_pb_row][et_pb_row column_structure=&#8221;1_5,1_5,1_5,1_5,1_5&#8243; use_custom_gutter=&#8221;on&#8221; gutter_width=&#8221;2&#8243; module_id=&#8221;footer-links&#8221; _builder_version=&#8221;4.24.2&#8243; _module_preset=&#8221;default&#8221; width_tablet=&#8221;&#8221; width_phone=&#8221;70%&#8221; width_last_edited=&#8221;on|phone&#8221; module_alignment=&#8221;center&#8221; custom_margin=&#8221;0px|auto|0px|auto|false|false&#8221; custom_padding=&#8221;44px||0px||false|false&#8221; global_module=&#8221;1924&#8243; saved_tabs=&#8221;all&#8221; global_colors_info=&#8221;{}&#8221;][et_pb_column type=&#8221;1_5&#8243; _builder_version=&#8221;4.24.2&#8243; _module_preset=&#8221;default&#8221; custom_padding_tablet=&#8221;&#8221; custom_padding_phone=&#8221;||0px||false|false&#8221; custom_padding_last_edited=&#8221;on|phone&#8221; global_colors_info=&#8221;{}&#8221;][et_pb_code admin_label=&#8221;Code&#8221; _builder_version=&#8221;4.24.2&#8243; _module_preset=&#8221;default&#8221; global_colors_info=&#8221;{}&#8221;]<pee class=\"our-services-link\">\u00a9 Valicon 2026<\/pee>[\/et_pb_code][\/et_pb_column][et_pb_column type=&#8221;1_5&#8243; _builder_version=&#8221;4.24.2&#8243; _module_preset=&#8221;default&#8221; custom_padding_tablet=&#8221;&#8221; custom_padding_phone=&#8221;0px||0px||false|false&#8221; custom_padding_last_edited=&#8221;on|phone&#8221; global_colors_info=&#8221;{}&#8221;][et_pb_text disabled_on=&#8221;off|off|off&#8221; _builder_version=&#8221;4.24.2&#8243; _module_preset=&#8221;default&#8221; text_font=&#8221;Outfit|300|||||||&#8221; text_text_color=&#8221;#0C71C3&#8243; text_font_size=&#8221;15px&#8221; text_letter_spacing=&#8221;4px&#8221; custom_margin=&#8221;||15px||false|false&#8221; custom_padding=&#8221;5px||5px||false|false&#8221; locked=&#8221;off&#8221; global_colors_info=&#8221;{}&#8221;]<\/p>\n<p class=\"our-services-link\"><a href=\"\/sl\/terms\/\">Pogoji poslovanja<\/a><\/p>\n<p>[\/et_pb_text][\/et_pb_column][et_pb_column type=&#8221;1_5&#8243; _builder_version=&#8221;4.24.2&#8243; _module_preset=&#8221;default&#8221; global_colors_info=&#8221;{}&#8221;][et_pb_text disabled_on=&#8221;off|off|off&#8221; _builder_version=&#8221;4.24.2&#8243; _module_preset=&#8221;default&#8221; text_font=&#8221;Outfit|300|||||||&#8221; text_text_color=&#8221;#0C71C3&#8243; text_font_size=&#8221;15px&#8221; text_letter_spacing=&#8221;4px&#8221; custom_margin=&#8221;||15px||false|false&#8221; custom_padding=&#8221;5px||5px||false|false&#8221; locked=&#8221;off&#8221; global_colors_info=&#8221;{}&#8221;]<\/p>\n<p class=\"our-services-link\"><a href=\"https:\/\/www.valicon.net\/sl\/privacy-policy-b2b\/\">Privacy &#8211; B2B<\/a><\/p>\n<p>[\/et_pb_text][\/et_pb_column][et_pb_column type=&#8221;1_5&#8243; _builder_version=&#8221;4.24.2&#8243; _module_preset=&#8221;default&#8221; global_colors_info=&#8221;{}&#8221;][et_pb_text disabled_on=&#8221;off|off|off&#8221; _builder_version=&#8221;4.24.2&#8243; _module_preset=&#8221;default&#8221; text_font=&#8221;Outfit|300|||||||&#8221; text_text_color=&#8221;#0C71C3&#8243; text_font_size=&#8221;15px&#8221; text_letter_spacing=&#8221;4px&#8221; custom_margin=&#8221;||15px||false|false&#8221; custom_padding=&#8221;5px||5px||false|false&#8221; locked=&#8221;off&#8221; global_colors_info=&#8221;{}&#8221;]<\/p>\n<p class=\"our-services-link\"><a href=\"https:\/\/www.valicon.net\/sl\/privacy-data-collection\/\">Privacy &#8211; Data collection<\/a><\/p>\n<p>[\/et_pb_text][\/et_pb_column][et_pb_column type=&#8221;1_5&#8243; _builder_version=&#8221;4.24.2&#8243; _module_preset=&#8221;default&#8221; global_colors_info=&#8221;{}&#8221;][et_pb_text disabled_on=&#8221;off|off|off&#8221; _builder_version=&#8221;4.24.2&#8243; _module_preset=&#8221;default&#8221; text_font=&#8221;Outfit|300|||||||&#8221; text_text_color=&#8221;#0C71C3&#8243; text_font_size=&#8221;15px&#8221; text_letter_spacing=&#8221;4px&#8221; custom_margin=&#8221;||15px||false|false&#8221; custom_padding=&#8221;5px||5px||false|false&#8221; locked=&#8221;off&#8221; global_colors_info=&#8221;{}&#8221;]<\/p>\n<p class=\"our-services-link\"><a href=\"\/sl\/cookie-policy\/\">Pravilnik o pi\u0161kotkih<\/a><\/p>\n<p>[\/et_pb_text][\/et_pb_column][\/et_pb_row][\/et_pb_section]<\/p>","protected":false},"excerpt":{"rendered":"<p>&nbsp; Cookies and How We Use Them In our Cookie Policy, you&#8217;ll find information on how we use cookies on our website. What are cookies and how do they work? Cookies are small text files that a website sends to and saves on your device. Cookies are saved in the file directory of your web [&hellip;]<\/p>","protected":false},"author":1,"featured_media":0,"parent":0,"menu_order":0,"comment_status":"closed","ping_status":"closed","template":"","meta":{"_et_pb_use_builder":"on","_et_pb_old_content":"","_et_gb_content_width":"","footnotes":""},"class_list":["post-1164","page","type-page","status-publish","hentry"],"_links":{"self":[{"href":"https:\/\/www.valicon.net\/sl\/wp-json\/wp\/v2\/pages\/1164","targetHints":{"allow":["GET"]}}],"collection":[{"href":"https:\/\/www.valicon.net\/sl\/wp-json\/wp\/v2\/pages"}],"about":[{"href":"https:\/\/www.valicon.net\/sl\/wp-json\/wp\/v2\/types\/page"}],"author":[{"embeddable":true,"href":"https:\/\/www.valicon.net\/sl\/wp-json\/wp\/v2\/users\/1"}],"replies":[{"embeddable":true,"href":"https:\/\/www.valicon.net\/sl\/wp-json\/wp\/v2\/comments?post=1164"}],"version-history":[{"count":0,"href":"https:\/\/www.valicon.net\/sl\/wp-json\/wp\/v2\/pages\/1164\/revisions"}],"wp:attachment":[{"href":"https:\/\/www.valicon.net\/sl\/wp-json\/wp\/v2\/media?parent=1164"}],"curies":[{"name":"wp","href":"https:\/\/api.w.org\/{rel}","templated":true}]}}