{"id":3597,"date":"2026-03-03T13:04:53","date_gmt":"2026-03-03T13:04:53","guid":{"rendered":"https:\/\/www.valicon.net\/?page_id=3597"},"modified":"2026-03-03T13:17:38","modified_gmt":"2026-03-03T13:17:38","slug":"pravilnik-o-organizaciji-in-izvedbi-nagradne-igre","status":"publish","type":"page","link":"https:\/\/www.valicon.net\/hr\/pravilnik-o-organizaciji-in-izvedbi-nagradne-igre\/","title":{"rendered":"PRAVILNIK O ORGANIZACIJI IN IZVEDBI NAGRADNE IGRE\u00a0"},"content":{"rendered":"<h3>Raziskava o aktualnem politi\u010dnem dogajanju<\/h3>\n<p>&nbsp;<\/p>\n<ol>\n<li><strong> \u010dlen: ORGANIZATOR\u00a0<\/strong><\/li>\n<\/ol>\n<p>Organizator nagradne igre \u201cRaziskava o aktualnem politi\u010dnem dogajanju\u201d je podjetje VALICON d.o.o., Kopitarjeva 2, 1000 Ljubljana, Slovenija (v nadaljevanju organizator).<\/p>\n<p>&nbsp;<\/p>\n<ol start=\"2\">\n<li><strong> \u010dlen: TRAJANJE NAGRADNE IGRE<\/strong><\/li>\n<\/ol>\n<p>Nagradna igra poteka od 3.3.2026 (po slovenskem \u010dasu) do vklju\u010dno 10.3.2026 (po slovenskem \u010dasu).<\/p>\n<p>&nbsp;<\/p>\n<ol start=\"3\">\n<li><strong> \u010dlen: NAMEN NAGRADNE IGRE\u00a0<\/strong><\/li>\n<\/ol>\n<p>Namen nagradne igre je spodbuditi osebe k izpolnitvi vpra\u0161alnika \u201c Raziskava o aktualnem politi\u010dnem dogajanju \u201d.<\/p>\n<p>&nbsp;<\/p>\n<ol start=\"4\">\n<li><strong> \u010dlen: KDO LAHKO SODELUJE<\/strong><\/li>\n<\/ol>\n<p>V nagradni igri sodelujejo vse osebe, ki v celoti izpolnijo telefonsko ali spletno anketo \u201cRaziskava o aktualnem politi\u010dnem dogajanju \u201d.<\/p>\n<p>&nbsp;<\/p>\n<ol start=\"5\">\n<li><strong> \u010dlen: NAGRADNI SKLAD<\/strong><\/li>\n<\/ol>\n<p>Med vsemi sodelujo\u010dimi bo iz\u017erebanih (10) deset nagrajencev, ki bodo prejeli:<\/p>\n<p>1x bon v vrednosti 10\u20ac za Petrol ali DM (po izbiri)<\/p>\n<p>&nbsp;<\/p>\n<ol start=\"6\">\n<li><strong> \u010dlen: NAGRADNI \u017dREB<\/strong><\/li>\n<\/ol>\n<p>Nagradno \u017erebanje se bo izvedlo s pomo\u010djo ra\u010dunalni\u0161kega programa, ki bo naklju\u010dno izbral 10 sodelujo\u010dih, dne 12.3.2026.<\/p>\n<p>\u017drebanje nadzoruje 3 (tri) \u010dlanska komisija:<\/p>\n<p>Vid Fras<\/p>\n<p>Toma\u017e Hohkraut<\/p>\n<p>Milena Milankovi\u0107<\/p>\n<p>&nbsp;<\/p>\n<p>Pri nagradnem \u017erebanju se vodi zapisnik, ki vsebuje podatke o:<\/p>\n<p>datumu, uri in kraju \u017erebanja, prisotnih osebah, poteku \u017erebanja in nagrajencih.<\/p>\n<p>Zapisnik podpi\u0161ejo vsi \u010dlani komisije.<\/p>\n<p>&nbsp;<\/p>\n<ol start=\"7\">\n<li><strong> \u010dlen: OBVESTILO NAGRAJENCEV<\/strong><\/li>\n<\/ol>\n<p>Nagrajenci bodo o nagradi obve\u0161\u010deni preko kontaktnih podatkov, ki so nam jih v ta namen pustili (elektronska po\u0161ta ali SMS sporo\u010dilo) najkasneje do 17.3.2026. V tem obvestilu bo tudi povezava do vpra\u0161alnika, v katerem si bodo nagrajenci lahko izbrali \u017eeleno nagrado in vpisali podatke, ki so: ime, priimek, naslov, po\u0161tna \u0161tevilka in po\u0161ta ter dav\u010dna \u0161tevilka.<\/p>\n<p>Nagrado bodo nagrajenci prejeli v roku 14 dni po posredovanju podatkov.<\/p>\n<p>V kolikor nagrajenec ne sporo\u010di svoje dav\u010dne \u0161tevilke in ostalih osebnih podatkov v 15-ih dneh po prejetju obvestila, se \u0161teje, da se nagradi izrecno odpoveduje. V tem primeru se nagrada ne podeli, organizator pa postane prost vseh obveznosti do nagrajenca po tej nagradni igri in lahko nagrado uporabi za kakr\u0161en koli drug namen.<\/p>\n<p>&nbsp;<\/p>\n<ol start=\"8\">\n<li><strong> \u010clen: VAROVANJE OSEBNIH PODATKOV<\/strong><\/li>\n<\/ol>\n<p>Vsi osebni podatki so varovani v skladu s temi pravili, splo\u0161nimi akti organizatorja nagradne igre s podro\u010dja varovanja osebnih podatkov in skladno z Zakonom o varstvu osebnih podatkov (ZVOP-2). Udele\u017eenci nagradne igre izrecno sogla\u0161ajo, da organizator nagradne igre njihove osebne podatke, ki jih posredujejo v okviru udele\u017ebe v nagradni igri, uporabi za potrebe te nagradne igre.<\/p>\n<p>Organizator bo osebne podatke uporabil izklju\u010dno za potrebe izro\u010ditve nagrade in morebitno pla\u010dilo akontacijo dohodnine v skladu z veljavnimi predpisi. Organizator se zavezuje, da podatki, ki jih bo nagrajenec posredoval, ne bodo predani v roke tretji osebi ali kakorkoli druga\u010de uporabljeni v nasprotju z zakonodajo Republike Slovenije, razen \u010de je to potrebno zaradi izvedbe nagradne igre.<\/p>\n<p>Podatki o sodelujo\u010dih v nagradni igri se zbirajo na sede\u017eu organizatorja na naslovu Kopitarjeva 2, 1000 Ljubljana.<\/p>\n<p>Organizator nagradne igre hrani dokumentacijo v zvezi z njeno izvedbo na naslednji na\u010din: vse sodelujo\u010de v nagradni igri hrani na enem ali ve\u010d podatkovnih nosilcih za obdobje enega (1) leta od za\u010detka nagradnega obdobja, bazo sodelujo\u010dih v nagradni igri bo organizator hranil za \u010das petih (5) let od nagradnega \u017erebanja, pravilnik o nagradni igri hrani na enak na\u010din kot svojo ostalo poslovno dokumentacijo \u0161e najmanj pet (5) let po datumu objave nagrajenca, dokumentacijo v zvezi z nagrajencem (potrdilo o izro\u010ditvi nagrade, dav\u010dno dokumentacijo) hrani v skladu z dav\u010dnimi in ra\u010dunovodskimi predpisi. Po poteku zgoraj navedenih rokov organizator nagradne igre dokumentacijo komisijsko uni\u010di v skladu s svojimi internimi akti.<\/p>\n<p>&nbsp;<\/p>\n<ol start=\"9\">\n<li><strong> \u010dlen: REKLAMACIJE IN PRITO\u017dBE<\/strong><\/li>\n<\/ol>\n<p>Za tolma\u010denje posameznih \u010dlenov tega pravilnika je pristojna komisija (glej 6. \u010dlen), ki za posamezna mnenja in druga pravna opravila imenuje in pooblasti odvetnika.<\/p>\n<p>Morebitne napake pri delu odbora in pri izvedbi igre bo odbor re\u0161eval pravo\u010dasno in v skladu z dobrimi poslovnimi obi\u010daji. V primeru kr\u0161itve tega pravilnika ima vsak udele\u017eenec razpisa pravico zahtevati razveljavitev odlo\u010ditve o podelitvi nagrade, \u010de nagrada ni bila podeljena v skladu z navedenimi pravili.<\/p>\n<p>Vpra\u0161anja in dodatne informacije v zvezi z nagradno igro lahko naslovite na elektronski naslov: info@valicon.net<\/p>\n<p>10<strong>. \u010dlen: KON\u010cNE DOLO\u010cBE<\/strong><\/p>\n<p>Sodelujo\u010di v nagradni igri sogla\u0161ajo, da organizator kot upravljavec zbirke podatkov vodi, vzdr\u017euje in nadzoruje zbirko zbranih osebnih podatkov posameznikov v skladu z Zakonom o varstvu osebnih podatkov (ZVOP-2). Organizator zagotavlja varstvo osebnih podatkov skladno z omenjenim zakonom ter da jih ne bo posredoval tretjim osebam. Natan\u010dnej\u0161i podatki glede varovanja osebnih podatkov so navedeni v Dokumentu o varovanju podatkov, ki se nahajajo na sede\u017eu organizatorja. Sodelujo\u010di v nagradni igri se zavezujejo, da se bodo dr\u017eali pravil nagradne igre. V primeru kakr\u0161nih koli sporov ali nejasnosti, ki bi izvirale iz razlik med objavami pravil nagradne igre bodisi v tiskani ali elektronski obliki, obveljajo zgoraj navedena pravila Pravilnik o organizaciji in izvedbi nagradne igre. Organizator si pridr\u017euje pravico sprememb pravil, \u010de to zahtevajo vzroki tehni\u010dne ali komercialne narave ali kak\u0161ni drugi tehtni razlogi. O vseh spremembah in novostih nagradne igre bo organizator udele\u017eence obve\u0161\u010dal z objavami na spletnem mestu www.jazvem.si. Organizator nagradne igre in udele\u017eenec nagradne igre bosta vse morebitne spore najprej sku\u0161ala re\u0161iti sporazumno. V kolikor sporazum ne bo mogo\u010d, je za re\u0161itev spora pristojno stvarno pristojno sodi\u0161\u010de v Ljubljani.<\/p>\n<p>&nbsp;<\/p>\n<p>Ljubljana, 3.3.2026<\/p>\n<p>&nbsp;<\/p>\n<p>VALICON d.o.o.<br \/>\nDirektor<br \/>\nAndra\u017e Zorko<\/p>\n<p>&nbsp;<\/p>","protected":false},"excerpt":{"rendered":"<p>Raziskava o aktualnem politi\u010dnem dogajanju &nbsp; \u010dlen: ORGANIZATOR\u00a0 Organizator nagradne igre \u201cRaziskava o aktualnem politi\u010dnem dogajanju\u201d je podjetje VALICON d.o.o., Kopitarjeva 2, 1000 Ljubljana, Slovenija (v nadaljevanju organizator). &nbsp; \u010dlen: TRAJANJE NAGRADNE IGRE Nagradna igra poteka od 3.3.2026 (po slovenskem \u010dasu) do vklju\u010dno 10.3.2026 (po slovenskem \u010dasu). &nbsp; \u010dlen: NAMEN NAGRADNE IGRE\u00a0 Namen nagradne igre [&hellip;]<\/p>","protected":false},"author":4,"featured_media":0,"parent":0,"menu_order":0,"comment_status":"closed","ping_status":"closed","template":"","meta":{"_et_pb_use_builder":"","_et_pb_old_content":"","_et_gb_content_width":"","footnotes":""},"class_list":["post-3597","page","type-page","status-publish","hentry"],"_links":{"self":[{"href":"https:\/\/www.valicon.net\/hr\/wp-json\/wp\/v2\/pages\/3597","targetHints":{"allow":["GET"]}}],"collection":[{"href":"https:\/\/www.valicon.net\/hr\/wp-json\/wp\/v2\/pages"}],"about":[{"href":"https:\/\/www.valicon.net\/hr\/wp-json\/wp\/v2\/types\/page"}],"author":[{"embeddable":true,"href":"https:\/\/www.valicon.net\/hr\/wp-json\/wp\/v2\/users\/4"}],"replies":[{"embeddable":true,"href":"https:\/\/www.valicon.net\/hr\/wp-json\/wp\/v2\/comments?post=3597"}],"version-history":[{"count":0,"href":"https:\/\/www.valicon.net\/hr\/wp-json\/wp\/v2\/pages\/3597\/revisions"}],"wp:attachment":[{"href":"https:\/\/www.valicon.net\/hr\/wp-json\/wp\/v2\/media?parent=3597"}],"curies":[{"name":"wp","href":"https:\/\/api.w.org\/{rel}","templated":true}]}}