{"id":2503,"date":"2025-05-14T09:55:36","date_gmt":"2025-05-14T09:55:36","guid":{"rendered":"https:\/\/www.valicon.net\/?page_id=2503"},"modified":"2025-09-16T08:25:58","modified_gmt":"2025-09-16T08:25:58","slug":"privacy-data-collection","status":"publish","type":"page","link":"https:\/\/www.valicon.net\/hr\/privacy-data-collection\/","title":{"rendered":"Privacy &#8211; Data collection"},"content":{"rendered":"<p>[et_pb_section fb_built=&#8221;1&#8243; _builder_version=&#8221;4.24.2&#8243; _module_preset=&#8221;default&#8221; global_colors_info=&#8221;{}&#8221;][et_pb_row _builder_version=&#8221;4.24.2&#8243; _module_preset=&#8221;default&#8221; global_colors_info=&#8221;{}&#8221;][et_pb_column type=&#8221;4_4&#8243; _builder_version=&#8221;4.24.2&#8243; _module_preset=&#8221;default&#8221; global_colors_info=&#8221;{}&#8221;][et_pb_text _builder_version=&#8221;4.24.2&#8243; _module_preset=&#8221;default&#8221; global_colors_info=&#8221;{}&#8221;]<\/p>\n<p>&nbsp;<\/p>\n<p>&nbsp;<\/p>\n<p>&nbsp;<\/p>\n<h2 style=\"text-align: center;\">Politika privatnosti za provo\u0111enje projekata prikupljanja podataka<\/h2>\n<p>&nbsp;<\/p>\n<p>Ova Politika privatnosti opisuje kako Valicon, marketi\u0161ko savjetovanje i istra\u017eivanje tr\u017ei\u0161ta d.o.o. Vla\u0161ka ulica 63, 10000 Zagreb (u daljem tekstu: Valicon), prikuplja, pohranjuje i koristi osobne podatke dobijene u okviru istra\u017eiva\u010dkih aktivnosti koje provodi kao dio svog poslovanja.\n\nIzuzetak su istra\u017eivanja koja se provode u okviru online panela Opinia.Club, gdje se anketiranje i obrada podataka vr\u0161e na druga\u010diji na\u010din. Za opis tog procesa, molimo posjetite web stranicu: <a href=\"http:\/\/www.opinia.club\">www.opinia.club<\/a>.<\/p>\n<p>Molimo Vas da pa\u017eljivo pro\u010ditate ovu Politiku privatnosti.<\/p>\n<ol>\n<li><strong>O nama<\/strong><\/li>\n<\/ol>\n<p>Za obradu podataka odgovorna je kompanija VALICON d.o.o., sa sjedi\u0161tem na adresi: Vla\u0161ka ulica 63, 10000 Zagreb, Hrvatska.<\/p>\n<p class=\"translation-block\">Ukoliko imate bilo kakvih pitanja, molimo Vas da nas kontaktirate na e-mail: <a href=\"mailto:varstvo.podatkov@valicon.net\"> varstvo.podatkov@valicon.net<\/a> ili na broj telefona: +385 1 640 99 55.<\/p>\n<p>Slu\u017ebenik za za\u0161titu osobnih podataka (DPO) za kompaniju VALICON d.o.o. Zagreb je tvrtka \u201cPresido\u201d, sa sjedi\u0161tem na adresi Republike Austrije 23, 10 000 Zagreb. Mo\u017eete ih kontaktirati putem e-maila: ana.bacic@presido.hr   ili na telefon: +385 1 23 55 036.<\/p>\n<ol start=\"2\">\n<li><strong>Kako prikupljamo Va\u0161e osobne podatke<\/strong><\/li>\n<\/ol>\n<p>Prikupljamo Va\u0161e osobne podatke u sklopu razli\u010ditih projekata prikupljanja podataka (npr. terenskih, telefonskih, kvalitativnih, online i drugih istra\u017eivanja).\n\nVa\u0161i osobni podaci se mogu prikupljati i obra\u0111ivati na osnovi:\n(i) Va\u0161e izri\u010dite pismene ili elektronske privole (\u010dlan 6(1)(a) Op\u0107e uredbe o za\u0161titi podataka (GDPR)); ili\n(ii) u slu\u010daju terenskih i telefonskih anketa, na osnovi izvr\u0161enja ugovora, konkretno Va\u0161eg dobrovoljnog sudjelovanja u anketi (\u010dlan 6(1)(b) GDPR).<\/p>\n<ol start=\"3\">\n<li><strong>Svrhe obrade i Pravna osnova<\/strong><br \/>a) Provo\u0111enje anketa i istra\u017eivanja<\/li>\n<\/ol>\n<p>U vezi s Va\u0161im sudjelovanjem u projektima prikupljanja podataka za na\u0161e klijente ili za upotrebu u na\u0161im vlastitim istra\u017eivanjima, obra\u0111ujemo Va\u0161e osobne podatke, uklju\u010duju\u0107i Va\u0161e ime i prezime, kontakt podatke (broj telefona, e-mail adresu i po\u0161tansku adresu), odgovore iz anketa dobijene tijekom istra\u017eivanja, uklju\u010duju\u0107i i posebne kategorije osobnih podataka, kao i sve audio, video ili druge elektronske snimke neophodne za svrhe kvalitativnog istra\u017eivanja.\n\nOsobni podaci se obra\u0111uju u svrhu sprovo\u0111enja istra\u017eivanja, \u0161to uklju\u010duje kreiranje uzorka, regrutiranje ispitanika, provo\u0111enje ankete i analizu rezultata. U slu\u010dajevima kada se sudionici nagra\u0111uju za svoje sudjelovanje putem nov\u010dane uplate, tako\u0111er se obra\u0111uju i podaci nu\u017eni za izvr\u0161enje takve uplate (kao \u0161to su broj bankovnog ra\u010duna, podaci o banci, itd.).<\/p>\n<p>Pravna osnova za obradu je Va\u0161a privola za sudjelovanje u anketi.<\/p>\n<p>Posebne kategorije osobnih podataka<\/p>\n<p>U odre\u0111enim istra\u017eiva\u010dkim projektima mo\u017eemo obra\u0111ivati i posebne kategorije osobnih podataka. To uklju\u010duje podatke koji otkrivaju rasno ili etni\u010dko porijeklo, politi\u010dka mi\u0161ljenja, vjerska ili filozofska uvjerenja ili \u010dlanstvo u sindikatu, kao i genetske podatke, biometrijske podatke, podatke o zdravlju, ili podatke koji se odnose na seksualni \u017eivot ili seksualnu orijentaciju pojedinca.\n\nTakvi podaci se obra\u0111uju isklju\u010divo u svrhe formiranja uzorka, regrutiranja ispitanika, provo\u0111enja ankete i obrade rezultata. Sva obrada ovih posebnih kategorija osobnih podataka vr\u0161i se isklju\u010divo na osnovi privole pojedinca (\u010dlan 6(1)(a) Op\u0107e uredbe o za\u0161titi podataka).<\/p>\n<p>Ukoliko obra\u0111ujemo Va\u0161e osobne podatke na osnovi Va\u0161e privole (\u010dlan 6(1)(a) GDPR), imate pravo povu\u0107i svoju privolu u bilo kojem trenutku slanjem e-maila na: varstvo.podatkov@valicon.net. Imajte u vidu da je ova e-mail adresa za\u0161ti\u0107ena od ne\u017eeljene po\u0161te (spam). Da biste je vidjeli, molimo omogu\u0107ite JavaScript.\n\nDatum stupanja na snagu takvog povla\u010denja privole je 30 radnih dana od datuma prijema Va\u0161eg zahtjeva.<\/p>\n<p><span style=\"font-size: 14px;\">b) Prevencija zloupotrebe<\/span><\/p>\n<p>U svrhu za\u0161tite na\u0161eg poslovanja i legitimnih interesa, uklju\u010duju\u0107i spre\u010davanje prevara i krivotvorenje podataka, tako\u0111er obra\u0111ujemo i podatke koji se odnose na Va\u0161 online identifikator i karakteristike Va\u0161eg web preglednika.\n\nOva obrada je nu\u017ena za za\u0161titu na\u0161ih legitimnih interesa, kao \u0161to su spre\u010davanje prevara i za\u0161tita na\u0161eg poslovanja. Pravna osnova za ovu obradu je legitimni interes kontrolora (\u010dlan 6(1)(f) GDPR).<\/p>\n<p><span style=\"font-size: 14px;\">c) Statisti\u010dke i istra\u017eiva\u010dke svrhe<\/span><\/p>\n<p>Kada nije mogu\u0107e koristiti anonimizirane podatke iz rezultata istra\u017eivanja, koristit \u0107emo pseudonimizirane podatke u istra\u017eiva\u010dke svrhe, kao \u0161to je prou\u010davanje stopa odaziva na pozive za anketiranje, ovisno o metodologiji istra\u017eivanja i kanalu putem kojeg su sudionici regrutirani.\n\nPravna osnova za ovu vrstu obrade je na\u0161 legitimni interes (\u010dlan 6(1)(f) Op\u0107e uredbe o za\u0161titi podataka).<\/p>\n<p><span style=\"font-size: 14px;\">d) Kola\u010di\u0107i<\/span><\/p>\n<p class=\"translation-block\">Kada posjetite na\u0161u web stranicu, u Va\u0161 preglednik se instaliraju kola\u010di\u0107i i sli\u010dne tehnologije za pra\u0107enje. Za detaljne informacije o takvoj obradi, molimo Vas da pogledate na\u0161u  <a href=\"https:\/\/www.valicon.net\/hr\/cookie-policy\/\" target=\"_self\"> Politiku o kola\u010di\u0107ima<\/a>.<\/p>\n<ol start=\"4\">\n<li><strong>Obrada osobnih podataka djece<\/strong><\/li>\n<\/ol>\n<p>Ne\u0107emo prikupljati niti obra\u0111ivati osobne podatke djece mla\u0111e od 15 godina, osim ako smo dobili roditeljsku privolu u skladu s va\u017ee\u0107im zakonom. Ako saznamo da smo nenamjerno prikupili podatke koji se odnose na dijete, takve podatke \u0107emo odmah izbrisati.<\/p>\n<ol start=\"5\">\n<li><strong>\u010cuvanje osobnih podataka i period obrade<\/strong><\/li>\n<\/ol>\n<p>Va\u0161i osobni podaci su pohranjeni na vlastitim serverima kompanije Valicon. \u010cuvamo Va\u0161e osobne podatke u periodu do 200 dana nakon zavr\u0161etka projekta prikupljanja podataka. Nakon ovog perioda, svi osobni podaci se anonimiziraju.<\/p>\n<p>Ukoliko su Vam potrebne dodatne informacije o tome gdje i koliko dugo se \u010duvaju Va\u0161i osobni podaci, ili o Va\u0161im pravima na brisanje i prenosivost podataka, molimo da nas kontaktirate na: <a href=\"mailto:varstvo.podatkov@valicon.net\">varstvo.podatkov@valicon.net.<\/a><\/p>\n<ol start=\"6\">\n<li><strong>Prijenos osobnih podataka<\/strong><\/li>\n<\/ol>\n<p>Tijekom obrade osobnih podataka, odre\u0111ene aktivnosti obrade ili njihovi dijelovi mogu se povjeriti ugovornim obra\u0111iva\u010dima s kojima imamo sklopljen ugovor o obradi podataka. Ovi obra\u0111iva\u010di mogu obra\u0111ivati povjerene podatke isklju\u010divo u na\u0161e ime, u okviru ovla\u0161tenja utvr\u0111enih pisanim ugovorom ili drugim pravnim aktom, te u skladu sa svrhama definisanim u ovoj Politici privatnosti.\n\nSura\u0111ujemo s ugovornim obra\u0111iva\u010dima iz sljede\u0107ih podru\u010dja: pru\u017eatelji usluga e-po\u0161te, pru\u017eatelji usluga web hostinga i pru\u017eatelji razli\u010ditih IT usluga. Va\u0161i Osobni podaci su pohranjeni na vlastitim serverima kompanije VALICON.<\/p>\n<p>Za odre\u0111ene usluge, tako\u0111er mo\u017eemo otkriti Va\u0161e osobne podatke potencijalnim projektnim partnerima, nadzornim organima ili na osnovi zahtjeva pravosudnih organa.\n\nNi pod kojim okolnostima ne\u0107emo otkrivati Va\u0161e osobne podatke neovla\u0161tenim tre\u0107im stranama.<\/p>\n<p>Ukoliko Va\u0161e osobne podatke prenosimo izvan Europskog ekonomskog prostora (EEP), to \u010dinimo tek nakon pa\u017eljive provjere odgovaraju\u0107ih pravnih osnova i za\u0161titnih mjera, kao \u0161to su:<\/p>\n<ul>\n<li>Standardne ugovorne klauzule koje je usvojila Europska komisija ili nadle\u017eni nadzorni organ, a odobrila Europska komisija u skladu s va\u017ee\u0107im zakonom;<\/li>\n<li>kodeks ili kodeksi pona\u0161anja koje je pripremilo udru\u017eenje ili drugo tijelo, a odobrio nadle\u017eni nadzorni organ;<\/li>\n<li>druge pravne osnove predvi\u0111ene Op\u0107om uredbom o za\u0161titi podataka (GDPR).<\/li>\n<\/ul>\n<ol start=\"7\">\n<li><strong>Kako \u0161titimo Va\u0161e osobne podatke<\/strong><\/li>\n<\/ol>\n<p>Implementirali smo odgovaraju\u0107e tehni\u010dke i organizacijske mjere kako bismo osigurali i za\u0161titili Va\u0161e osobne podatke od neovla\u0161tene ili nezakonite upotrebe ili obrade, te od slu\u010dajnog gubitka, uni\u0161tenja ili o\u0161te\u0107enja, uklju\u010duju\u0107i, ali ne ograni\u010davaju\u0107i se na:<\/p>\n<ul>\n<li>na\u010delo minimizacije podataka i obradu na pseudonimiziranoj osnovi, gdje god je to mogu\u0107e;<\/li>\n<li>obuku na\u0161ih zaposlenika o va\u017enosti povjerljivosti i odr\u017eavanju privatnosti i sigurnosti Va\u0161ih podataka;<\/li>\n<li>posve\u0107enost primjeni odgovaraju\u0107ih disciplinskih mjera s ciljem provo\u0111enja odgovornosti zaposlenika u pogledu privatnosti;<\/li>\n<li>kontinuirano i sveobuhvatno a\u017euriranje i testiranje na\u0161ih sigurnosnih tehnologija;<\/li>\n<li>pa\u017eljiv i odgovoran odabir na\u0161ih pod-obra\u0111iva\u010da;<\/li>\n<li>upotreba sigurnih servera za pohranu Va\u0161ih osobnih podataka;<\/li>\n<li>imenovanje Slu\u017ebenika za za\u0161titu osobnih podataka;<\/li>\n<li>zahtijevanje dokaza o identitetu od svakog pojedinca koji tra\u017ei pristup osobnim podacima;\n<p>&nbsp;<\/p>\n<p>Ovim vas putem obavje\u0161tavamo o sljede\u0107im pravima koja se ti\u010du Va\u0161ih osobnih podataka, a koja mo\u017eete ostvariti slanjem e-maila na adresu: <a href=\"mailto:varstvo.podatkov@valicon.net\" style=\"font-size: 14px;\">varstvo.podatkov@valicon.net <\/a><span style=\"font-size: 14px;\">and:<\/span><span style=\"font-size: 14px;\">\u00a0<\/span><\/p>\n<\/li>\n<\/ul>\n<ul>\n<li>zahtijevati pristup svojim osobnim podacima i informacijama o njihovom kori\u0161tenju i obradi;<\/li>\n<li>zahtijevati ispravak ili brisanje svojih osobnih podataka;<\/li>\n<li>zahtijevati ograni\u010denje obrade svojih osobnih podataka;<\/li>\n<li>zahtijevati da od nas dobijete osobne podatke koje ste nam dostavili u strukturiranom i strojno \u010ditljivom formatu (npr. Excel tabela), te pravo da te podatke prenesete drugom kontroloru podataka;<\/li>\n<li>ulo\u017eiti prigovor na obradu svojih osobnih podataka u odre\u0111ene svrhe;<\/li>\n<li>povu\u0107i svoju privolu za na\u0161u upotrebu Va\u0161ih osobnih podataka kada se obrada zasniva na Va\u0161oj privoli. Ako povu\u010dete svoju privolu, to ne\u0107e utjecati na zakonitost na\u0161e upotrebe i obrade Va\u0161ih osobnih podataka koja se zasnivala na Va\u0161oj privoli prije dana njenog povla\u010denja. Zbog tehni\u010dkih ograni\u010denja, povla\u010denje privole \u0107e biti evidentirano u na\u0161im sustavima u roku od najvi\u0161e 5 radnih dana od prijema zahtjeva.<\/li>\n<\/ul>\n<p>Tako\u0111er imate pravo podnijeti \u017ealbu nadzornom organu, a to je Povjerenik za informacije Republike Slovenije, \u010dije kontakt podatke mo\u017eete prona\u0107i <a href=\"https:\/\/www.ip-rs.si\/o-poobla\u0161\u010dencu\/\">ovdje<\/a>.<\/p>\n<p>Molimo vas da nas obavijestite o svim promjenama Va\u0161ih osobnih podataka, kako bismo osigurali da su informacije koje o Vama \u010duvamo uvijek to\u010dne i a\u017eurne.<\/p>\n<ol start=\"8\">\n<li><strong>Izmjene na\u0161e Politike privatnosti<\/strong><\/li>\n<\/ol>\n<p>S vremena na vrijeme, mo\u017eemo a\u017eurirati na\u0161u Politiku privatnosti. Sve izmjene ove Politike privatnosti stupaju na snagu danom njihove objave na web stranici www.valicon.net.<\/p>\n<p>Posljednji put a\u017eurirano: 10. lipnja 2025.<\/p>\n<p>&nbsp;<\/p>\n<p>&nbsp;<\/p>\n<p>[\/et_pb_text][\/et_pb_column][\/et_pb_row][et_pb_row column_structure=&#8221;1_5,1_5,1_5,1_5,1_5&#8243; use_custom_gutter=&#8221;on&#8221; gutter_width=&#8221;2&#8243; module_id=&#8221;footer-links&#8221; _builder_version=&#8221;4.24.2&#8243; _module_preset=&#8221;default&#8221; width_tablet=&#8221;&#8221; width_phone=&#8221;70%&#8221; width_last_edited=&#8221;on|phone&#8221; module_alignment=&#8221;center&#8221; custom_margin=&#8221;0px|auto|0px|auto|false|false&#8221; custom_padding=&#8221;44px||0px||false|false&#8221; global_module=&#8221;1924&#8243; saved_tabs=&#8221;all&#8221; global_colors_info=&#8221;{}&#8221;][et_pb_column type=&#8221;1_5&#8243; _builder_version=&#8221;4.24.2&#8243; _module_preset=&#8221;default&#8221; custom_padding_tablet=&#8221;&#8221; custom_padding_phone=&#8221;||0px||false|false&#8221; custom_padding_last_edited=&#8221;on|phone&#8221; global_colors_info=&#8221;{}&#8221;][et_pb_code admin_label=&#8221;Code&#8221; _builder_version=&#8221;4.24.2&#8243; _module_preset=&#8221;default&#8221; global_colors_info=&#8221;{}&#8221;]<pee class=\"our-services-link\">\u00a9 Valicon 2026<\/pee>[\/et_pb_code][\/et_pb_column][et_pb_column type=&#8221;1_5&#8243; _builder_version=&#8221;4.24.2&#8243; _module_preset=&#8221;default&#8221; custom_padding_tablet=&#8221;&#8221; custom_padding_phone=&#8221;0px||0px||false|false&#8221; custom_padding_last_edited=&#8221;on|phone&#8221; global_colors_info=&#8221;{}&#8221;][et_pb_text disabled_on=&#8221;off|off|off&#8221; _builder_version=&#8221;4.24.2&#8243; _module_preset=&#8221;default&#8221; text_font=&#8221;Outfit|300|||||||&#8221; text_text_color=&#8221;#0C71C3&#8243; text_font_size=&#8221;15px&#8221; text_letter_spacing=&#8221;4px&#8221; custom_margin=&#8221;||15px||false|false&#8221; custom_padding=&#8221;5px||5px||false|false&#8221; locked=&#8221;off&#8221; global_colors_info=&#8221;{}&#8221;]<\/p>\n<p class=\"our-services-link\"><a href=\"\/hr\/terms\/\">Uvjeti i odredbe<\/a><\/p>\n<p>[\/et_pb_text][\/et_pb_column][et_pb_column type=&#8221;1_5&#8243; _builder_version=&#8221;4.24.2&#8243; _module_preset=&#8221;default&#8221; global_colors_info=&#8221;{}&#8221;][et_pb_text disabled_on=&#8221;off|off|off&#8221; _builder_version=&#8221;4.24.2&#8243; _module_preset=&#8221;default&#8221; text_font=&#8221;Outfit|300|||||||&#8221; text_text_color=&#8221;#0C71C3&#8243; text_font_size=&#8221;15px&#8221; text_letter_spacing=&#8221;4px&#8221; custom_margin=&#8221;||15px||false|false&#8221; custom_padding=&#8221;5px||5px||false|false&#8221; locked=&#8221;off&#8221; global_colors_info=&#8221;{}&#8221;]<\/p>\n<p class=\"our-services-link\"><a href=\"https:\/\/www.valicon.net\/hr\/privacy-policy-b2b\/\">Privacy &#8211; B2B<\/a><\/p>\n<p>[\/et_pb_text][\/et_pb_column][et_pb_column type=&#8221;1_5&#8243; _builder_version=&#8221;4.24.2&#8243; _module_preset=&#8221;default&#8221; global_colors_info=&#8221;{}&#8221;][et_pb_text disabled_on=&#8221;off|off|off&#8221; _builder_version=&#8221;4.24.2&#8243; _module_preset=&#8221;default&#8221; text_font=&#8221;Outfit|300|||||||&#8221; text_text_color=&#8221;#0C71C3&#8243; text_font_size=&#8221;15px&#8221; text_letter_spacing=&#8221;4px&#8221; custom_margin=&#8221;||15px||false|false&#8221; custom_padding=&#8221;5px||5px||false|false&#8221; locked=&#8221;off&#8221; global_colors_info=&#8221;{}&#8221;]<\/p>\n<p class=\"our-services-link\"><a href=\"https:\/\/www.valicon.net\/hr\/privacy-data-collection\/\">Privacy &#8211; Data collection<\/a><\/p>\n<p>[\/et_pb_text][\/et_pb_column][et_pb_column type=&#8221;1_5&#8243; _builder_version=&#8221;4.24.2&#8243; _module_preset=&#8221;default&#8221; global_colors_info=&#8221;{}&#8221;][et_pb_text disabled_on=&#8221;off|off|off&#8221; _builder_version=&#8221;4.24.2&#8243; _module_preset=&#8221;default&#8221; text_font=&#8221;Outfit|300|||||||&#8221; text_text_color=&#8221;#0C71C3&#8243; text_font_size=&#8221;15px&#8221; text_letter_spacing=&#8221;4px&#8221; custom_margin=&#8221;||15px||false|false&#8221; custom_padding=&#8221;5px||5px||false|false&#8221; locked=&#8221;off&#8221; global_colors_info=&#8221;{}&#8221;]<\/p>\n<p class=\"our-services-link\"><a href=\"\/hr\/cookie-policy\/\">Politika o kola\u010di\u0107ima<\/a><\/p>\n<p>[\/et_pb_text][\/et_pb_column][\/et_pb_row][\/et_pb_section]<\/p>","protected":false},"excerpt":{"rendered":"<p>&nbsp; &nbsp; &nbsp; Privacy policy for the implementation of data collection projects &nbsp; This Privacy Policy sets out how Valicon, tr\u017eenjsko svetovanje in raziskave d.o.o., Kopitarjeva ulica 2, 1000 Ljubljana (hereinafter: Valicon) collects, stores and uses personal data obtained within the scope of research activities that it conducts as part of its operations, except for [&hellip;]<\/p>","protected":false},"author":4,"featured_media":0,"parent":0,"menu_order":0,"comment_status":"closed","ping_status":"closed","template":"","meta":{"_et_pb_use_builder":"on","_et_pb_old_content":"","_et_gb_content_width":"","footnotes":""},"class_list":["post-2503","page","type-page","status-publish","hentry"],"_links":{"self":[{"href":"https:\/\/www.valicon.net\/hr\/wp-json\/wp\/v2\/pages\/2503","targetHints":{"allow":["GET"]}}],"collection":[{"href":"https:\/\/www.valicon.net\/hr\/wp-json\/wp\/v2\/pages"}],"about":[{"href":"https:\/\/www.valicon.net\/hr\/wp-json\/wp\/v2\/types\/page"}],"author":[{"embeddable":true,"href":"https:\/\/www.valicon.net\/hr\/wp-json\/wp\/v2\/users\/4"}],"replies":[{"embeddable":true,"href":"https:\/\/www.valicon.net\/hr\/wp-json\/wp\/v2\/comments?post=2503"}],"version-history":[{"count":0,"href":"https:\/\/www.valicon.net\/hr\/wp-json\/wp\/v2\/pages\/2503\/revisions"}],"wp:attachment":[{"href":"https:\/\/www.valicon.net\/hr\/wp-json\/wp\/v2\/media?parent=2503"}],"curies":[{"name":"wp","href":"https:\/\/api.w.org\/{rel}","templated":true}]}}