{"id":1164,"date":"2024-06-12T11:50:06","date_gmt":"2024-06-12T11:50:06","guid":{"rendered":"https:\/\/valiconweb.sys.valicon.net\/?page_id=1164"},"modified":"2025-06-23T13:11:51","modified_gmt":"2025-06-23T13:11:51","slug":"cookie-policy","status":"publish","type":"page","link":"https:\/\/www.valicon.net\/bs\/cookie-policy\/","title":{"rendered":"Politiku o kola\u010di\u0107ima."},"content":{"rendered":"<p>[et_pb_section fb_built=&#8221;1&#8243; _builder_version=&#8221;4.24.2&#8243; _module_preset=&#8221;default&#8221; global_colors_info=&#8221;{}&#8221;][et_pb_row _builder_version=&#8221;4.24.2&#8243; _module_preset=&#8221;default&#8221; global_colors_info=&#8221;{}&#8221;][et_pb_column type=&#8221;4_4&#8243; _builder_version=&#8221;4.24.2&#8243; _module_preset=&#8221;default&#8221; global_colors_info=&#8221;{}&#8221;][et_pb_text admin_label=&#8221;Text&#8221; _builder_version=&#8221;4.24.2&#8243; _module_preset=&#8221;default&#8221; global_colors_info=&#8221;{}&#8221;]<\/p>\n<p>&nbsp;<\/p>\n<h2 style=\"text-align: center;\"><strong>Kola\u010di\u0107i i kako ih koristimo<\/strong><\/h2>\n<p>U na\u0161oj Politici o kola\u010di\u0107ima prona\u0107i \u0107ete informacije o tome kako koristimo kola\u010di\u0107e na na\u0161oj web stranici.<\/p>\n<p><strong>\u0160ta su kola\u010di\u0107i i kako oni funkcioni\u0161u?<\/strong><\/p>\n<p>Kola\u010di\u0107i su male tekstualne datoteke koje web stranica \u0161alje i pohranjuje n\u0430 Va\u0161 ure\u0111aj. Kola\u010di\u0107i se pohranjuju u direktorij datoteka Va\u0161eg web preglednika. Prilikom sljede\u0107e posjete istoj web stranici, preglednik \u010dita kola\u010di\u0107 i proslje\u0111uje informacije web stranici ili usluzi koja je postavila kola\u010di\u0107.\n\nAko \u017eelite saznati vi\u0161e o ovim tehnologijama i kako one funkcioni\u0161u, molimo posjetite specijaliziranu web stranicu, kao \u0161to je allaboutcookies.org. (<a href=\"http:\/\/allaboutcookies.org\/\">http:\/\/allaboutcookies.org\/<\/a>)<\/p>\n<p><strong>Za\u0161to koristimo kola\u010di\u0107e?<\/strong><\/p>\n<p>Kola\u010di\u0107i na na\u0161oj web stranici koriste se za pru\u017eanje optimalnog korisni\u010dkog iskustva tokom Va\u0161e posjete. Kola\u010di\u0107i se tako\u0111er koriste za dalje pobolj\u0161anje na\u0161e web stranice.<\/p>\n<p>Koriste se sljede\u0107i kola\u010di\u0107i:<\/p>\n<ul>\n<li>Kola\u010di\u0107i koji broje posjetioce stranice i njihove interese;<\/li>\n<li>Kola\u010di\u0107i koji prate kako se posjetioci kre\u0107u po stranici i koliko dugo se zadr\u017eavaju na svakoj stranici, kako bi se odredilo gdje postaviti sadr\u017eaj;<\/li>\n<li>Kola\u010di\u0107i neophodni za funkcionisanje web stranice;<\/li>\n<\/ul>\n<p>Specifi\u010dni kola\u010di\u0107i koje koristimo su navedeni u nastavku:<\/p>\n<p>&nbsp;<\/p>\n<p>[\/et_pb_text][et_pb_text module_id=&#8221;policy-table&#8221; _builder_version=&#8221;4.24.2&#8243; _module_preset=&#8221;default&#8221; hover_enabled=&#8221;0&#8243; custom_css_free_form=&#8221;@media(max-width:1280px){||  #policy-table{||   overflow-x:scroll !important;||}||}||||&#8221; global_colors_info=&#8221;{}&#8221; sticky_enabled=&#8221;0&#8243;]<\/p>\n<table style=\"width: 100%; border-collapse: collapse;\" border=\"1\" cellpadding=\"5px\">\n<tbody>\n<tr>\n<td style=\"width: 20%;\">Naziv kola\u010di\u0107a<\/td>\n<td style=\"width: 20%;\">Servis<\/td>\n<td style=\"width: 20%;\">Trajanje<\/td>\n<td style=\"width: 40%;\">Opis<\/td>\n<\/tr>\n<tr>\n<td style=\"width: 20%;\"><span>moove_gdpr_popup\u00a0<\/span><\/td>\n<td style=\"width: 20%;\">Valicon.net<\/td>\n<td style=\"width: 20%;\">1 godina<\/td>\n<td style=\"width: 40%;\">Neophodan \u2013 koristi se za pam\u0107enje postavki saglasnosti korisnika, kako bi se njihove preferencije po\u0161tovale prilikom narednih posjeta ovoj stranici. Ne prikuplja niti pohranjuje bilo kakve li\u010dne informacije o posjetiocima stranice.<\/td>\n<\/tr>\n<\/tbody>\n<\/table>\n<p>[\/et_pb_text][et_pb_text _builder_version=&#8221;4.24.2&#8243; _module_preset=&#8221;default&#8221; global_colors_info=&#8221;{}&#8221;]<\/p>\n<p><strong>Kako mogu upravljati kola\u010di\u0107ima?<\/strong><br \/>Ukoliko se ne sla\u017eete s upotrebom kola\u010di\u0107a na na\u0161oj web stranici, tu opciju mo\u017eete odabrati unutar obavijesti o kola\u010di\u0107ima.\n\nDruga opcija za upravljanje Va\u0161im kola\u010di\u0107ima dostupna je u postavkama Va\u0161eg web preglednika. Preglednici koriste razli\u010dite metode za ograni\u010davanje upotrebe kola\u010di\u0107a. Obi\u010dno se ove opcije mogu prona\u0107i u meniju \"Alati\" (Tools) ili \"Opcije\" (Options). Tako\u0111er mo\u017eete pro\u010ditati odjeljak \"Pomo\u0107\" (Help) Va\u0161eg preglednika.\n\nVi\u0161e o opcijama upravljanja kola\u010di\u0107ima u odre\u0111enim preglednicima mo\u017eete pro\u010ditati ovdje (<a href=\"http:\/\/www.allaboutcookies.org\/manage-cookies\/index.html\">http:\/\/www.allaboutcookies.org\/manage-cookies\/index.html<\/a>)<\/p>\n<p><strong>Koliko dugo se \u010duvaju podaci iz kola\u010di\u0107a?<\/strong><br \/>To ovisi o vrsti kola\u010di\u0107a. Privremeni kola\u010di\u0107i (session cookies) isti\u010du kada zatvorite karticu (tab) ili Va\u0161 preglednik. Trajni kola\u010di\u0107i (persistent cookies) isti\u010du nakon nekoliko mjeseci ili \u010dak nekoliko godina. Tako\u0111er mo\u017eete izbrisati kola\u010di\u0107e u Va\u0161em web pregledniku.<\/p>\n<p>&nbsp;<\/p>\n<p>&nbsp;<\/p>\n<p>&nbsp;<\/p>\n<p>[\/et_pb_text][\/et_pb_column][\/et_pb_row][et_pb_row column_structure=&#8221;1_5,1_5,1_5,1_5,1_5&#8243; use_custom_gutter=&#8221;on&#8221; gutter_width=&#8221;2&#8243; module_id=&#8221;footer-links&#8221; _builder_version=&#8221;4.24.2&#8243; _module_preset=&#8221;default&#8221; width_tablet=&#8221;&#8221; width_phone=&#8221;70%&#8221; width_last_edited=&#8221;on|phone&#8221; module_alignment=&#8221;center&#8221; custom_margin=&#8221;0px|auto|0px|auto|false|false&#8221; custom_padding=&#8221;44px||0px||false|false&#8221; global_module=&#8221;1924&#8243; saved_tabs=&#8221;all&#8221; global_colors_info=&#8221;{}&#8221;][et_pb_column type=&#8221;1_5&#8243; _builder_version=&#8221;4.24.2&#8243; _module_preset=&#8221;default&#8221; custom_padding_tablet=&#8221;&#8221; custom_padding_phone=&#8221;||0px||false|false&#8221; custom_padding_last_edited=&#8221;on|phone&#8221; global_colors_info=&#8221;{}&#8221;][et_pb_code admin_label=&#8221;Code&#8221; _builder_version=&#8221;4.24.2&#8243; _module_preset=&#8221;default&#8221; global_colors_info=&#8221;{}&#8221;]<pee class=\"our-services-link\">\u00a9 Valicon 2026<\/pee>[\/et_pb_code][\/et_pb_column][et_pb_column type=&#8221;1_5&#8243; _builder_version=&#8221;4.24.2&#8243; _module_preset=&#8221;default&#8221; custom_padding_tablet=&#8221;&#8221; custom_padding_phone=&#8221;0px||0px||false|false&#8221; custom_padding_last_edited=&#8221;on|phone&#8221; global_colors_info=&#8221;{}&#8221;][et_pb_text disabled_on=&#8221;off|off|off&#8221; _builder_version=&#8221;4.24.2&#8243; _module_preset=&#8221;default&#8221; text_font=&#8221;Outfit|300|||||||&#8221; text_text_color=&#8221;#0C71C3&#8243; text_font_size=&#8221;15px&#8221; text_letter_spacing=&#8221;4px&#8221; custom_margin=&#8221;||15px||false|false&#8221; custom_padding=&#8221;5px||5px||false|false&#8221; locked=&#8221;off&#8221; global_colors_info=&#8221;{}&#8221;]<\/p>\n<p class=\"our-services-link\"><a href=\"\/bs\/terms\/\">Uslovi i odredbe<\/a><\/p>\n<p>[\/et_pb_text][\/et_pb_column][et_pb_column type=&#8221;1_5&#8243; _builder_version=&#8221;4.24.2&#8243; _module_preset=&#8221;default&#8221; global_colors_info=&#8221;{}&#8221;][et_pb_text disabled_on=&#8221;off|off|off&#8221; _builder_version=&#8221;4.24.2&#8243; _module_preset=&#8221;default&#8221; text_font=&#8221;Outfit|300|||||||&#8221; text_text_color=&#8221;#0C71C3&#8243; text_font_size=&#8221;15px&#8221; text_letter_spacing=&#8221;4px&#8221; custom_margin=&#8221;||15px||false|false&#8221; custom_padding=&#8221;5px||5px||false|false&#8221; locked=&#8221;off&#8221; global_colors_info=&#8221;{}&#8221;]<\/p>\n<p class=\"our-services-link\"><a href=\"https:\/\/www.valicon.net\/bs\/privacy-policy-b2b\/\">Privacy &#8211; B2B<\/a><\/p>\n<p>[\/et_pb_text][\/et_pb_column][et_pb_column type=&#8221;1_5&#8243; _builder_version=&#8221;4.24.2&#8243; _module_preset=&#8221;default&#8221; global_colors_info=&#8221;{}&#8221;][et_pb_text disabled_on=&#8221;off|off|off&#8221; _builder_version=&#8221;4.24.2&#8243; _module_preset=&#8221;default&#8221; text_font=&#8221;Outfit|300|||||||&#8221; text_text_color=&#8221;#0C71C3&#8243; text_font_size=&#8221;15px&#8221; text_letter_spacing=&#8221;4px&#8221; custom_margin=&#8221;||15px||false|false&#8221; custom_padding=&#8221;5px||5px||false|false&#8221; locked=&#8221;off&#8221; global_colors_info=&#8221;{}&#8221;]<\/p>\n<p class=\"our-services-link\"><a href=\"https:\/\/www.valicon.net\/bs\/privacy-data-collection\/\">Privacy &#8211; Data collection<\/a><\/p>\n<p>[\/et_pb_text][\/et_pb_column][et_pb_column type=&#8221;1_5&#8243; _builder_version=&#8221;4.24.2&#8243; _module_preset=&#8221;default&#8221; global_colors_info=&#8221;{}&#8221;][et_pb_text disabled_on=&#8221;off|off|off&#8221; _builder_version=&#8221;4.24.2&#8243; _module_preset=&#8221;default&#8221; text_font=&#8221;Outfit|300|||||||&#8221; text_text_color=&#8221;#0C71C3&#8243; text_font_size=&#8221;15px&#8221; text_letter_spacing=&#8221;4px&#8221; custom_margin=&#8221;||15px||false|false&#8221; custom_padding=&#8221;5px||5px||false|false&#8221; locked=&#8221;off&#8221; global_colors_info=&#8221;{}&#8221;]<\/p>\n<p class=\"our-services-link\"><a href=\"\/bs\/cookie-policy\/\">Politika o kola\u010di\u0107ima<\/a><\/p>\n<p>[\/et_pb_text][\/et_pb_column][\/et_pb_row][\/et_pb_section]<\/p>","protected":false},"excerpt":{"rendered":"<p>&nbsp; Cookies and How We Use Them In our Cookie Policy, you&#8217;ll find information on how we use cookies on our website. What are cookies and how do they work? Cookies are small text files that a website sends to and saves on your device. Cookies are saved in the file directory of your web [&hellip;]<\/p>","protected":false},"author":1,"featured_media":0,"parent":0,"menu_order":0,"comment_status":"closed","ping_status":"closed","template":"","meta":{"_et_pb_use_builder":"on","_et_pb_old_content":"","_et_gb_content_width":"","footnotes":""},"class_list":["post-1164","page","type-page","status-publish","hentry"],"_links":{"self":[{"href":"https:\/\/www.valicon.net\/bs\/wp-json\/wp\/v2\/pages\/1164","targetHints":{"allow":["GET"]}}],"collection":[{"href":"https:\/\/www.valicon.net\/bs\/wp-json\/wp\/v2\/pages"}],"about":[{"href":"https:\/\/www.valicon.net\/bs\/wp-json\/wp\/v2\/types\/page"}],"author":[{"embeddable":true,"href":"https:\/\/www.valicon.net\/bs\/wp-json\/wp\/v2\/users\/1"}],"replies":[{"embeddable":true,"href":"https:\/\/www.valicon.net\/bs\/wp-json\/wp\/v2\/comments?post=1164"}],"version-history":[{"count":0,"href":"https:\/\/www.valicon.net\/bs\/wp-json\/wp\/v2\/pages\/1164\/revisions"}],"wp:attachment":[{"href":"https:\/\/www.valicon.net\/bs\/wp-json\/wp\/v2\/media?parent=1164"}],"curies":[{"name":"wp","href":"https:\/\/api.w.org\/{rel}","templated":true}]}}